{"id":760200,"date":"2025-08-28T08:58:21","date_gmt":"2025-08-28T05:58:21","guid":{"rendered":"https:\/\/roveyayinevi.com.tr\/index.php\/urun\/cilgin-cadinin-sira-disi-aile-hayati-1\/"},"modified":"2026-04-16T03:13:05","modified_gmt":"2026-04-16T00:13:05","slug":"cilgin-cadinin-sira-disi-aile-hayati-1","status":"publish","type":"product","link":"https:\/\/roveyayinevi.com.tr\/index.php\/urun\/cilgin-cadinin-sira-disi-aile-hayati-1\/","title":{"rendered":"\u00c7\u0131lg\u0131n Cad\u0131n\u0131n S\u0131ra D\u0131\u015f\u0131 Aile Hayat\u0131 1"},"content":{"rendered":"<p>Ormanda ya\u015fayan cad\u0131 Alyssa, bir gu\u0308n bir insan yavrusu bulur. Kafas\u0131 allak bullak da olsa bebe\u011fe &#8220;Viola&#8221; ad\u0131n\u0131 vererek onu bu\u0308yu\u0308tmeye karar verir.   On alt\u0131 y\u0131l sonra Viola, Alyssa&#8217;y\u0131 \u00e7ok seven bir anne canavar\u0131na d\u00f6nu\u0308\u015fmu\u0308\u015ftu\u0308r. Ayr\u0131ca hayal edebilece\u011finizden daha \u00e7ok bu\u0308yu\u0308mu\u0308\u015ftu\u0308r. Ama bu kadar bu\u0308yu\u0308mek de fazla!   G\u00f6ru\u0308nu\u0308\u015fleri birbirinin tam tersi olan cad\u0131 ve k\u0131z\u0131n\u0131n i\u00e7inizi \u0131s\u0131tacak komedisi birinci cildiyle kar\u015f\u0131n\u0131zda! <\/p>\n","protected":false},"excerpt":{"rendered":"<p>Ormanda ya\u015fayan cad\u0131 Alyssa, bir gu\u0308n bir insan yavrusu bulur. Kafas\u0131 allak bullak da olsa bebe\u011fe &#8220;Viola&#8221; ad\u0131n\u0131 vererek onu bu\u0308yu\u0308tmeye karar verir. On alt\u0131 y\u0131l<span class=\"excerpt-hellip\"> [\u2026]<\/span><\/p>\n","protected":false},"featured_media":0,"template":"","meta":{"_monsterinsights_skip_tracking":false,"_monsterinsights_sitenote_active":false,"_monsterinsights_sitenote_note":"","_monsterinsights_sitenote_category":0},"product_brand":[],"product_cat":[12416,12291],"product_tag":[],"class_list":{"0":"post-760200","1":"product","2":"type-product","3":"status-publish","5":"product_cat-cizgi-roman","6":"product_cat-edebiyat","7":"pa_cilt-ciltsiz","8":"pa_tur-kitap","9":"pa_yayinevi-athica-yayinlari","10":"pa_yazar-piroya","12":"first","13":"instock","14":"sale","15":"shipping-taxable","16":"purchasable","17":"product-type-simple"},"_links":{"self":[{"href":"https:\/\/roveyayinevi.com.tr\/index.php\/wp-json\/wp\/v2\/product\/760200","targetHints":{"allow":["GET"]}}],"collection":[{"href":"https:\/\/roveyayinevi.com.tr\/index.php\/wp-json\/wp\/v2\/product"}],"about":[{"href":"https:\/\/roveyayinevi.com.tr\/index.php\/wp-json\/wp\/v2\/types\/product"}],"wp:attachment":[{"href":"https:\/\/roveyayinevi.com.tr\/index.php\/wp-json\/wp\/v2\/media?parent=760200"}],"wp:term":[{"taxonomy":"product_brand","embeddable":true,"href":"https:\/\/roveyayinevi.com.tr\/index.php\/wp-json\/wp\/v2\/product_brand?post=760200"},{"taxonomy":"product_cat","embeddable":true,"href":"https:\/\/roveyayinevi.com.tr\/index.php\/wp-json\/wp\/v2\/product_cat?post=760200"},{"taxonomy":"product_tag","embeddable":true,"href":"https:\/\/roveyayinevi.com.tr\/index.php\/wp-json\/wp\/v2\/product_tag?post=760200"}],"curies":[{"name":"wp","href":"https:\/\/api.w.org\/{rel}","templated":true}]}}