{"id":760199,"date":"2025-08-28T08:58:19","date_gmt":"2025-08-28T05:58:19","guid":{"rendered":"https:\/\/roveyayinevi.com.tr\/index.php\/urun\/invincible-2\/"},"modified":"2026-04-16T03:13:05","modified_gmt":"2026-04-16T00:13:05","slug":"invincible-2","status":"publish","type":"product","link":"https:\/\/roveyayinevi.com.tr\/index.php\/urun\/invincible-2\/","title":{"rendered":"Invincible 2"},"content":{"rendered":"<p>KIZLAR S\u0130V\u0130LCELER \u00d6DEVLER S\u00dcPER K\u00d6T\u00dcLER   Ergenken yenilmez olmak \u00e7ok i\u015fe yarar. Mark Grayson, nam\u0131 di\u011fer Invincible\u2019\u0131n yani du\u0308nyan\u0131n en gu\u0308\u00e7lu\u0308 adam\u0131 Omni-Man\u2019in o\u011flunun ve ailesinin maceralar\u0131 devam ediyor. Kolejler, akran bask\u0131lar\u0131, okul sonras\u0131 gidilen i\u015fler ve de\u011ferlendirme s\u0131navlar\u0131&#8230; Mark, ara s\u0131ra bu ergenli\u011fin yaratt\u0131\u011f\u0131 bask\u0131lardan bunal\u0131yor ve az\u0131c\u0131k nefes al\u0131p du\u0308nyay\u0131 kurtarmas\u0131 gerekti\u011fini du\u0308\u015fu\u0308nu\u0308yor<\/p>\n","protected":false},"excerpt":{"rendered":"<p>KIZLAR S\u0130V\u0130LCELER \u00d6DEVLER S\u00dcPER K\u00d6T\u00dcLER Ergenken yenilmez olmak \u00e7ok i\u015fe yarar. Mark Grayson, nam\u0131 di\u011fer Invincible\u2019\u0131n yani du\u0308nyan\u0131n en gu\u0308\u00e7lu\u0308 adam\u0131 Omni-Man\u2019in o\u011flunun ve ailesinin maceralar\u0131<span class=\"excerpt-hellip\"> [\u2026]<\/span><\/p>\n","protected":false},"featured_media":0,"template":"","meta":{"_monsterinsights_skip_tracking":false,"_monsterinsights_sitenote_active":false,"_monsterinsights_sitenote_note":"","_monsterinsights_sitenote_category":0},"product_brand":[],"product_cat":[12416,12291],"product_tag":[],"class_list":{"0":"post-760199","1":"product","2":"type-product","3":"status-publish","5":"product_cat-cizgi-roman","6":"product_cat-edebiyat","7":"pa_cilt-ciltsiz","8":"pa_tur-kitap","9":"pa_yayinevi-athica-yayinlari","10":"pa_yazar-robert-kirkman","12":"first","13":"instock","14":"sale","15":"shipping-taxable","16":"purchasable","17":"product-type-simple"},"_links":{"self":[{"href":"https:\/\/roveyayinevi.com.tr\/index.php\/wp-json\/wp\/v2\/product\/760199","targetHints":{"allow":["GET"]}}],"collection":[{"href":"https:\/\/roveyayinevi.com.tr\/index.php\/wp-json\/wp\/v2\/product"}],"about":[{"href":"https:\/\/roveyayinevi.com.tr\/index.php\/wp-json\/wp\/v2\/types\/product"}],"wp:attachment":[{"href":"https:\/\/roveyayinevi.com.tr\/index.php\/wp-json\/wp\/v2\/media?parent=760199"}],"wp:term":[{"taxonomy":"product_brand","embeddable":true,"href":"https:\/\/roveyayinevi.com.tr\/index.php\/wp-json\/wp\/v2\/product_brand?post=760199"},{"taxonomy":"product_cat","embeddable":true,"href":"https:\/\/roveyayinevi.com.tr\/index.php\/wp-json\/wp\/v2\/product_cat?post=760199"},{"taxonomy":"product_tag","embeddable":true,"href":"https:\/\/roveyayinevi.com.tr\/index.php\/wp-json\/wp\/v2\/product_tag?post=760199"}],"curies":[{"name":"wp","href":"https:\/\/api.w.org\/{rel}","templated":true}]}}