{"id":760198,"date":"2025-08-28T08:58:17","date_gmt":"2025-08-28T05:58:17","guid":{"rendered":"https:\/\/roveyayinevi.com.tr\/index.php\/urun\/kazandiran-hamleler-kaybettiren-hatalar\/"},"modified":"2026-04-16T03:13:05","modified_gmt":"2026-04-16T00:13:05","slug":"kazandiran-hamleler-kaybettiren-hatalar","status":"publish","type":"product","link":"https:\/\/roveyayinevi.com.tr\/index.php\/urun\/kazandiran-hamleler-kaybettiren-hatalar\/","title":{"rendered":"Kazand\u0131ran Hamleler, Kaybettiren Hatalar"},"content":{"rendered":"<p>Oyun teorisi uzun zamand\u0131r sosyal bilimcilerin ve merakl\u0131lar\u0131n ilgisini \u00e7ekiyor. Kimileri taraf\u0131ndan, g\u00fcn ge\u00e7tik\u00e7e karma\u015f\u0131kla\u015fan insan d\u00fcnyas\u0131n\u0131 anlaman\u0131n anahtar\u0131 ve sosyal bilimlerin kutsal k\u00e2sesi say\u0131l\u0131rken, ba\u015fkalar\u0131 onu d\u00fcnyay\u0131 zorla matemati\u011fe s\u0131\u011fd\u0131rman\u0131n g\u00f6steri\u015fli bir yolu olarak g\u00f6r\u00fcyor. Rekabeti, \u00e7at\u0131\u015fmay\u0131, i\u015fbirli\u011fini anlamak ve bu anlay\u0131\u015f\u0131 kendi avantaj\u0131na d\u00f6n\u00fc\u015ft\u00fcrmek herkese cazip geliyor ama oyun teorisinin ufak bir \u201ckusuru\u201d var: Ard\u0131nda yatan mant\u0131k ve matemati\u011fi anlamak zaman zaman g\u00fc\u00e7 olabiliyor ve bu durum onu bir gizem perdesinin ard\u0131nda, uzman olmayanlardan uzak tutuyor. Ig Nobel \u00d6d\u00fcl\u00fc sahibi fizik\u00e7i ve yazar Len Fisher\u2019a g\u00f6reyse bu b\u00f6yle olmak zorunda de\u011fil \u00e7\u00fcnk\u00fc hayat oyun teorisinin ta kendisi! Karde\u015flerin bir keki aralar\u0131nda payla\u015fmalar\u0131ndan, ev i\u015flerinin b\u00f6l\u00fc\u015f\u00fclmesine, \u00e7iftlerin birbirini \u201cidare etmesinden\u201d, kald\u0131r\u0131mda yol verme kavgas\u0131na, sava\u015f \u00e7\u0131karmaktan bar\u0131\u015f antla\u015fmalar\u0131 imzalamaya kadar neredeyse her yerde yal\u0131n ve b\u00fcy\u00fcleyici bir mant\u0131k i\u015fba\u015f\u0131nda ve bu mant\u0131\u011f\u0131 \u00f6\u011frenmek asl\u0131nda \u00e7ok kolay. Bu kitap oyun teorisinin ne oldu\u011funu, temel kavramlar\u0131n\u0131, amac\u0131n\u0131 ve onu hayat\u0131m\u0131z\u0131 iyile\u015ftirmek i\u00e7in nas\u0131l kullanabilece\u011fimizi, Fisher\u2019\u0131n kendi hayat\u0131ndan da bazen g\u00fcl\u00fcn\u00e7, bazen \u015fa\u015f\u0131rt\u0131c\u0131 \u00f6rneklerle sade, mizahi ve e\u011flenceli bir dille anlat\u0131yor. Bilimsel bir bak\u0131\u015fla hayat\u0131n\u0131z\u0131n dizginlerini elinize alman\u0131za izin verecek ipu\u00e7lar\u0131 sunuyor.<\/p>\n","protected":false},"excerpt":{"rendered":"<p>Oyun teorisi uzun zamand\u0131r sosyal bilimcilerin ve merakl\u0131lar\u0131n ilgisini \u00e7ekiyor. Kimileri taraf\u0131ndan, g\u00fcn ge\u00e7tik\u00e7e karma\u015f\u0131kla\u015fan insan d\u00fcnyas\u0131n\u0131 anlaman\u0131n anahtar\u0131 ve sosyal bilimlerin kutsal k\u00e2sesi say\u0131l\u0131rken, ba\u015fkalar\u0131<span class=\"excerpt-hellip\"> [\u2026]<\/span><\/p>\n","protected":false},"featured_media":0,"template":"","meta":{"_monsterinsights_skip_tracking":false,"_monsterinsights_sitenote_active":false,"_monsterinsights_sitenote_note":"","_monsterinsights_sitenote_category":0},"product_brand":[],"product_cat":[13005],"product_tag":[],"class_list":{"0":"post-760198","1":"product","2":"type-product","3":"status-publish","5":"product_cat-bilim-muhendislik","6":"pa_cilt-ciltsiz","7":"pa_tur-kitap","8":"pa_yayinevi-fol-kitap","9":"pa_yazar-len-fisher","11":"first","12":"instock","13":"sale","14":"shipping-taxable","15":"purchasable","16":"product-type-simple"},"_links":{"self":[{"href":"https:\/\/roveyayinevi.com.tr\/index.php\/wp-json\/wp\/v2\/product\/760198","targetHints":{"allow":["GET"]}}],"collection":[{"href":"https:\/\/roveyayinevi.com.tr\/index.php\/wp-json\/wp\/v2\/product"}],"about":[{"href":"https:\/\/roveyayinevi.com.tr\/index.php\/wp-json\/wp\/v2\/types\/product"}],"wp:attachment":[{"href":"https:\/\/roveyayinevi.com.tr\/index.php\/wp-json\/wp\/v2\/media?parent=760198"}],"wp:term":[{"taxonomy":"product_brand","embeddable":true,"href":"https:\/\/roveyayinevi.com.tr\/index.php\/wp-json\/wp\/v2\/product_brand?post=760198"},{"taxonomy":"product_cat","embeddable":true,"href":"https:\/\/roveyayinevi.com.tr\/index.php\/wp-json\/wp\/v2\/product_cat?post=760198"},{"taxonomy":"product_tag","embeddable":true,"href":"https:\/\/roveyayinevi.com.tr\/index.php\/wp-json\/wp\/v2\/product_tag?post=760198"}],"curies":[{"name":"wp","href":"https:\/\/api.w.org\/{rel}","templated":true}]}}