{"id":760197,"date":"2025-08-28T08:58:16","date_gmt":"2025-08-28T05:58:16","guid":{"rendered":"https:\/\/roveyayinevi.com.tr\/index.php\/urun\/lavrentiyev-kronigi-1-cilt\/"},"modified":"2026-04-16T03:13:05","modified_gmt":"2026-04-16T00:13:05","slug":"lavrentiyev-kronigi-1-cilt","status":"publish","type":"product","link":"https:\/\/roveyayinevi.com.tr\/index.php\/urun\/lavrentiyev-kronigi-1-cilt\/","title":{"rendered":"Lavrentiyev Kroni\u011fi 1.Cilt"},"content":{"rendered":"<p>\u201cBir halk\u0131n tarihi, onun Yaradan\u2019\u0131 ararken kat etti\u011fi yolun tarihidir. Bu yol, \u00f6yle bir yoldur ki halklar, bu s\u00fcre\u00e7te pek \u00e7ok imtihandan ge\u00e7er: yabanc\u0131 kabilelerin istilalar\u0131, esaret, vadedilmi\u015f topraklar\u0131n pe\u015finde oradan oraya s\u00fcrg\u00fcn hayat\u0131, t\u00fcrl\u00fc t\u00fcrl\u00fc g\u00fcnahlar, yoldan \u00e7\u0131kmalar, adaletsiz ve sapk\u0131n h\u00fck\u00fcmdarlardan \u00e7ekilen eziyet ve cefa\u2026 Fakat nihayetinde bu halk e\u011fer salih bir halk ise o zaman, Yarat\u0131c\u0131 ile konu\u015fabilece\u011fi kendine m\u00fcnhas\u0131r dilini, kendisine \u2018vadedilmi\u015f toprak\u2019lar\u0131n\u0131 teslim almak ve Yarat\u0131c\u0131 ile yeni bir \u2018ahit\u2019 yapmak \u015ferefine nail olabilecektir.\u201d Elinizdeki kitap, Kiev\u2019de 1110\u2019lu y\u0131llarda meydana getirildi\u011fi \u00e7a\u011fa kadarki Rus yurdunun t\u00fcm tarihini ve Do\u011fu Avrupa\u2019da \u201cRus\u201d kavminin ve Rus Devleti\u2019nin ne zaman ve tam olarak nas\u0131l meydana \u00e7\u0131kt\u0131\u011f\u0131n\u0131 y\u0131ll\u0131k kay\u0131tlar bi\u00e7iminde ortaya koyan ilk sistematik kroniktir. Lavrentiyev Kroni\u011fi\u2019nin yazar\u0131 eserini, yukar\u0131da al\u0131nt\u0131lad\u0131\u011f\u0131m\u0131z Kit\u00e2b-\u0131 Mukaddes\u2019te g\u00f6rd\u00fc\u011f\u00fc tasla\u011f\u0131 taklit ederek in\u015fa etmi\u015ftir. \u015e\u00f6yle ki eserde, Slavlar\u0131n, Nuh Peygamber\u2019in o\u011flu Yafes\u2019ten t\u00fcredikleri ilan edilmi\u015ftir. Putperest olduklar\u0131ndan, kader yolculuklar\u0131nda \u00e7e\u015fit \u00e7e\u015fit musibetler gelmi\u015ftir ba\u015flar\u0131na: Yabanc\u0131 kavimler-kabileler taraf\u0131ndan istila edilmi\u015flerdir. \u00c7o\u011fu zaman g\u00fcnah i\u00e7inde bir ya\u015fam s\u00fcrm\u00fc\u015flerdir. Ayaklanmalar ve i\u00e7 karga\u015fa ortam\u0131ndan \u00f6t\u00fcr\u00fc huzur y\u00fcz\u00fc g\u00f6rmemi\u015flerdir\u2026 Fakat Slavlar, sonras\u0131nda havarilere denk g\u00f6recekleri Kirill ve Methodius\u2019un sayesinde, Yarat\u0131c\u0131 ile konu\u015fabilecekleri kendilerine has dillerini edinebilmi\u015flerdir. Geriye ise \u201cvadedilmi\u015f toprak\u201dm\u0131\u015f\u00e7as\u0131na Rus yurdunun sahibi olmak, onu ba\u015ftan a\u015fa\u011f\u0131 fethetmek ve yery\u00fcz\u00fcnde yay\u0131lm\u0131\u015f olan kavimlerin en y\u00fcce gayesi olan \u201cYarat\u0131c\u0131\u2019n\u0131n kavmi olmak\u201d mefkuresine eri\u015fmek kalm\u0131\u015ft\u0131r. \u0130\u015fte t\u00fcm bu hik\u00e2yeyi ihtiva eden ve ilk Rus kroni\u011fi olarak nitelendirebilece\u011fimiz bu eser olmaks\u0131z\u0131n, Rus tarihini kavramak i\u00e7in verilen her u\u011fra\u015f eksik kalacak ve en nihayetinde \u201cRus yurdunun tarihi nereden ba\u015flam\u0131\u015ft\u0131r?\u201d sualinin pe\u015fine d\u00fc\u015femeyecek ve dahas\u0131, bu suale bir cevap veremeyecektik. <\/p>\n","protected":false},"excerpt":{"rendered":"<p>\u201cBir halk\u0131n tarihi, onun Yaradan\u2019\u0131 ararken kat etti\u011fi yolun tarihidir. Bu yol, \u00f6yle bir yoldur ki halklar, bu s\u00fcre\u00e7te pek \u00e7ok imtihandan ge\u00e7er: yabanc\u0131 kabilelerin istilalar\u0131,<span class=\"excerpt-hellip\"> [\u2026]<\/span><\/p>\n","protected":false},"featured_media":0,"template":"","meta":{"_monsterinsights_skip_tracking":false,"_monsterinsights_sitenote_active":false,"_monsterinsights_sitenote_note":"","_monsterinsights_sitenote_category":0},"product_brand":[],"product_cat":[12370,12304],"product_tag":[],"class_list":{"0":"post-760197","1":"product","2":"type-product","3":"status-publish","5":"product_cat-arastirma-inceleme","6":"product_cat-tarih","7":"pa_cilt-ciltsiz","8":"pa_tur-kitap","9":"pa_yayinevi-vakifbank-kultur-yayinlari","10":"pa_yazar-kesis-lavrentiyev","12":"first","13":"instock","14":"sale","15":"shipping-taxable","16":"purchasable","17":"product-type-simple"},"_links":{"self":[{"href":"https:\/\/roveyayinevi.com.tr\/index.php\/wp-json\/wp\/v2\/product\/760197","targetHints":{"allow":["GET"]}}],"collection":[{"href":"https:\/\/roveyayinevi.com.tr\/index.php\/wp-json\/wp\/v2\/product"}],"about":[{"href":"https:\/\/roveyayinevi.com.tr\/index.php\/wp-json\/wp\/v2\/types\/product"}],"wp:attachment":[{"href":"https:\/\/roveyayinevi.com.tr\/index.php\/wp-json\/wp\/v2\/media?parent=760197"}],"wp:term":[{"taxonomy":"product_brand","embeddable":true,"href":"https:\/\/roveyayinevi.com.tr\/index.php\/wp-json\/wp\/v2\/product_brand?post=760197"},{"taxonomy":"product_cat","embeddable":true,"href":"https:\/\/roveyayinevi.com.tr\/index.php\/wp-json\/wp\/v2\/product_cat?post=760197"},{"taxonomy":"product_tag","embeddable":true,"href":"https:\/\/roveyayinevi.com.tr\/index.php\/wp-json\/wp\/v2\/product_tag?post=760197"}],"curies":[{"name":"wp","href":"https:\/\/api.w.org\/{rel}","templated":true}]}}