{"id":760195,"date":"2025-08-28T08:58:13","date_gmt":"2025-08-28T05:58:13","guid":{"rendered":"https:\/\/roveyayinevi.com.tr\/index.php\/urun\/gecmis-gunler\/"},"modified":"2026-04-16T03:13:04","modified_gmt":"2026-04-16T00:13:04","slug":"gecmis-gunler","status":"publish","type":"product","link":"https:\/\/roveyayinevi.com.tr\/index.php\/urun\/gecmis-gunler\/","title":{"rendered":"Ge\u00e7mi\u015f G\u00fcnler"},"content":{"rendered":"<p>\u201cEv bo\u015fald\u0131, bu kedi de sokakta kald\u0131. Olan bitenin fark\u0131nda m\u0131d\u0131r dersiniz? Ac\u0131d\u0131r. Duvar \u00fcst\u00fcnde ne d\u00fc\u015f\u00fcn\u00fcyor? S\u00fcr\u00fcnecek! Bir ya\u011fmurlu gecede, tren yolu boyundaki bir hende\u011fin i\u00e7ine d\u00fc\u015f\u00fcp \u00f6lebilir. Sonra ya\u011fmurlar hende\u011fi doldurur. So\u011fuklar gelir, sular buz olur. Kedi kaskat\u0131 kal\u0131r. Ancak gelecek yaza \u00e7\u00fcr\u00fcmeye ba\u015flar, topra\u011fa kar\u0131\u015f\u0131r.\u201d  \u201cKedi\u201d\/ Memduh \u015eevket Esendal   Memduh \u015eevket Esendal\u2019\u0131n \u00f6yk\u00fclerinden meydana gelen bu se\u00e7kide ya\u015fam\u0131n anlam\u0131n\u0131 sorgulayan karakterlerin hik\u00e2yelerine tan\u0131kl\u0131k edeceksiniz. G\u00fcndelik ya\u015fam\u0131n en sade, en s\u0131radan anlar\u0131n\u0131n Esendal\u2019\u0131n kelimeleriyle nas\u0131l derinle\u015fti\u011fini fark edeceksiniz. Esendal\u2019\u0131n \u201chaylaz\u201d kalemi okurlar\u0131n\u0131 kimi zaman g\u00fcld\u00fcr\u00fcrken kimi zaman da ac\u0131 ama sessiz bir ger\u00e7eklikle d\u00fc\u015f\u00fcnmeye davet ediyor.  \u0130nsan ili\u015fkilerinin karma\u015f\u0131kl\u0131\u011f\u0131n\u0131, insan duygular\u0131ndaki da\u011f\u0131lma ve \u00e7\u00f6z\u00fclmenin foto\u011fraf\u0131n\u0131 \u00e7eken bu \u00f6yk\u00fcler Vak\u0131fBank K\u00fclt\u00fcr Yay\u0131nlar\u0131 etiketiyle sizlerle&#8230; <\/p>\n","protected":false},"excerpt":{"rendered":"<p>\u201cEv bo\u015fald\u0131, bu kedi de sokakta kald\u0131. Olan bitenin fark\u0131nda m\u0131d\u0131r dersiniz? Ac\u0131d\u0131r. Duvar \u00fcst\u00fcnde ne d\u00fc\u015f\u00fcn\u00fcyor? S\u00fcr\u00fcnecek! Bir ya\u011fmurlu gecede, tren yolu boyundaki bir hende\u011fin<span class=\"excerpt-hellip\"> [\u2026]<\/span><\/p>\n","protected":false},"featured_media":0,"template":"","meta":{"_monsterinsights_skip_tracking":false,"_monsterinsights_sitenote_active":false,"_monsterinsights_sitenote_note":"","_monsterinsights_sitenote_category":0},"product_brand":[],"product_cat":[12291,12711],"product_tag":[],"class_list":{"0":"post-760195","1":"product","2":"type-product","3":"status-publish","5":"product_cat-edebiyat","6":"product_cat-roman-oyku","7":"pa_cilt-ciltsiz","8":"pa_tur-kitap","9":"pa_yayinevi-vakifbank-kultur-yayinlari","10":"pa_yazar-memduh-sevket-esendal","12":"first","13":"instock","14":"sale","15":"shipping-taxable","16":"purchasable","17":"product-type-simple"},"_links":{"self":[{"href":"https:\/\/roveyayinevi.com.tr\/index.php\/wp-json\/wp\/v2\/product\/760195","targetHints":{"allow":["GET"]}}],"collection":[{"href":"https:\/\/roveyayinevi.com.tr\/index.php\/wp-json\/wp\/v2\/product"}],"about":[{"href":"https:\/\/roveyayinevi.com.tr\/index.php\/wp-json\/wp\/v2\/types\/product"}],"wp:attachment":[{"href":"https:\/\/roveyayinevi.com.tr\/index.php\/wp-json\/wp\/v2\/media?parent=760195"}],"wp:term":[{"taxonomy":"product_brand","embeddable":true,"href":"https:\/\/roveyayinevi.com.tr\/index.php\/wp-json\/wp\/v2\/product_brand?post=760195"},{"taxonomy":"product_cat","embeddable":true,"href":"https:\/\/roveyayinevi.com.tr\/index.php\/wp-json\/wp\/v2\/product_cat?post=760195"},{"taxonomy":"product_tag","embeddable":true,"href":"https:\/\/roveyayinevi.com.tr\/index.php\/wp-json\/wp\/v2\/product_tag?post=760195"}],"curies":[{"name":"wp","href":"https:\/\/api.w.org\/{rel}","templated":true}]}}