{"id":760194,"date":"2025-08-28T08:58:11","date_gmt":"2025-08-28T05:58:11","guid":{"rendered":"https:\/\/roveyayinevi.com.tr\/index.php\/urun\/alfabemiz-renkli-kalem-boyama\/"},"modified":"2026-04-16T03:13:04","modified_gmt":"2026-04-16T00:13:04","slug":"alfabemiz-renkli-kalem-boyama","status":"publish","type":"product","link":"https:\/\/roveyayinevi.com.tr\/index.php\/urun\/alfabemiz-renkli-kalem-boyama\/","title":{"rendered":"Alfabemiz &#8211;  Renkli Kalem Boyama"},"content":{"rendered":"<p>\u00c7ocuklar\u0131n ince motor kas geli\u015fimi yan\u0131nda, g\u00f6rsel zek\u00e2 geli\u015fimine de katk\u0131 sa\u011flar. Harf g\u00f6r- selleri ile okuma yazma \u00f6ncesi haz\u0131rl\u0131k yapm\u0131\u015f olur. Hem e\u011flence hem \u00f6\u011frenmece bir arada! <\/p>\n","protected":false},"excerpt":{"rendered":"<p>\u00c7ocuklar\u0131n ince motor kas geli\u015fimi yan\u0131nda, g\u00f6rsel zek\u00e2 geli\u015fimine de katk\u0131 sa\u011flar. Harf g\u00f6r- selleri ile okuma yazma \u00f6ncesi haz\u0131rl\u0131k yapm\u0131\u015f olur. Hem e\u011flence hem \u00f6\u011frenmece<span class=\"excerpt-hellip\"> [\u2026]<\/span><\/p>\n","protected":false},"featured_media":0,"template":"","meta":{"_monsterinsights_skip_tracking":false,"_monsterinsights_sitenote_active":false,"_monsterinsights_sitenote_note":"","_monsterinsights_sitenote_category":0},"product_brand":[],"product_cat":[12644,12274],"product_tag":[],"class_list":{"0":"post-760194","1":"product","2":"type-product","3":"status-publish","5":"product_cat-boyama-kitaplari","6":"product_cat-cocuk-ve-genclik-kitaplari","7":"pa_cilt-ciltsiz","8":"pa_tur-kitap","9":"pa_yayinevi-yagmur-cocuk-yayinlari","10":"pa_yazar-kolektif","12":"first","13":"instock","14":"sale","15":"shipping-taxable","16":"purchasable","17":"product-type-simple"},"_links":{"self":[{"href":"https:\/\/roveyayinevi.com.tr\/index.php\/wp-json\/wp\/v2\/product\/760194","targetHints":{"allow":["GET"]}}],"collection":[{"href":"https:\/\/roveyayinevi.com.tr\/index.php\/wp-json\/wp\/v2\/product"}],"about":[{"href":"https:\/\/roveyayinevi.com.tr\/index.php\/wp-json\/wp\/v2\/types\/product"}],"wp:attachment":[{"href":"https:\/\/roveyayinevi.com.tr\/index.php\/wp-json\/wp\/v2\/media?parent=760194"}],"wp:term":[{"taxonomy":"product_brand","embeddable":true,"href":"https:\/\/roveyayinevi.com.tr\/index.php\/wp-json\/wp\/v2\/product_brand?post=760194"},{"taxonomy":"product_cat","embeddable":true,"href":"https:\/\/roveyayinevi.com.tr\/index.php\/wp-json\/wp\/v2\/product_cat?post=760194"},{"taxonomy":"product_tag","embeddable":true,"href":"https:\/\/roveyayinevi.com.tr\/index.php\/wp-json\/wp\/v2\/product_tag?post=760194"}],"curies":[{"name":"wp","href":"https:\/\/api.w.org\/{rel}","templated":true}]}}