{"id":760192,"date":"2025-08-28T08:58:08","date_gmt":"2025-08-28T05:58:08","guid":{"rendered":"https:\/\/roveyayinevi.com.tr\/index.php\/urun\/sebzeler-ve-meyveler-renkli-kalem-boyama\/"},"modified":"2026-04-16T03:13:04","modified_gmt":"2026-04-16T00:13:04","slug":"sebzeler-ve-meyveler-renkli-kalem-boyama","status":"publish","type":"product","link":"https:\/\/roveyayinevi.com.tr\/index.php\/urun\/sebzeler-ve-meyveler-renkli-kalem-boyama\/","title":{"rendered":"Sebzeler ve Meyveler &#8211; Renkli Kalem Boyama"},"content":{"rendered":"<p>\u00c7ocuklar\u0131n ince motor kas geli\u015fimi yan\u0131nda, g\u00f6rsel zek\u00e2 geli\u015fimine de katk\u0131 sa\u011flar. Sebze ve meyve g\u00f6rselleri ile ayr\u0131nt\u0131l\u0131 g\u00f6zlem yetene\u011fi yan\u0131nda sebze ve meyve aras\u0131ndaki fark\u0131 ay\u0131rt eder. Hem e\u011flence hem \u00f6\u011frenmece bir arada! <\/p>\n","protected":false},"excerpt":{"rendered":"<p>\u00c7ocuklar\u0131n ince motor kas geli\u015fimi yan\u0131nda, g\u00f6rsel zek\u00e2 geli\u015fimine de katk\u0131 sa\u011flar. Sebze ve meyve g\u00f6rselleri ile ayr\u0131nt\u0131l\u0131 g\u00f6zlem yetene\u011fi yan\u0131nda sebze ve meyve aras\u0131ndaki fark\u0131<span class=\"excerpt-hellip\"> [\u2026]<\/span><\/p>\n","protected":false},"featured_media":0,"template":"","meta":{"_monsterinsights_skip_tracking":false,"_monsterinsights_sitenote_active":false,"_monsterinsights_sitenote_note":"","_monsterinsights_sitenote_category":0},"product_brand":[],"product_cat":[12644,12274],"product_tag":[],"class_list":{"0":"post-760192","1":"product","2":"type-product","3":"status-publish","5":"product_cat-boyama-kitaplari","6":"product_cat-cocuk-ve-genclik-kitaplari","7":"pa_cilt-ciltsiz","8":"pa_tur-kitap","9":"pa_yayinevi-yagmur-cocuk-yayinlari","10":"pa_yazar-kolektif","12":"first","13":"instock","14":"sale","15":"shipping-taxable","16":"purchasable","17":"product-type-simple"},"_links":{"self":[{"href":"https:\/\/roveyayinevi.com.tr\/index.php\/wp-json\/wp\/v2\/product\/760192","targetHints":{"allow":["GET"]}}],"collection":[{"href":"https:\/\/roveyayinevi.com.tr\/index.php\/wp-json\/wp\/v2\/product"}],"about":[{"href":"https:\/\/roveyayinevi.com.tr\/index.php\/wp-json\/wp\/v2\/types\/product"}],"wp:attachment":[{"href":"https:\/\/roveyayinevi.com.tr\/index.php\/wp-json\/wp\/v2\/media?parent=760192"}],"wp:term":[{"taxonomy":"product_brand","embeddable":true,"href":"https:\/\/roveyayinevi.com.tr\/index.php\/wp-json\/wp\/v2\/product_brand?post=760192"},{"taxonomy":"product_cat","embeddable":true,"href":"https:\/\/roveyayinevi.com.tr\/index.php\/wp-json\/wp\/v2\/product_cat?post=760192"},{"taxonomy":"product_tag","embeddable":true,"href":"https:\/\/roveyayinevi.com.tr\/index.php\/wp-json\/wp\/v2\/product_tag?post=760192"}],"curies":[{"name":"wp","href":"https:\/\/api.w.org\/{rel}","templated":true}]}}