{"id":760190,"date":"2025-08-28T08:58:05","date_gmt":"2025-08-28T05:58:05","guid":{"rendered":"https:\/\/roveyayinevi.com.tr\/index.php\/urun\/vamana-purana\/"},"modified":"2026-04-16T03:13:04","modified_gmt":"2026-04-16T00:13:04","slug":"vamana-purana","status":"publish","type":"product","link":"https:\/\/roveyayinevi.com.tr\/index.php\/urun\/vamana-purana\/","title":{"rendered":"Vamana Purana"},"content":{"rendered":"<p>G\u00fc\u00e7l\u00fc din\u00ee meditasyon, dans, enstr\u00fcmantal m\u00fczik, oru\u00e7, tanr\u0131\u00e7a bilgisi Gandharvalar\u0131n dininin \u00f6zellikleridir. Bilginin en iyisine sahip olma, e\u015fsiz d\u00fcnya deneyimi, kahramanl\u0131k inanc\u0131, Bhav\u0101n\u012b\u2019ye adanma Vidhy\u0101dharalar\u0131n dininin \u00f6zellikleridir. Bilim, m\u00fczik sanat\u0131, S\u016brya\u2019ya adanma, \u00e7e\u015fitli sanat becerilerine sahip olmak, dinin kurallar\u0131na uymak, R\u012bshilerin dininin gereklilikleri olarak bilinir. Vedalar\u0131 ezberden okumak, hay\u0131rseverlik, ibadet, iyilik, \u015fiddetten uzak durma, affedici olmak, duygular\u0131 kontrol etmek, \u015eankara\u2019ya ibadet etmek, sinirli olmamak Yaksalar\u0131n dininin g\u00f6stergesidir.Klasik Hint-Sanskrit Edebiyat\u0131\u2019n\u0131, belirli bir s\u0131n\u0131r i\u00e7erisinde sunmaya \u00e7al\u0131\u015fmak neredeyse olanaks\u0131zd\u0131r. Sanskrit diline dayanan bu edebiyat\u0131n u\u00e7suz bucaks\u0131z derinli\u011finde insano\u011flu, kendi tarihinin b\u00fct\u00fcn deneyimlerini, tatlar\u0131n\u0131 ve renklerini bulabilir. Hindistan\u2019\u0131n \u00f6nemli k\u00fclt\u00fcr kaynaklar\u0131 aras\u0131nda yer alan Pur\u0101nalar, Vishnu ve \u015eiva inan\u00e7lar\u0131n\u0131 yayan Klasik Hint Edebiyat\u0131\u2019n\u0131n m\u00fchim eserleri aras\u0131nda yer almaktad\u0131r. V\u0101mana Pur\u0101na, Hindu tanr\u0131 \u00fc\u00e7lemesini olu\u015fturan tanr\u0131 Brahma, Vishnu ve \u015eiva\u2019y\u0131 anlatan ya da \u00f6ven efsanelerden olu\u015fmaktad\u0131r. Ayr\u0131ca dinsel olgunlu\u011fa ula\u015fmak ya da s\u00f6z konusu tanr\u0131lar\u0131n merhametini kazanabilmek, l\u00fctuflar\u0131na sahip olabilmek i\u00e7in yap\u0131lmas\u0131 gerekenlerin anlat\u0131ld\u0131\u011f\u0131, g\u00f6rece anla\u015f\u0131lmas\u0131 g\u00fc\u00e7 bir eserdir. Eserde; dinsel kavramlar, cehennem betimlemeleri, krallar ya da hanedan \u00fcyelerinin hik\u00e2yeleri, \u00f6\u011f\u00fct verici bir \u00fcslupla anlat\u0131lm\u0131\u015ft\u0131r. Tarihi y\u00fczlerce y\u0131l \u00f6ncesine giden V\u0101mana Pur\u0101na, de\u011findi\u011fi konular ve b\u00fcy\u00fcleyici efsaneleriyle Hint halk\u0131n\u0131n k\u00fclt\u00fcrel hareketlili\u011fi ve Hindu inanc\u0131n geleneklerini ve \u00f6\u011fretilerini yans\u0131tan, keyifle okuyaca\u011f\u0131n\u0131z bir klasik. <\/p>\n","protected":false},"excerpt":{"rendered":"<p>G\u00fc\u00e7l\u00fc din\u00ee meditasyon, dans, enstr\u00fcmantal m\u00fczik, oru\u00e7, tanr\u0131\u00e7a bilgisi Gandharvalar\u0131n dininin \u00f6zellikleridir. Bilginin en iyisine sahip olma, e\u015fsiz d\u00fcnya deneyimi, kahramanl\u0131k inanc\u0131, Bhav\u0101n\u012b\u2019ye adanma Vidhy\u0101dharalar\u0131n dininin<span class=\"excerpt-hellip\"> [\u2026]<\/span><\/p>\n","protected":false},"featured_media":0,"template":"","meta":{"_monsterinsights_skip_tracking":false,"_monsterinsights_sitenote_active":false,"_monsterinsights_sitenote_note":"","_monsterinsights_sitenote_category":0},"product_brand":[],"product_cat":[12718,12858],"product_tag":[],"class_list":{"0":"post-760190","1":"product","2":"type-product","3":"status-publish","5":"product_cat-din","6":"product_cat-mitolojiler","7":"pa_cilt-ciltsiz","8":"pa_tur-kitap","9":"pa_yayinevi-vakifbank-kultur-yayinlari","10":"pa_yazar-kolektif","12":"first","13":"instock","14":"sale","15":"shipping-taxable","16":"purchasable","17":"product-type-simple"},"_links":{"self":[{"href":"https:\/\/roveyayinevi.com.tr\/index.php\/wp-json\/wp\/v2\/product\/760190","targetHints":{"allow":["GET"]}}],"collection":[{"href":"https:\/\/roveyayinevi.com.tr\/index.php\/wp-json\/wp\/v2\/product"}],"about":[{"href":"https:\/\/roveyayinevi.com.tr\/index.php\/wp-json\/wp\/v2\/types\/product"}],"wp:attachment":[{"href":"https:\/\/roveyayinevi.com.tr\/index.php\/wp-json\/wp\/v2\/media?parent=760190"}],"wp:term":[{"taxonomy":"product_brand","embeddable":true,"href":"https:\/\/roveyayinevi.com.tr\/index.php\/wp-json\/wp\/v2\/product_brand?post=760190"},{"taxonomy":"product_cat","embeddable":true,"href":"https:\/\/roveyayinevi.com.tr\/index.php\/wp-json\/wp\/v2\/product_cat?post=760190"},{"taxonomy":"product_tag","embeddable":true,"href":"https:\/\/roveyayinevi.com.tr\/index.php\/wp-json\/wp\/v2\/product_tag?post=760190"}],"curies":[{"name":"wp","href":"https:\/\/api.w.org\/{rel}","templated":true}]}}