{"id":760189,"date":"2025-08-28T08:58:03","date_gmt":"2025-08-28T05:58:03","guid":{"rendered":"https:\/\/roveyayinevi.com.tr\/index.php\/urun\/karakter-edebiyat-calismalarinda-uc-sorusturma\/"},"modified":"2026-04-16T03:13:04","modified_gmt":"2026-04-16T00:13:04","slug":"karakter-edebiyat-calismalarinda-uc-sorusturma","status":"publish","type":"product","link":"https:\/\/roveyayinevi.com.tr\/index.php\/urun\/karakter-edebiyat-calismalarinda-uc-sorusturma\/","title":{"rendered":"Karakter &#8211; Edebiyat \u00c7al\u0131\u015fmalar\u0131nda \u00dc\u00e7 Soru\u015fturma"},"content":{"rendered":"<p>\u201cBir\u00e7o\u011fumuz bir roman ya da filmdeki bir karakterle aram\u0131zda bir ba\u011f hissetmi\u015fizdir: ya ona bir yak\u0131nl\u0131k duyar\u0131z ya da onunla ayn\u0131 tepkiyi veririz. Bu ba\u011f\u0131, onunla \u00f6zde\u015fle\u015fti\u011fimizi s\u00f6yleyerek a\u00e7\u0131klar\u0131z. Peki ama tam olarak nas\u0131l ba\u011flan\u0131yoruz? Ne t\u00fcr ba\u011flar kuruluyor? Ele\u015ftirmenler, genellikle \u00f6zde\u015fle\u015fmeden bahsederken bir umursamazl\u0131k s\u00f6z konusudur: Bu deneyim, tam olarak g\u00f6r\u00fclmeden hemen yarg\u0131lan\u0131r. Genellikle utan\u00e7 verici g\u00f6r\u00fcn\u00fcr ve \u2013di\u011fer insanlar\u0131n (yani naif, e\u011fitimsiz ve duygusal insanlar\u0131n) yapt\u0131\u011f\u0131 bir \u015fey olarak alg\u0131lan\u0131r. H\u00e2lbuki \u00f6zde\u015fle\u015fme, bir se\u00e7enek olmaktan ziyade varsay\u0131lan bir durumdur: bir \u00f6zelliktir, hata de\u011fil.\u201d  Toril Moi, Rita Felski ve Amanda Anderson\u2019\u0131n edebi karakteri yeniden ve kapsaml\u0131 bi\u00e7imde ele ald\u0131klar\u0131 Karakter kitab\u0131, \u00fc\u00e7 temel makaleden olu\u015fuyor. Her biri keskin bir bak\u0131\u015f a\u00e7\u0131s\u0131 sunan \u00fc\u00e7 b\u00f6l\u00fcm boyunca, alan\u0131nda uzman akademisyenler, edebi \u00e7al\u0131\u015fmalar\u0131n manzaras\u0131n\u0131 yeniden \u015fekillendiren dinamik bir diyalog olu\u015ftururlar. Moi, karakter ele\u015ftirisinin marjinalle\u015ftirilmesine yol a\u00e7an teorik temelleri cesurca sorgular, onlar\u0131n i\u00e7sel kusurlar\u0131n\u0131 a\u00e7\u0131\u011fa \u00e7\u0131kar\u0131r. Felski, \u00f6zde\u015fle\u015fme kavram\u0131n\u0131n karma\u015f\u0131k dokusuna dal\u0131p, akademik tart\u0131\u015fmalardaki \u00e7ok y\u00f6nl\u00fc do\u011fas\u0131n\u0131 ve kal\u0131c\u0131 \u00f6nemini irdeler. Anderson, karakter analizi, ahlaki soru\u015fturma ve edebi yap\u0131 dinamikleri aras\u0131ndaki simbiyotik ili\u015fkiyi ayd\u0131nlatarak karakter ve form aras\u0131ndaki etkile\u015fim \u00fczerinde durur.  Bu \u00e7al\u0131\u015fma, kurgusal karakterlerin do\u011fas\u0131 hakk\u0131nda yeni bak\u0131\u015f a\u00e7\u0131lar\u0131 sunarak sadece alan\u0131 canland\u0131rmakla kalm\u0131yor, ayn\u0131 zamanda okuyucular\u0131 edebiyatta karakterlerin rol\u00fc ve \u00f6nemi hakk\u0131ndaki varsay\u0131mlar\u0131n\u0131 yeniden g\u00f6zden ge\u00e7irmeye zorluyor. <\/p>\n","protected":false},"excerpt":{"rendered":"<p>\u201cBir\u00e7o\u011fumuz bir roman ya da filmdeki bir karakterle aram\u0131zda bir ba\u011f hissetmi\u015fizdir: ya ona bir yak\u0131nl\u0131k duyar\u0131z ya da onunla ayn\u0131 tepkiyi veririz. Bu ba\u011f\u0131, onunla<span class=\"excerpt-hellip\"> [\u2026]<\/span><\/p>\n","protected":false},"featured_media":0,"template":"","meta":{"_monsterinsights_skip_tracking":false,"_monsterinsights_sitenote_active":false,"_monsterinsights_sitenote_note":"","_monsterinsights_sitenote_category":0},"product_brand":[],"product_cat":[13072,12291],"product_tag":[],"class_list":{"0":"post-760189","1":"product","2":"type-product","3":"status-publish","5":"product_cat-arastirma-inceleme-referans","6":"product_cat-edebiyat","7":"pa_cilt-ciltsiz","8":"pa_tur-kitap","9":"pa_yayinevi-vakifbank-kultur-yayinlari","10":"pa_yazar-toril-moi-rita-felski-amanda-anderson","12":"first","13":"instock","14":"sale","15":"shipping-taxable","16":"purchasable","17":"product-type-simple"},"_links":{"self":[{"href":"https:\/\/roveyayinevi.com.tr\/index.php\/wp-json\/wp\/v2\/product\/760189","targetHints":{"allow":["GET"]}}],"collection":[{"href":"https:\/\/roveyayinevi.com.tr\/index.php\/wp-json\/wp\/v2\/product"}],"about":[{"href":"https:\/\/roveyayinevi.com.tr\/index.php\/wp-json\/wp\/v2\/types\/product"}],"wp:attachment":[{"href":"https:\/\/roveyayinevi.com.tr\/index.php\/wp-json\/wp\/v2\/media?parent=760189"}],"wp:term":[{"taxonomy":"product_brand","embeddable":true,"href":"https:\/\/roveyayinevi.com.tr\/index.php\/wp-json\/wp\/v2\/product_brand?post=760189"},{"taxonomy":"product_cat","embeddable":true,"href":"https:\/\/roveyayinevi.com.tr\/index.php\/wp-json\/wp\/v2\/product_cat?post=760189"},{"taxonomy":"product_tag","embeddable":true,"href":"https:\/\/roveyayinevi.com.tr\/index.php\/wp-json\/wp\/v2\/product_tag?post=760189"}],"curies":[{"name":"wp","href":"https:\/\/api.w.org\/{rel}","templated":true}]}}