{"id":760186,"date":"2025-08-28T08:57:58","date_gmt":"2025-08-28T05:57:58","guid":{"rendered":"https:\/\/roveyayinevi.com.tr\/index.php\/urun\/cumhuriyet-ve-cocuk-2\/"},"modified":"2026-04-16T03:13:04","modified_gmt":"2026-04-16T00:13:04","slug":"cumhuriyet-ve-cocuk-2","status":"publish","type":"product","link":"https:\/\/roveyayinevi.com.tr\/index.php\/urun\/cumhuriyet-ve-cocuk-2\/","title":{"rendered":"Cumhuriyet ve \u00c7ocuk"},"content":{"rendered":"<p>Ahmet Refik 1929 y\u0131l\u0131nda \u0130stanbul Hilmi Kitaphanesinin yay\u0131mlad\u0131\u011f\u0131 \u00c7ocuklara T\u00fcrk \u0130stikl\u00e2l Harbi ders kitab\u0131nda, Cumhuriyet\u2019in ilan\u0131ndan \u00f6nceki ve sonraki s\u00fcre\u00e7leri anlatt\u0131ktan sonra \u00e7ocuk okurlara \u015f\u00f6yle seslenir: \u201c\u015eimdi siz, art\u0131k h\u00fcr ve \u015fanl\u0131 bir topra\u011f\u0131n avl\u00e2d\u0131s\u0131n\u0131z. Bunun i\u00e7in ne kadar \u00f6\u011f\u00fcnseniz hakl\u0131s\u0131n\u0131z. Fakat, kazand\u0131\u011f\u0131n\u0131z bu b\u00fcy\u00fck saadetlerden dolay\u0131 daha kimlere \u015f\u00fckr etmelisiniz? Babalar\u0131n\u0131za, a\u011fabeylerinize, mert ve aslan y\u00fcrekli askerlerimize\u2026 \u0130\u015fte \u015fimdi, sizin de onlara kar\u015f\u0131 yapaca\u011f\u0131n\u0131z i\u015fler var: B\u00fct\u00fcn kalbinizle, b\u00fct\u00fcn v\u00fccudunuzla C\u00fcmhuriyetin y\u00fckselmesine \u00e7al\u0131\u015facaks\u0131n\u0131z. \u0130yi bilin ki C\u00fcmhuriyet ancak ilimle ya\u015far, san\u2019atle ya\u015far, ahl\u00e2kla ileri gider. Bundan sonra her millet ilimde, san\u2019atte, ahl\u00e2kta hep ileri gitmeye \u00e7al\u0131\u015facak, birbirini ge\u00e7meye u\u011fra\u015facak. \u0130\u015fte siz de onlardan geri kalm\u0131yacaks\u0131n\u0131z. Babalar\u0131n\u0131z\u0131n kan d\u00f6kerek kurtard\u0131klar\u0131 memleketi siz de b\u00f6yle \u00e7al\u0131\u015f\u0131p muhafaza edeceksiniz.\u201d Harf \u0130nk\u0131lab\u0131ndan 1 y\u0131l sonra, d\u00f6nemin yaz\u0131m imlas\u0131yla, ilkokul tarih derslerinde \u00e7ocuk okurlara verilen bu misyon g\u00fcn\u00fcm\u00fczde de Cumhuriyet\u2019in \u00e7ocuklar\u0131n\u0131n omuzlar\u0131na y\u00fcklenen \u00f6nemli g\u00f6revlerden biri. Cumhuriyet ve \u00c7ocuk: 100. Y\u0131l\u0131nda \u00c7ocuk \u00c7al\u0131\u015fmalar\u0131na Disiplinler Aras\u0131 Bir Bak\u0131\u015f ders kitaplar\u0131ndan mimari eserlere, banka reklamlar\u0131ndan Karag\u00f6z seyirlik oyunlar\u0131na de\u011fin Cumhuriyet\u2019in 100 y\u0131l\u0131 boyunca yay\u0131mlanan temsillerde \u00e7ocuk kahramanlar\u0131n g\u00f6r\u00fcn\u00fcm bi\u00e7imlerine ve \u00e7ocukluk politikalar\u0131na odaklan\u0131yor. <\/p>\n","protected":false},"excerpt":{"rendered":"<p>Ahmet Refik 1929 y\u0131l\u0131nda \u0130stanbul Hilmi Kitaphanesinin yay\u0131mlad\u0131\u011f\u0131 \u00c7ocuklara T\u00fcrk \u0130stikl\u00e2l Harbi ders kitab\u0131nda, Cumhuriyet\u2019in ilan\u0131ndan \u00f6nceki ve sonraki s\u00fcre\u00e7leri anlatt\u0131ktan sonra \u00e7ocuk okurlara \u015f\u00f6yle seslenir:<span class=\"excerpt-hellip\"> [\u2026]<\/span><\/p>\n","protected":false},"featured_media":0,"template":"","meta":{"_monsterinsights_skip_tracking":false,"_monsterinsights_sitenote_active":false,"_monsterinsights_sitenote_note":"","_monsterinsights_sitenote_category":0},"product_brand":[],"product_cat":[12530,12304],"product_tag":[],"class_list":{"0":"post-760186","1":"product","2":"type-product","3":"status-publish","5":"product_cat-mustafa-kemal-ataturk","6":"product_cat-tarih","7":"pa_cilt-ciltsiz","8":"pa_tur-kitap","9":"pa_yayinevi-vakifbank-kultur-yayinlari","10":"pa_yazar-kolektif","12":"first","13":"instock","14":"sale","15":"shipping-taxable","16":"purchasable","17":"product-type-simple"},"_links":{"self":[{"href":"https:\/\/roveyayinevi.com.tr\/index.php\/wp-json\/wp\/v2\/product\/760186","targetHints":{"allow":["GET"]}}],"collection":[{"href":"https:\/\/roveyayinevi.com.tr\/index.php\/wp-json\/wp\/v2\/product"}],"about":[{"href":"https:\/\/roveyayinevi.com.tr\/index.php\/wp-json\/wp\/v2\/types\/product"}],"wp:attachment":[{"href":"https:\/\/roveyayinevi.com.tr\/index.php\/wp-json\/wp\/v2\/media?parent=760186"}],"wp:term":[{"taxonomy":"product_brand","embeddable":true,"href":"https:\/\/roveyayinevi.com.tr\/index.php\/wp-json\/wp\/v2\/product_brand?post=760186"},{"taxonomy":"product_cat","embeddable":true,"href":"https:\/\/roveyayinevi.com.tr\/index.php\/wp-json\/wp\/v2\/product_cat?post=760186"},{"taxonomy":"product_tag","embeddable":true,"href":"https:\/\/roveyayinevi.com.tr\/index.php\/wp-json\/wp\/v2\/product_tag?post=760186"}],"curies":[{"name":"wp","href":"https:\/\/api.w.org\/{rel}","templated":true}]}}