{"id":760184,"date":"2025-08-28T08:57:54","date_gmt":"2025-08-28T05:57:54","guid":{"rendered":"https:\/\/roveyayinevi.com.tr\/index.php\/urun\/ses-soz-sevgili\/"},"modified":"2026-04-16T03:13:04","modified_gmt":"2026-04-16T00:13:04","slug":"ses-soz-sevgili","status":"publish","type":"product","link":"https:\/\/roveyayinevi.com.tr\/index.php\/urun\/ses-soz-sevgili\/","title":{"rendered":"Ses, S\u00f6z, Sevgili"},"content":{"rendered":"<p>Sesi sesiniz, s\u00f6z\u00fc s\u00f6z\u00fcn\u00fcz, sevgilisi sevgiliniz olacak! Kim bilir? Belki \u201cMerhaba\u201d diyeceksiniz o sat\u0131rlarda rastlad\u0131\u011f\u0131n\u0131z size\u2026 \u201cMerhaba ey n\u00fbr-i ayn\u00ee merhaba!\u201d   Ahmet \u00d6zhan\u2019\u0131n sesiyle, s\u00f6z\u00fcyle yar\u0131m as\u0131rdan fazla bir zamand\u0131r \u201cEn Sevgili\u201dye nezretti\u011fi d\u00fc\u015f\u00fcnce ve g\u00f6n\u00fcl d\u00fcnyas\u0131ndan yans\u0131malar bulacaks\u0131n\u0131z bu kitapta.   Ayn\u0131 zamanda yaz\u0131lar\u0131n kaleme al\u0131nd\u0131\u011f\u0131 ve yay\u0131mland\u0131\u011f\u0131 90\u2019l\u0131 y\u0131llar T\u00fcrkiye\u2019sinin edebi, siyasi ve sosyolojik \u00e7ehresini de g\u00f6receksiniz. Okuyaca\u011f\u0131n\u0131z sat\u0131rlarda 17 ya\u015f\u0131nda \u015f\u00f6hretin zirvesine oturmu\u015f bir \u201cdervi\u015f\u201d sanat\u00e7\u0131n\u0131n sahne ve meydan aras\u0131ndaki o zorlu seyr \u00fc s\u00fcl\u00fbk\u00fcn\u00fcn teredd\u00fcts\u00fcz, cesur, kararl\u0131 ad\u0131mlar\u0131na \u015fahitlik edeceksiniz.   Ses, S\u00f6z, Sevgili\u2019de tasavvuf d\u00fcnyam\u0131z\u0131n temel konular\u0131 tertemiz bir T\u00fcrk\u00e7eyle anlat\u0131l\u0131yor. Kavramlara hat\u0131ralar e\u015flik ediyor. Hz. Yunus Emre\u2019nin yeller gibi esti\u011fi yollar\u0131 ar\u015f\u0131nlarken, feyizli teravihlerle e\u015fsiz Ramazanlar ya\u015f\u0131yoruz. \u201cZorla\u015ft\u0131rmay\u0131n\u0131z, kolayla\u015ft\u0131r\u0131n\u0131z\u201d d\u00fcsturunca \u00d6zhan bizi insana ve hayata dair farkl\u0131 makamlar aras\u0131nda dola\u015ft\u0131r\u0131p tevhidin s\u0131rr\u0131n\u0131 anlamaya \u00e7a\u011f\u0131r\u0131yor.    Bu kitapta tasavvuf musikisinin g\u00fcn\u00fcm\u00fcz insan\u0131 \u00fczerindeki etkisi de var, Hz. Mevlana\u2019n\u0131n a\u015fk\u0131 da&#8230; Katreden denize d\u00f6n\u00fc\u015febilmek \u00fcmidi de\u2026 G\u00fcftelere ve bestelere \u015feyhler, halifeler, dervi\u015fler, \u00e2\u015f\u0131klar kat\u0131l\u0131yor. Kesrette vahdet aran\u0131yor, Merkez Efendi\u2019nin k\u0131ssas\u0131na Itri\u2019nin tekbiri e\u015flik ediyor. Her \u015fey eninde sonunda \u00fc\u00e7 harflik bir \u201chi\u00e7\u201de var\u0131yor.<\/p>\n","protected":false},"excerpt":{"rendered":"<p>Sesi sesiniz, s\u00f6z\u00fc s\u00f6z\u00fcn\u00fcz, sevgilisi sevgiliniz olacak! Kim bilir? Belki \u201cMerhaba\u201d diyeceksiniz o sat\u0131rlarda rastlad\u0131\u011f\u0131n\u0131z size\u2026 \u201cMerhaba ey n\u00fbr-i ayn\u00ee merhaba!\u201d Ahmet \u00d6zhan\u2019\u0131n sesiyle, s\u00f6z\u00fcyle yar\u0131m<span class=\"excerpt-hellip\"> [\u2026]<\/span><\/p>\n","protected":false},"featured_media":0,"template":"","meta":{"_monsterinsights_skip_tracking":false,"_monsterinsights_sitenote_active":false,"_monsterinsights_sitenote_note":"","_monsterinsights_sitenote_category":0},"product_brand":[],"product_cat":[12777,12291],"product_tag":[],"class_list":{"0":"post-760184","1":"product","2":"type-product","3":"status-publish","5":"product_cat-deneme","6":"product_cat-edebiyat","7":"pa_cilt-ciltsiz","8":"pa_tur-kitap","9":"pa_yayinevi-tk-yayinlari","10":"pa_yazar-ahmet-ozhan","12":"first","13":"instock","14":"sale","15":"shipping-taxable","16":"purchasable","17":"product-type-simple"},"_links":{"self":[{"href":"https:\/\/roveyayinevi.com.tr\/index.php\/wp-json\/wp\/v2\/product\/760184","targetHints":{"allow":["GET"]}}],"collection":[{"href":"https:\/\/roveyayinevi.com.tr\/index.php\/wp-json\/wp\/v2\/product"}],"about":[{"href":"https:\/\/roveyayinevi.com.tr\/index.php\/wp-json\/wp\/v2\/types\/product"}],"wp:attachment":[{"href":"https:\/\/roveyayinevi.com.tr\/index.php\/wp-json\/wp\/v2\/media?parent=760184"}],"wp:term":[{"taxonomy":"product_brand","embeddable":true,"href":"https:\/\/roveyayinevi.com.tr\/index.php\/wp-json\/wp\/v2\/product_brand?post=760184"},{"taxonomy":"product_cat","embeddable":true,"href":"https:\/\/roveyayinevi.com.tr\/index.php\/wp-json\/wp\/v2\/product_cat?post=760184"},{"taxonomy":"product_tag","embeddable":true,"href":"https:\/\/roveyayinevi.com.tr\/index.php\/wp-json\/wp\/v2\/product_tag?post=760184"}],"curies":[{"name":"wp","href":"https:\/\/api.w.org\/{rel}","templated":true}]}}