{"id":760183,"date":"2025-08-28T08:57:53","date_gmt":"2025-08-28T05:57:53","guid":{"rendered":"https:\/\/roveyayinevi.com.tr\/index.php\/urun\/dervisin-yolu-5-kuranla-konusmalar\/"},"modified":"2026-04-16T03:13:04","modified_gmt":"2026-04-16T00:13:04","slug":"dervisin-yolu-5-kuranla-konusmalar","status":"publish","type":"product","link":"https:\/\/roveyayinevi.com.tr\/index.php\/urun\/dervisin-yolu-5-kuranla-konusmalar\/","title":{"rendered":"Dervi\u015fin Yolu- 5: Kur\u2019an\u2019la Konu\u015fmalar"},"content":{"rendered":"<p>\u0130nsan\u0131n kendine saklad\u0131\u011f\u0131 seslere \u201cs\u0131r\u201d der Kur\u2019\u00e2n. \u0130nsan\u0131n kendisinden de saklad\u0131\u011f\u0131 sesleri \u201cahf\u00e2\u201d diye ad koyar. Yetimdir o sesler. Sahipsizdir. Mahpustur. Dilsizdir. \u0130\u00e7inin i\u00e7inde, uzakta bir nehir u\u011fultusu, s\u00fcrpriz bir yaprak h\u0131\u015f\u0131rt\u0131s\u0131, aniden y\u00fckselen bir ku\u015f c\u0131v\u0131lt\u0131s\u0131, hi\u00e7 sebepsiz vuran bir kalp \u00e7arp\u0131nt\u0131s\u0131 olup dayan\u0131r kalbine. Kap\u0131y\u0131 vurur ahf\u00e2lar. Y\u0131llar \u00f6nce kaybolmu\u015f bir \u00e7ocuk gibi nazlan\u0131rlar. \u0130sterler ki dile gelsinler. Umarlar ki fark edilsinler. Dr. Senai Demirci, Kur\u2019\u00e2n\u2019la Konu\u015fmalar\u2019da, insan\u0131n i\u00e7inde devinen ahf\u00e2 seslerini dile getiriyor. Bir psikoterapist olarak \u201cmukabele\u201d gelene\u011fini izleyerek \u2018anlam\u2019a \u201canlama\u2019yla kar\u015f\u0131l\u0131k veriyor. Kur\u2019\u00e2n\u2019\u0131n insan\u0131n gizli sanc\u0131lar\u0131n\u0131, sakl\u0131 arzular\u0131n\u0131, dilsiz hasretlerini bilince ta\u015f\u0131yan Kur\u2019\u00e2n sesleri \u00fczerinden psikolojik bir y\u00fcr\u00fcy\u00fc\u015f yap\u0131yor. Yaralar\u0131 g\u00f6z g\u00f6z olmu\u015f herkesle g\u00f6z g\u00f6ze, s\u00f6z s\u00f6ze, \u00f6z \u00f6ze bir sohbet ba\u015flat\u0131yor.<\/p>\n","protected":false},"excerpt":{"rendered":"<p>\u0130nsan\u0131n kendine saklad\u0131\u011f\u0131 seslere \u201cs\u0131r\u201d der Kur\u2019\u00e2n. \u0130nsan\u0131n kendisinden de saklad\u0131\u011f\u0131 sesleri \u201cahf\u00e2\u201d diye ad koyar. Yetimdir o sesler. Sahipsizdir. Mahpustur. Dilsizdir. \u0130\u00e7inin i\u00e7inde, uzakta bir<span class=\"excerpt-hellip\"> [\u2026]<\/span><\/p>\n","protected":false},"featured_media":0,"template":"","meta":{"_monsterinsights_skip_tracking":false,"_monsterinsights_sitenote_active":false,"_monsterinsights_sitenote_note":"","_monsterinsights_sitenote_category":0},"product_brand":[],"product_cat":[12718,12719],"product_tag":[],"class_list":{"0":"post-760183","1":"product","2":"type-product","3":"status-publish","5":"product_cat-din","6":"product_cat-islam","7":"pa_cilt-ciltsiz","8":"pa_tur-kitap","9":"pa_yayinevi-hayykitap","10":"pa_yazar-senai-demirci","12":"first","13":"instock","14":"sale","15":"shipping-taxable","16":"purchasable","17":"product-type-simple"},"_links":{"self":[{"href":"https:\/\/roveyayinevi.com.tr\/index.php\/wp-json\/wp\/v2\/product\/760183","targetHints":{"allow":["GET"]}}],"collection":[{"href":"https:\/\/roveyayinevi.com.tr\/index.php\/wp-json\/wp\/v2\/product"}],"about":[{"href":"https:\/\/roveyayinevi.com.tr\/index.php\/wp-json\/wp\/v2\/types\/product"}],"wp:attachment":[{"href":"https:\/\/roveyayinevi.com.tr\/index.php\/wp-json\/wp\/v2\/media?parent=760183"}],"wp:term":[{"taxonomy":"product_brand","embeddable":true,"href":"https:\/\/roveyayinevi.com.tr\/index.php\/wp-json\/wp\/v2\/product_brand?post=760183"},{"taxonomy":"product_cat","embeddable":true,"href":"https:\/\/roveyayinevi.com.tr\/index.php\/wp-json\/wp\/v2\/product_cat?post=760183"},{"taxonomy":"product_tag","embeddable":true,"href":"https:\/\/roveyayinevi.com.tr\/index.php\/wp-json\/wp\/v2\/product_tag?post=760183"}],"curies":[{"name":"wp","href":"https:\/\/api.w.org\/{rel}","templated":true}]}}