{"id":760182,"date":"2025-08-28T08:57:51","date_gmt":"2025-08-28T05:57:51","guid":{"rendered":"https:\/\/roveyayinevi.com.tr\/index.php\/urun\/cia-dunyanin-en-iyi-yazarlarini-nasil-kandirdi\/"},"modified":"2026-04-16T03:13:04","modified_gmt":"2026-04-16T00:13:04","slug":"cia-dunyanin-en-iyi-yazarlarini-nasil-kandirdi","status":"publish","type":"product","link":"https:\/\/roveyayinevi.com.tr\/index.php\/urun\/cia-dunyanin-en-iyi-yazarlarini-nasil-kandirdi\/","title":{"rendered":"CIA D\u00fcnya\u2019n\u0131n En \u0130yi Yazarlar\u0131n\u0131 Nas\u0131l Kand\u0131rd\u0131?"},"content":{"rendered":"<p>CIA&#8217;in So\u011fuk Sava\u015f s\u0131ras\u0131nda k\u00fclt\u00fcrel propaganda yapmak i\u00e7in edebiyat dergileriyle i\u015f birli\u011fi yapmas\u0131, \u00e7\u00f6z\u00fclememi\u015f bir tart\u0131\u015fmaya yol a\u00e7m\u0131\u015ft\u0131. Peter Matthiessen, George Plimpton ve Richard Wright gibi Amerika&#8217;n\u0131n en sevilen edebiyat\u00e7\u0131lar\u0131ndan baz\u0131lar\u0131n\u0131n itibarlar\u0131, istihbarat te\u015fkilat\u0131 i\u00e7in yapt\u0131klar\u0131 \u00e7al\u0131\u015fmalar g\u00fcn \u0131\u015f\u0131\u011f\u0131na \u00e7\u0131kt\u0131k\u00e7a zedelendi. CIA&#8217;in iki farkl\u0131 kolu vard\u0131; bunlardan biri Amerikal\u0131 ve Avrupal\u0131 yazarlar\u0131 ve k\u00fclt\u00fcrel \u00f6zg\u00fcrl\u00fc\u011f\u00fc te\u015fvik etmek i\u00e7in edebiyat dergileri \u00e7\u0131kar\u0131rken di\u011feri h\u00fck\u00fcmetleri devirmek i\u00e7in suikast ve sans\u00fcr gibi taktikler kullan\u0131yordu. &#8216;K\u00fclt\u00fcrel&#8217; CIA&#8217;i savunan arg\u00fcmanlara ra\u011fmen her iki \u015fube de ayn\u0131 gizli hedefleri payla\u015f\u0131yor ve aldatma, kurnazl\u0131k ve g\u00f6zda\u011f\u0131 gibi benzer y\u00f6ntemler kullan\u0131yordu. CIA&#8217;in hedeflerine \u00e7e\u015fitli yollarla ula\u015fabilen g\u00fc\u00e7l\u00fc ve etkili bir \u00f6rg\u00fct oldu\u011fu a\u00e7\u0131kt\u0131. K\u00fclt\u00fcrel So\u011fuk Sava\u015f\u00e7\u0131lar, \u00e7e\u015fitli siyasi inan\u00e7lara sahip bireyleri izlemek i\u00e7in s\u00fcrekli olarak anti-kom\u00fcnizmi kullan\u0131p ABD demokrasisini Sovyet modeline benzer bir g\u00f6zetim devletine benzetmeye yakla\u015ft\u0131rd\u0131lar. Whitney, bu eserinde s\u00f6z konusu in\u015fa s\u00fcrecinde CIA\u2019in \u201cK\u00fclt\u00fcrel \u00d6zg\u00fcrl\u00fck Kongresi\u201dnin hik\u00e2yesini ar\u015fivler ve ki\u015fisel tan\u0131kl\u0131klardan hareketle CIA&#8217;in propaganda ve edebiyat aras\u0131ndaki \u00e7izgiyi nas\u0131l bulan\u0131kla\u015ft\u0131rd\u0131\u011f\u0131n\u0131n hik\u00e2yesini anlat\u0131yor. <\/p>\n","protected":false},"excerpt":{"rendered":"<p>CIA&#8217;in So\u011fuk Sava\u015f s\u0131ras\u0131nda k\u00fclt\u00fcrel propaganda yapmak i\u00e7in edebiyat dergileriyle i\u015f birli\u011fi yapmas\u0131, \u00e7\u00f6z\u00fclememi\u015f bir tart\u0131\u015fmaya yol a\u00e7m\u0131\u015ft\u0131. Peter Matthiessen, George Plimpton ve Richard Wright gibi<span class=\"excerpt-hellip\"> [\u2026]<\/span><\/p>\n","protected":false},"featured_media":0,"template":"","meta":{"_monsterinsights_skip_tracking":false,"_monsterinsights_sitenote_active":false,"_monsterinsights_sitenote_note":"","_monsterinsights_sitenote_category":0},"product_brand":[],"product_cat":[13072,12291],"product_tag":[],"class_list":{"0":"post-760182","1":"product","2":"type-product","3":"status-publish","5":"product_cat-arastirma-inceleme-referans","6":"product_cat-edebiyat","7":"pa_cilt-ciltsiz","8":"pa_tur-kitap","9":"pa_yayinevi-turkuvaz-kitap","10":"pa_yazar-joel-whitney","12":"first","13":"instock","14":"sale","15":"shipping-taxable","16":"purchasable","17":"product-type-simple"},"_links":{"self":[{"href":"https:\/\/roveyayinevi.com.tr\/index.php\/wp-json\/wp\/v2\/product\/760182","targetHints":{"allow":["GET"]}}],"collection":[{"href":"https:\/\/roveyayinevi.com.tr\/index.php\/wp-json\/wp\/v2\/product"}],"about":[{"href":"https:\/\/roveyayinevi.com.tr\/index.php\/wp-json\/wp\/v2\/types\/product"}],"wp:attachment":[{"href":"https:\/\/roveyayinevi.com.tr\/index.php\/wp-json\/wp\/v2\/media?parent=760182"}],"wp:term":[{"taxonomy":"product_brand","embeddable":true,"href":"https:\/\/roveyayinevi.com.tr\/index.php\/wp-json\/wp\/v2\/product_brand?post=760182"},{"taxonomy":"product_cat","embeddable":true,"href":"https:\/\/roveyayinevi.com.tr\/index.php\/wp-json\/wp\/v2\/product_cat?post=760182"},{"taxonomy":"product_tag","embeddable":true,"href":"https:\/\/roveyayinevi.com.tr\/index.php\/wp-json\/wp\/v2\/product_tag?post=760182"}],"curies":[{"name":"wp","href":"https:\/\/api.w.org\/{rel}","templated":true}]}}