{"id":760180,"date":"2025-08-28T08:57:46","date_gmt":"2025-08-28T05:57:46","guid":{"rendered":"https:\/\/roveyayinevi.com.tr\/index.php\/urun\/bu-neyin-sesi\/"},"modified":"2026-04-08T03:21:38","modified_gmt":"2026-04-08T00:21:38","slug":"bu-neyin-sesi","status":"publish","type":"product","link":"https:\/\/roveyayinevi.com.tr\/index.php\/urun\/bu-neyin-sesi\/","title":{"rendered":"Bu Neyin Sesi"},"content":{"rendered":"<p>Hangi meslek olursa olsun sevdi\u011fin ve keyif ald\u0131\u011f\u0131n, yetenekli oldu\u011fun bir i\u015fi yapmakt\u0131 \u00f6nemli olan. Sahnede \u0131\u015f\u0131k sa\u00e7an bir m\u00fczisyen olabilirsin, at\u00f6lyede harikalar yaratan bir marangoz olabilirsin, reng\u00e2renk kuma\u015flarla oynayan bir terzi, \u00e7ocuklar\u0131n hayatlar\u0131na dokunan, gen\u00e7 beyinleri \u015fekillendiren bir \u00f6\u011fretmen olabilirsin&#8230; \u00d6nemli olan, seni neyin mutlu etti\u011fi. Zorla se\u00e7ilen bir meslek de\u011fil, her g\u00fcn a\u015fkla yapaca\u011f\u0131n, \u00e7evrene \u0131\u015f\u0131k sa\u00e7aca\u011f\u0131n, seni sen yapan bir mesle\u011fin olmas\u0131yd\u0131 \u00f6nemli olan. Hayat, yanl\u0131\u015f tercihlerin bedellerini \u00f6deyecek kadar uzun de\u011fil.    \u015eimdi\u2026 T\u00fcm alk\u0131\u015flar senin i\u00e7in. HAREKETE GE\u00c7!<\/p>\n","protected":false},"excerpt":{"rendered":"<p>Hangi meslek olursa olsun sevdi\u011fin ve keyif ald\u0131\u011f\u0131n, yetenekli oldu\u011fun bir i\u015fi yapmakt\u0131 \u00f6nemli olan. Sahnede \u0131\u015f\u0131k sa\u00e7an bir m\u00fczisyen olabilirsin, at\u00f6lyede harikalar yaratan bir marangoz<span class=\"excerpt-hellip\"> [\u2026]<\/span><\/p>\n","protected":false},"featured_media":0,"template":"","meta":{"_monsterinsights_skip_tracking":false,"_monsterinsights_sitenote_active":false,"_monsterinsights_sitenote_note":"","_monsterinsights_sitenote_category":0},"product_brand":[],"product_cat":[12274],"product_tag":[],"class_list":{"0":"post-760180","1":"product","2":"type-product","3":"status-publish","5":"product_cat-cocuk-ve-genclik-kitaplari","6":"pa_cilt-ciltsiz","7":"pa_tur-kitap","8":"pa_yayinevi-luna-cocuk-yayinlari","9":"pa_yazar-semra-sancar","11":"first","12":"instock","13":"sale","14":"shipping-taxable","15":"purchasable","16":"product-type-simple"},"_links":{"self":[{"href":"https:\/\/roveyayinevi.com.tr\/index.php\/wp-json\/wp\/v2\/product\/760180","targetHints":{"allow":["GET"]}}],"collection":[{"href":"https:\/\/roveyayinevi.com.tr\/index.php\/wp-json\/wp\/v2\/product"}],"about":[{"href":"https:\/\/roveyayinevi.com.tr\/index.php\/wp-json\/wp\/v2\/types\/product"}],"wp:attachment":[{"href":"https:\/\/roveyayinevi.com.tr\/index.php\/wp-json\/wp\/v2\/media?parent=760180"}],"wp:term":[{"taxonomy":"product_brand","embeddable":true,"href":"https:\/\/roveyayinevi.com.tr\/index.php\/wp-json\/wp\/v2\/product_brand?post=760180"},{"taxonomy":"product_cat","embeddable":true,"href":"https:\/\/roveyayinevi.com.tr\/index.php\/wp-json\/wp\/v2\/product_cat?post=760180"},{"taxonomy":"product_tag","embeddable":true,"href":"https:\/\/roveyayinevi.com.tr\/index.php\/wp-json\/wp\/v2\/product_tag?post=760180"}],"curies":[{"name":"wp","href":"https:\/\/api.w.org\/{rel}","templated":true}]}}