{"id":760175,"date":"2025-08-28T08:57:37","date_gmt":"2025-08-28T05:57:37","guid":{"rendered":"https:\/\/roveyayinevi.com.tr\/index.php\/urun\/dunyadan-halk-masallari\/"},"modified":"2026-04-16T03:13:04","modified_gmt":"2026-04-16T00:13:04","slug":"dunyadan-halk-masallari","status":"publish","type":"product","link":"https:\/\/roveyayinevi.com.tr\/index.php\/urun\/dunyadan-halk-masallari\/","title":{"rendered":"D\u00fcnyadan Halk Masallar\u0131"},"content":{"rendered":"<p>Ge\u00e7mi\u015fin tozlu sayfalar\u0131ndan, d\u00fcnyan\u0131n d\u00f6rt bir yan\u0131ndan gelen sesleri dinleyin&#8230; &#8220;D\u00fcnyadan Halk Masallar\u0131&#8221; zamans\u0131z hik\u00e2yeleri ve unutulmaz karakterleriyle sizleri b\u00fcy\u00fcl\u00fc bir yolculu\u011fa \u00e7\u0131kar\u0131yor. Bu e\u015fsiz koleksiyon fabl ve masal t\u00fcrlerinde farkl\u0131 k\u00fclt\u00fcrlerin zenginli\u011fini ve evrenselliklerini kutlayan bir mozaik sunuyor. Her biri, insan do\u011fas\u0131n\u0131n \u00e7e\u015fitli y\u00f6nlerini ve ya\u015fam\u0131n temel ger\u00e7eklerini, hayvanlar ve fantastik varl\u0131klar arac\u0131l\u0131\u011f\u0131yla e\u011flenceli ve \u00f6\u011fretici bir dille anlat\u0131yor. Elinizdeki bu kitap, \u00e7ocuklar ve yeti\u015fkinler i\u00e7in e\u015fit derecede b\u00fcy\u00fcleyici, d\u00fcnyan\u0131n farkl\u0131 k\u00f6\u015felerinden toplanm\u0131\u015f masallar\u0131 bar\u0131nd\u0131r\u0131yor. Okurken, bir yandan g\u00fcl\u00fcmseyecek di\u011fer yandan d\u00fc\u015f\u00fcneceksiniz; kahramanlar\u0131m\u0131z\u0131n maceralar\u0131 \u00fczerinden kendi hayat\u0131n\u0131z\u0131 sorgulayacak, onlar\u0131n ak\u0131ll\u0131ca \u00e7\u00f6z\u00fcmleri ve cesur kararlar\u0131 kar\u015f\u0131s\u0131nda hayranl\u0131k duyacaks\u0131n\u0131z. &#8220;D\u00fcnyadan Halk Masallar\u0131&#8221; dostluk, cesaret, adalet ve sevgi gibi evrensel de\u011ferler etraf\u0131nda d\u00f6nen hik\u00e2yeleriyle, okuyucular\u0131n\u0131 hem e\u011flendiriyor hem de ayd\u0131nlat\u0131yor. Hayal g\u00fcc\u00fcn\u00fcz\u00fc serbest b\u0131rak\u0131n ve &#8220;D\u00fcnyadan Halk Masallar\u0131&#8221; ile kendinizi yeniden ke\u015ffedin. Bu masallar, sizi g\u00fcl\u00fcmsetecek, d\u00fc\u015f\u00fcnd\u00fcrecek ve belki de en \u00f6nemlisi, kalbinizi \u0131s\u0131tacak. <\/p>\n","protected":false},"excerpt":{"rendered":"<p>Ge\u00e7mi\u015fin tozlu sayfalar\u0131ndan, d\u00fcnyan\u0131n d\u00f6rt bir yan\u0131ndan gelen sesleri dinleyin&#8230; &#8220;D\u00fcnyadan Halk Masallar\u0131&#8221; zamans\u0131z hik\u00e2yeleri ve unutulmaz karakterleriyle sizleri b\u00fcy\u00fcl\u00fc bir yolculu\u011fa \u00e7\u0131kar\u0131yor. Bu e\u015fsiz koleksiyon<span class=\"excerpt-hellip\"> [\u2026]<\/span><\/p>\n","protected":false},"featured_media":0,"template":"","meta":{"_monsterinsights_skip_tracking":false,"_monsterinsights_sitenote_active":false,"_monsterinsights_sitenote_note":"","_monsterinsights_sitenote_category":0},"product_brand":[],"product_cat":[12274,12523],"product_tag":[],"class_list":{"0":"post-760175","1":"product","2":"type-product","3":"status-publish","5":"product_cat-cocuk-ve-genclik-kitaplari","6":"product_cat-masallar","7":"pa_cilt-ciltsiz","8":"pa_tur-kitap","9":"pa_yayinevi-kirmizi-ada-yayinlari","10":"pa_yazar-kolektif","12":"first","13":"instock","14":"sale","15":"shipping-taxable","16":"purchasable","17":"product-type-simple"},"_links":{"self":[{"href":"https:\/\/roveyayinevi.com.tr\/index.php\/wp-json\/wp\/v2\/product\/760175","targetHints":{"allow":["GET"]}}],"collection":[{"href":"https:\/\/roveyayinevi.com.tr\/index.php\/wp-json\/wp\/v2\/product"}],"about":[{"href":"https:\/\/roveyayinevi.com.tr\/index.php\/wp-json\/wp\/v2\/types\/product"}],"wp:attachment":[{"href":"https:\/\/roveyayinevi.com.tr\/index.php\/wp-json\/wp\/v2\/media?parent=760175"}],"wp:term":[{"taxonomy":"product_brand","embeddable":true,"href":"https:\/\/roveyayinevi.com.tr\/index.php\/wp-json\/wp\/v2\/product_brand?post=760175"},{"taxonomy":"product_cat","embeddable":true,"href":"https:\/\/roveyayinevi.com.tr\/index.php\/wp-json\/wp\/v2\/product_cat?post=760175"},{"taxonomy":"product_tag","embeddable":true,"href":"https:\/\/roveyayinevi.com.tr\/index.php\/wp-json\/wp\/v2\/product_tag?post=760175"}],"curies":[{"name":"wp","href":"https:\/\/api.w.org\/{rel}","templated":true}]}}