{"id":760174,"date":"2025-08-28T08:57:35","date_gmt":"2025-08-28T05:57:35","guid":{"rendered":"https:\/\/roveyayinevi.com.tr\/index.php\/urun\/az-bilinen-turk-masallari\/"},"modified":"2026-04-16T03:13:04","modified_gmt":"2026-04-16T00:13:04","slug":"az-bilinen-turk-masallari","status":"publish","type":"product","link":"https:\/\/roveyayinevi.com.tr\/index.php\/urun\/az-bilinen-turk-masallari\/","title":{"rendered":"Az Bilinen T\u00fcrk Masallar\u0131"},"content":{"rendered":"<p>Develer tellal iken, Pireler berber iken, Biz annelerimizin be\u015fi\u011fini t\u0131ng\u0131r m\u0131ng\u0131r sallar iken, \u2026gizli hik\u00e2yelerin ve unutulmu\u015f masallar\u0131n b\u00fcy\u00fcl\u00fc d\u00fcnyas\u0131 vard\u0131\u2026 &#8220;Az Bilinen T\u00fcrk Masallar\u0131&#8221; T\u00fcrk k\u00fclt\u00fcr\u00fcn\u00fcn zengin masal miras\u0131n\u0131 ke\u015ffetmek i\u00e7in bir davet niteli\u011finde. Bu kitap, \u00e7ocuklar\u0131m\u0131za ve b\u00fcy\u00fcklerimize T\u00fcrk halk masallar\u0131n\u0131n muhte\u015fem d\u00fcnyas\u0131n\u0131 sunuyor. \u0130\u00e7erisinde yer alan masallar, y\u0131llar i\u00e7inde nesilden nesle aktar\u0131lan, farkl\u0131 b\u00f6lgelerin ve halklar\u0131n renkli anlat\u0131lar\u0131d\u0131r. Hemen hepsi b\u00fcy\u00fcl\u00fc yarat\u0131klar, sihirli objeler ve s\u0131ra d\u0131\u015f\u0131 maceralarla dolu. Kadim T\u00fcrk k\u00fclt\u00fcr\u00fcn\u00fcn g\u00fczelliklerini ke\u015ffederken, &#8220;Az Bilinen T\u00fcrk Masallar\u0131&#8221; sizi eski zamanlar\u0131n b\u00fcy\u00fcl\u00fc atmosferine ta\u015f\u0131yacak. Bu kitap, masal sevgisini yeniden canland\u0131rmak ve masal anlatma gelene\u011fini s\u00fcrd\u00fcrmek isteyenler i\u00e7in e\u015fsiz bir kaynak olacak. <\/p>\n","protected":false},"excerpt":{"rendered":"<p>Develer tellal iken, Pireler berber iken, Biz annelerimizin be\u015fi\u011fini t\u0131ng\u0131r m\u0131ng\u0131r sallar iken, \u2026gizli hik\u00e2yelerin ve unutulmu\u015f masallar\u0131n b\u00fcy\u00fcl\u00fc d\u00fcnyas\u0131 vard\u0131\u2026 &#8220;Az Bilinen T\u00fcrk Masallar\u0131&#8221; T\u00fcrk<span class=\"excerpt-hellip\"> [\u2026]<\/span><\/p>\n","protected":false},"featured_media":0,"template":"","meta":{"_monsterinsights_skip_tracking":false,"_monsterinsights_sitenote_active":false,"_monsterinsights_sitenote_note":"","_monsterinsights_sitenote_category":0},"product_brand":[],"product_cat":[12274,12523],"product_tag":[],"class_list":{"0":"post-760174","1":"product","2":"type-product","3":"status-publish","5":"product_cat-cocuk-ve-genclik-kitaplari","6":"product_cat-masallar","7":"pa_cilt-ciltsiz","8":"pa_tur-kitap","9":"pa_yayinevi-kirmizi-ada-yayinlari","10":"pa_yazar-kolektif","12":"first","13":"instock","14":"sale","15":"shipping-taxable","16":"purchasable","17":"product-type-simple"},"_links":{"self":[{"href":"https:\/\/roveyayinevi.com.tr\/index.php\/wp-json\/wp\/v2\/product\/760174","targetHints":{"allow":["GET"]}}],"collection":[{"href":"https:\/\/roveyayinevi.com.tr\/index.php\/wp-json\/wp\/v2\/product"}],"about":[{"href":"https:\/\/roveyayinevi.com.tr\/index.php\/wp-json\/wp\/v2\/types\/product"}],"wp:attachment":[{"href":"https:\/\/roveyayinevi.com.tr\/index.php\/wp-json\/wp\/v2\/media?parent=760174"}],"wp:term":[{"taxonomy":"product_brand","embeddable":true,"href":"https:\/\/roveyayinevi.com.tr\/index.php\/wp-json\/wp\/v2\/product_brand?post=760174"},{"taxonomy":"product_cat","embeddable":true,"href":"https:\/\/roveyayinevi.com.tr\/index.php\/wp-json\/wp\/v2\/product_cat?post=760174"},{"taxonomy":"product_tag","embeddable":true,"href":"https:\/\/roveyayinevi.com.tr\/index.php\/wp-json\/wp\/v2\/product_tag?post=760174"}],"curies":[{"name":"wp","href":"https:\/\/api.w.org\/{rel}","templated":true}]}}