{"id":760173,"date":"2025-08-28T08:57:33","date_gmt":"2025-08-28T05:57:33","guid":{"rendered":"https:\/\/roveyayinevi.com.tr\/index.php\/urun\/kisas\/"},"modified":"2026-04-16T03:13:04","modified_gmt":"2026-04-16T00:13:04","slug":"kisas","status":"publish","type":"product","link":"https:\/\/roveyayinevi.com.tr\/index.php\/urun\/kisas\/","title":{"rendered":"K\u0131sas"},"content":{"rendered":"<p>Her kitab\u0131n bir hik\u00e2yesi vard\u0131r. Bu kitab\u0131n hik\u00e2yesi Yazar\u2019\u0131n Hamburg\u2019ta ba\u015flayan ser\u00fcveniyle do\u011fuyor. Oradaki ac\u0131 tatl\u0131 hat\u0131ralar\u0131n\u0131 i\u00e7ten bir \u00fcslupla okurlar\u0131yla payla\u015fan Turgay Hekimo\u011flu, bir yandan da d\u00f6nemin toplumsal olaylar\u0131n\u0131 sosyolojik ve siyasi bir bak\u0131\u015f a\u00e7\u0131s\u0131yla ele al\u0131yor. Ayn\u0131 zamanda, Almanya\u2019ya \u201cmisafir i\u015f\u00e7i\u201d olarak giden T\u00fcrklerin, \u00fclkenin t\u00fcm g\u00fczelliklerinin yan\u0131nda orada \u00e7ektikleri s\u0131k\u0131nt\u0131lar\u0131 ve kar\u015f\u0131la\u015ft\u0131klar\u0131 zorluklar\u0131 okurlar\u0131na aktar\u0131yor. B\u00f6ylece Almanya\u2019n\u0131n T\u00fcrkler i\u00e7in bir y\u00f6n\u00fcyle \u201cac\u0131 vatan\u201d oldu\u011fu mesaj\u0131n\u0131 veriyor. K\u0131sas ad\u0131n\u0131; \u00fclkesinden uzakta, vatan millet sevgisini her daim y\u00fcre\u011finde canl\u0131 tutan bir grup T\u00fcrk gencinin, Hamburg\u2019ta T\u00fcrklere ve farkl\u0131 milletten insanlara y\u00f6nelik \u0131rk\u00e7\u0131l\u0131k faaliyetleri y\u00fcr\u00fcten Nazi \u00e7etesine verdi\u011fi dersten al\u0131yor. Hekimo\u011flu, ki\u015fisel tecr\u00fcbelerini okurlar\u0131na anlatman\u0131n yan\u0131 s\u0131ra, ge\u00e7mi\u015fin izlerini g\u00fcn\u00fcm\u00fcze ta\u015f\u0131yarak bir anlamda toplumun aynas\u0131 oluyor. K\u0131sas sizi, toplumsal dinamikler ve g\u00f6\u00e7menlik \u00fczerine d\u00fc\u015f\u00fcnmeye sevk edecek&#8230;<\/p>\n","protected":false},"excerpt":{"rendered":"<p>Her kitab\u0131n bir hik\u00e2yesi vard\u0131r. Bu kitab\u0131n hik\u00e2yesi Yazar\u2019\u0131n Hamburg\u2019ta ba\u015flayan ser\u00fcveniyle do\u011fuyor. Oradaki ac\u0131 tatl\u0131 hat\u0131ralar\u0131n\u0131 i\u00e7ten bir \u00fcslupla okurlar\u0131yla payla\u015fan Turgay Hekimo\u011flu, bir yandan<span class=\"excerpt-hellip\"> [\u2026]<\/span><\/p>\n","protected":false},"featured_media":0,"template":"","meta":{"_monsterinsights_skip_tracking":false,"_monsterinsights_sitenote_active":false,"_monsterinsights_sitenote_note":"","_monsterinsights_sitenote_category":0},"product_brand":[],"product_cat":[12291,12711],"product_tag":[],"class_list":{"0":"post-760173","1":"product","2":"type-product","3":"status-publish","5":"product_cat-edebiyat","6":"product_cat-roman-oyku","7":"pa_cilt-ciltsiz","8":"pa_tur-kitap","9":"pa_yayinevi-elpis-yayinlari","10":"pa_yazar-turgay-hekimoglu","12":"first","13":"instock","14":"sale","15":"shipping-taxable","16":"purchasable","17":"product-type-simple"},"_links":{"self":[{"href":"https:\/\/roveyayinevi.com.tr\/index.php\/wp-json\/wp\/v2\/product\/760173","targetHints":{"allow":["GET"]}}],"collection":[{"href":"https:\/\/roveyayinevi.com.tr\/index.php\/wp-json\/wp\/v2\/product"}],"about":[{"href":"https:\/\/roveyayinevi.com.tr\/index.php\/wp-json\/wp\/v2\/types\/product"}],"wp:attachment":[{"href":"https:\/\/roveyayinevi.com.tr\/index.php\/wp-json\/wp\/v2\/media?parent=760173"}],"wp:term":[{"taxonomy":"product_brand","embeddable":true,"href":"https:\/\/roveyayinevi.com.tr\/index.php\/wp-json\/wp\/v2\/product_brand?post=760173"},{"taxonomy":"product_cat","embeddable":true,"href":"https:\/\/roveyayinevi.com.tr\/index.php\/wp-json\/wp\/v2\/product_cat?post=760173"},{"taxonomy":"product_tag","embeddable":true,"href":"https:\/\/roveyayinevi.com.tr\/index.php\/wp-json\/wp\/v2\/product_tag?post=760173"}],"curies":[{"name":"wp","href":"https:\/\/api.w.org\/{rel}","templated":true}]}}