{"id":760172,"date":"2025-08-28T08:57:31","date_gmt":"2025-08-28T05:57:31","guid":{"rendered":"https:\/\/roveyayinevi.com.tr\/index.php\/urun\/hainin-muhru\/"},"modified":"2025-12-30T11:22:50","modified_gmt":"2025-12-30T08:22:50","slug":"hainin-muhru","status":"publish","type":"product","link":"https:\/\/roveyayinevi.com.tr\/index.php\/urun\/hainin-muhru\/","title":{"rendered":"Hainin M\u00fchr\u00fc"},"content":{"rendered":"<p>Binlerce y\u0131l \u00f6nce, insanlar\u0131n a\u00e7g\u00f6zl\u00fcl\u00fc\u011f\u00fc do\u011fay\u0131 t\u00fcketti\u011finde b\u00fcy\u00fck bir tufan koptu ve Derin Deniz bilinen d\u00fcnyay\u0131 yuttu. \u0130lk D\u00fcnya sular alt\u0131nda kaybolurken, \u0130kinci D\u00fcnya da\u011flara s\u0131\u011f\u0131nan az say\u0131da insan\u0131n ya\u015fad\u0131\u011f\u0131 Kaya \u015eehirleri olarak yeniden do\u011fdu. Derin Deniz&#8217;in uzak bir k\u00f6\u015fesinde ise kurtulmay\u0131 ba\u015faran di\u011fer insanlar\u0131n Ark Ulusu ad\u0131n\u0131 verdikleri bir ada, dalgalar\u0131n bo\u011famad\u0131\u011f\u0131 tek ger\u00e7ek toprak par\u00e7as\u0131 olarak ayakta kald\u0131. Ancak bu ulus, Kaya \u015eehirleri&#8217;ndeki insanlar\u0131 yan\u0131na almamaya kararl\u0131yd\u0131. Ark Ulusu, d\u00fczenli olarak Kaya \u015eehirleri&#8217;ne erzak ula\u015ft\u0131r\u0131p onlar\u0131 hayatta tutsa da bu erzaklar\u0131n bedeli; Kayal\u0131 \u00e7ocuklard\u0131. Se\u00e7ilen Kayal\u0131 \u00e7ocuklar Ark Ulusu\u2019nun donanmas\u0131nda sava\u015fmak i\u00e7in y\u0131llarca e\u011fitiliyor, Gezginler ad\u0131 verilen deniz haydutlar\u0131ndan Ark\u2019\u0131n bereketli topraklar\u0131n\u0131 korumaya \u00e7al\u0131\u015f\u0131yorlard\u0131. Aralar\u0131ndan se\u00e7ilemeyenler ise \u00c7\u00fcr\u00fck olarak damgalanarak, umutsuz ve \u00e7orak Kayalar\u2019\u0131n insaf\u0131na b\u0131rak\u0131l\u0131yordu.    Lunulata, \u00c7\u00fcr\u00fck kaderini reddedip destans\u0131 bir hikaye yazmaya karar verdi\u011finde yan\u0131nda sadece karde\u015fi Arm vard\u0131 ve bu ser\u00fcven onu kendisi gibi \u00f6zg\u00fcrl\u00fcklerinin pe\u015finde olan, Dante, Beau ve Hodbin ile bir araya getirdi.   Birlikte, bilinmeyen bir limana ula\u015fmak i\u00e7in imk\u00e2ns\u0131z bir yolculu\u011fa at\u0131ld\u0131klar\u0131nda tehlikelerle; dolu, heyecan verici bir macera da ba\u015flam\u0131\u015f oldu. Gezginler, Ark Ulusu ve Kaya \u015eehirleri aras\u0131ndaki entrikalar, ihanet ve s\u0131rlarla dolu bir d\u00fcnyada, birbirine hi\u00e7 g\u00fcvenmeyen bu be\u015f gen\u00e7, \u00f6zg\u00fcrl\u00fcklerini kazanmak i\u00e7in m\u00fccadele etmek zorundalar. Peki, ula\u015fmak istedikleri liman ger\u00e7ekten var m\u0131? Ya da oraya varmak i\u00e7in kendilerine bile ihanet etmeyi g\u00f6ze alabilecekler mi?   ***   \u00d6vg\u00fc Deveci Safi; \u2018Hainin M\u00fchr\u00fc\u2019nde\u2019, kendine has betimlemeleriyle bir solukta bitirebilece\u011finiz, birbirinden farkl\u0131 be\u015f gencin hik\u00e2yelerinin bulu\u015ftu\u011fu, distopik bir d\u00fcnyan\u0131n kap\u0131lar\u0131n\u0131 aral\u0131yor. <\/p>\n","protected":false},"excerpt":{"rendered":"<p>Binlerce y\u0131l \u00f6nce, insanlar\u0131n a\u00e7g\u00f6zl\u00fcl\u00fc\u011f\u00fc do\u011fay\u0131 t\u00fcketti\u011finde b\u00fcy\u00fck bir tufan koptu ve Derin Deniz bilinen d\u00fcnyay\u0131 yuttu. \u0130lk D\u00fcnya sular alt\u0131nda kaybolurken, \u0130kinci D\u00fcnya da\u011flara s\u0131\u011f\u0131nan<span class=\"excerpt-hellip\"> [\u2026]<\/span><\/p>\n","protected":false},"featured_media":0,"template":"","meta":{"_monsterinsights_skip_tracking":false,"_monsterinsights_sitenote_active":false,"_monsterinsights_sitenote_note":"","_monsterinsights_sitenote_category":0},"product_brand":[],"product_cat":[12291,14777],"product_tag":[],"class_list":{"0":"post-760172","1":"product","2":"type-product","3":"status-publish","5":"product_cat-edebiyat","6":"product_cat-fantastik","7":"pa_cilt-ciltsiz","8":"pa_tur-kitap","9":"pa_yayinevi-perseus","10":"pa_yazar-ovgu-deveci-safi","12":"first","13":"instock","14":"sale","15":"shipping-taxable","16":"purchasable","17":"product-type-simple"},"_links":{"self":[{"href":"https:\/\/roveyayinevi.com.tr\/index.php\/wp-json\/wp\/v2\/product\/760172","targetHints":{"allow":["GET"]}}],"collection":[{"href":"https:\/\/roveyayinevi.com.tr\/index.php\/wp-json\/wp\/v2\/product"}],"about":[{"href":"https:\/\/roveyayinevi.com.tr\/index.php\/wp-json\/wp\/v2\/types\/product"}],"wp:attachment":[{"href":"https:\/\/roveyayinevi.com.tr\/index.php\/wp-json\/wp\/v2\/media?parent=760172"}],"wp:term":[{"taxonomy":"product_brand","embeddable":true,"href":"https:\/\/roveyayinevi.com.tr\/index.php\/wp-json\/wp\/v2\/product_brand?post=760172"},{"taxonomy":"product_cat","embeddable":true,"href":"https:\/\/roveyayinevi.com.tr\/index.php\/wp-json\/wp\/v2\/product_cat?post=760172"},{"taxonomy":"product_tag","embeddable":true,"href":"https:\/\/roveyayinevi.com.tr\/index.php\/wp-json\/wp\/v2\/product_tag?post=760172"}],"curies":[{"name":"wp","href":"https:\/\/api.w.org\/{rel}","templated":true}]}}