{"id":760171,"date":"2025-08-28T08:57:29","date_gmt":"2025-08-28T05:57:29","guid":{"rendered":"https:\/\/roveyayinevi.com.tr\/index.php\/urun\/zeytingoz\/"},"modified":"2026-04-16T03:13:04","modified_gmt":"2026-04-16T00:13:04","slug":"zeytingoz","status":"publish","type":"product","link":"https:\/\/roveyayinevi.com.tr\/index.php\/urun\/zeytingoz\/","title":{"rendered":"Zeyting\u00f6z"},"content":{"rendered":"<p>\u201cBu yol uzundur \/ Menzili \u00e7oktur \/ Derin sular var.\u201d \u201cG\u00fcbreye inip kalkan kargalar \/ Has bah\u00e7ede g\u00fcl kadrini ne bilir?\u201d Yunus Emre   Hayvanlar \u00e2leminin g\u00f6z\u00fcnden anlat\u0131lan, iyilik ve k\u00f6t\u00fcl\u00fc\u011f\u00fcn sava\u015f\u0131n\u0131 konu edinen kitapta insan, bir yol g\u00f6sterici olarak yer al\u0131yor. \u201cAk\u0131l ba\u015fka bir ak\u0131lla birle\u015firse ortaya yol \u00e7\u0131kar,\u201d diyen Yunus Emre&#8217;nin rehberli\u011finde yollara d\u00fc\u015fen kahramanlar\u0131m\u0131z, bir\u00e7ok sab\u0131r s\u0131nav\u0131ndan ge\u00e7ecekler, Emin Belde&#8217;ye ula\u015fmak i\u00e7in S\u0131rl\u0131 C\u00fcmle&#8217;yi bulmaya \u00e7al\u0131\u015facaklard\u0131r.  \u0130lgin\u00e7 bir bak\u0131\u015f a\u00e7\u0131s\u0131yla yaz\u0131lan kitap, insan\u0131 kendi i\u00e7inde bir yolculu\u011fa \u00e7\u0131kar\u0131yor.<\/p>\n","protected":false},"excerpt":{"rendered":"<p>\u201cBu yol uzundur \/ Menzili \u00e7oktur \/ Derin sular var.\u201d \u201cG\u00fcbreye inip kalkan kargalar \/ Has bah\u00e7ede g\u00fcl kadrini ne bilir?\u201d Yunus Emre Hayvanlar \u00e2leminin g\u00f6z\u00fcnden<span class=\"excerpt-hellip\"> [\u2026]<\/span><\/p>\n","protected":false},"featured_media":0,"template":"","meta":{"_monsterinsights_skip_tracking":false,"_monsterinsights_sitenote_active":false,"_monsterinsights_sitenote_note":"","_monsterinsights_sitenote_category":0},"product_brand":[],"product_cat":[12291,14777],"product_tag":[],"class_list":{"0":"post-760171","1":"product","2":"type-product","3":"status-publish","5":"product_cat-edebiyat","6":"product_cat-fantastik","7":"pa_cilt-ciltsiz","8":"pa_tur-kitap","9":"pa_yayinevi-elpis-yayinlari","10":"pa_yazar-mustafa-tuncay","12":"first","13":"instock","14":"sale","15":"shipping-taxable","16":"purchasable","17":"product-type-simple"},"_links":{"self":[{"href":"https:\/\/roveyayinevi.com.tr\/index.php\/wp-json\/wp\/v2\/product\/760171","targetHints":{"allow":["GET"]}}],"collection":[{"href":"https:\/\/roveyayinevi.com.tr\/index.php\/wp-json\/wp\/v2\/product"}],"about":[{"href":"https:\/\/roveyayinevi.com.tr\/index.php\/wp-json\/wp\/v2\/types\/product"}],"wp:attachment":[{"href":"https:\/\/roveyayinevi.com.tr\/index.php\/wp-json\/wp\/v2\/media?parent=760171"}],"wp:term":[{"taxonomy":"product_brand","embeddable":true,"href":"https:\/\/roveyayinevi.com.tr\/index.php\/wp-json\/wp\/v2\/product_brand?post=760171"},{"taxonomy":"product_cat","embeddable":true,"href":"https:\/\/roveyayinevi.com.tr\/index.php\/wp-json\/wp\/v2\/product_cat?post=760171"},{"taxonomy":"product_tag","embeddable":true,"href":"https:\/\/roveyayinevi.com.tr\/index.php\/wp-json\/wp\/v2\/product_tag?post=760171"}],"curies":[{"name":"wp","href":"https:\/\/api.w.org\/{rel}","templated":true}]}}