{"id":760165,"date":"2025-08-28T08:57:17","date_gmt":"2025-08-28T05:57:17","guid":{"rendered":"https:\/\/roveyayinevi.com.tr\/index.php\/urun\/fenike-miti-ve-fenikecilik\/"},"modified":"2026-04-16T03:13:04","modified_gmt":"2026-04-16T00:13:04","slug":"fenike-miti-ve-fenikecilik","status":"publish","type":"product","link":"https:\/\/roveyayinevi.com.tr\/index.php\/urun\/fenike-miti-ve-fenikecilik\/","title":{"rendered":"Fenike Miti ve Fenikecilik"},"content":{"rendered":"<p>\u201cFrans\u0131z \u015earkiyat\u00e7\u0131lar a\u011f\u0131rl\u0131kta olmak \u00fczere, 18. y\u00fczy\u0131l sonu ve uzun 19. y\u00fczy\u0131l boyunca bir grup Avrupal\u0131 yazar\u0131n \u00e7al\u0131\u015fmalar\u0131 vas\u0131tas\u0131yla kurulan s\u00f6ylem, \u201cistisnai\u201d bir temsil olarak Grand Liban\u2019\u0131 ve modern anlamda bir L\u00fcbnan devletini m\u00fcmk\u00fcn k\u0131lm\u0131\u015f, dahas\u0131 bu temsilden do\u011fan milliyet\u00e7i s\u00f6ylem alan\u0131 i\u00e7erisinde Fenikeci hareketi do\u011furmu\u015ftur. Olu\u015fan bu L\u00fcbnan temsili, L\u00fcbnan\u2019\u0131 Said\u2019in inceledi\u011fi \u015fekliyle kurulan \u015eark temsilinden ba\u011f\u0131ms\u0131z, istisnai bir imaj olarak i\u00e7erir ve L\u00fcbnanl\u0131lar\u0131 Fenikelilerin torunu olarak kodlayarak L\u00fcbnan\u2019\u0131 \u201c\u015eark i\u00e7erisindeki Garp\u201d formunda (yeniden) okur. Modern L\u00fcbnan\u2019\u0131 m\u00fcmk\u00fcn k\u0131lan, Frans\u0131z himayesi alt\u0131nda bir Hristiyan yurdu olarak kurumsalla\u015ft\u0131ran ve Akdeniz \u00fczerinden Avrupa medeniyetinin bir k\u00fc\u00e7\u00fck \u00fcyesi haline getiren bu s\u00f6ylem; \u00e7evresinden yal\u0131t\u0131lm\u0131\u015f, Arap de\u011fil Fenikeli, M\u00fcsl\u00fcman de\u011fil Hristiyan ve Ortado\u011fulu de\u011fil Akdenizli bir k\u00fclt\u00fcrel yap\u0131 \u00f6ng\u00f6r\u00fcr.\u201d L\u00fcbnan\u2019\u0131; Arap ve Do\u011fulu niteliklerinden soyutlanm\u0131\u015f, Akdenizli antik bir medeniyetin varisi, \u201ckozmopolit\u201d ama \u201cH\u0131ristiyan karakterli\u201d bir istisna olarak sunma giri\u015fimi, u\u011fruna \u201c\u015fiir yaz\u0131labilecek\u201d bir \u00fclke in\u015fa edilmesinin \u00f6n\u00fcn\u00fc a\u00e7\u0131yordu. 19. y\u00fczy\u0131lda Frans\u0131z \u015earkiyat\u00e7\u0131lar, gezginler ve d\u00fc\u015f\u00fcn\u00fcrler L\u00fcbnan\u2019\u0131 antik Fenike\u2019nin miras\u00e7\u0131s\u0131, \u015eark i\u00e7inde korunmu\u015f bir Garp adac\u0131\u011f\u0131 olarak g\u00f6rd\u00fcler ve L\u00fcbnanl\u0131lara Fransa taraf\u0131ndan \u201cbah\u015fedilecek\u201d bir \u00fclkenin, kadim Fenike gelene\u011fini yeniden ya\u015fatmak anlam\u0131na gelece\u011fini d\u00fc\u015f\u00fcnd\u00fcler.  Bu kitap, modern L\u00fcbnan fikrini m\u00fcmk\u00fcn k\u0131lan s\u00f6ylemsel bir gelene\u011fin ve bu gelene\u011fin \u00fcretti\u011fi kurucu-mitin detayl\u0131 bir analizini sunuyor. Antik Yunan\u2019dan itibaren Bat\u0131\u2019n\u0131n Fenikelileri ya da L\u00fcbnanl\u0131lar\u0131 alg\u0131lay\u0131\u015f ve temsil etme bi\u00e7imleri \u00fczerinde durarak bunun 19. y\u00fczy\u0131l \u015earkiyat\u00e7\u0131l\u0131\u011f\u0131 i\u00e7erisinde belirli y\u00f6nde bir d\u00fc\u015f\u00fcnce prati\u011fini \u00fcretti\u011fini iddia ediyor. Elinizdeki \u00e7al\u0131\u015fma; Lamartine, Nerval, Flaubert gibi \u015eark seyyahlar\u0131n\u0131n eserlerinden Ernest Renan\u2019\u0131n Mission de Ph\u00e9nicie\u2019sine ve Victor B\u00e9rard\u2019\u0131n Les Ph\u00e9niciens et l\u2019Odyss\u00e9e\u2019sine dek Frans\u0131z yaz\u0131n\u0131nda L\u00fcbnan\u2019\u0131 Fenike\u2019ye e\u015fle\u015ftiren s\u00f6ylem bi\u00e7iminin izini s\u00fcr\u00fcyor. Bu, ayn\u0131 zamanda L\u00fcbnanl\u0131 M\u00e2r\u00fbn\u00eelerle Frans\u0131zlar aras\u0131ndaki, k\u00f6kenleri Ha\u00e7l\u0131 Seferleri\u2019ne dayanan siyaset-\u00fcst\u00fc ili\u015fkiyi de \u00f6nemli hale getiriyor. 20. y\u00fczy\u0131l\u0131n hemen ba\u015f\u0131nda kendilerine \u201cGen\u00e7 Fenikeliler\u201d diyen bir grup L\u00fcbnanl\u0131 H\u0131ristiyan\u2019\u0131n edeb\u00ee ve k\u00fclt\u00fcrel faaliyetleri, modern L\u00fcbnan\u2019\u0131n \u00e7okk\u00fclt\u00fcrl\u00fc, Bat\u0131l\u0131, \u201cFrans\u0131z\u201d bir siyasal birim olarak te\u015fekk\u00fcl\u00fcn\u00fc m\u00fcmk\u00fcn k\u0131l\u0131yor.<\/p>\n","protected":false},"excerpt":{"rendered":"<p>\u201cFrans\u0131z \u015earkiyat\u00e7\u0131lar a\u011f\u0131rl\u0131kta olmak \u00fczere, 18. y\u00fczy\u0131l sonu ve uzun 19. y\u00fczy\u0131l boyunca bir grup Avrupal\u0131 yazar\u0131n \u00e7al\u0131\u015fmalar\u0131 vas\u0131tas\u0131yla kurulan s\u00f6ylem, \u201cistisnai\u201d bir temsil olarak Grand<span class=\"excerpt-hellip\"> [\u2026]<\/span><\/p>\n","protected":false},"featured_media":0,"template":"","meta":{"_monsterinsights_skip_tracking":false,"_monsterinsights_sitenote_active":false,"_monsterinsights_sitenote_note":"","_monsterinsights_sitenote_category":0},"product_brand":[],"product_cat":[12370,12304],"product_tag":[],"class_list":{"0":"post-760165","1":"product","2":"type-product","3":"status-publish","5":"product_cat-arastirma-inceleme","6":"product_cat-tarih","7":"pa_cilt-ciltsiz","8":"pa_tur-kitap","9":"pa_yayinevi-vakifbank-kultur-yayinlari","10":"pa_yazar-mehmet-fahri-danis","12":"first","13":"instock","14":"sale","15":"shipping-taxable","16":"purchasable","17":"product-type-simple"},"_links":{"self":[{"href":"https:\/\/roveyayinevi.com.tr\/index.php\/wp-json\/wp\/v2\/product\/760165","targetHints":{"allow":["GET"]}}],"collection":[{"href":"https:\/\/roveyayinevi.com.tr\/index.php\/wp-json\/wp\/v2\/product"}],"about":[{"href":"https:\/\/roveyayinevi.com.tr\/index.php\/wp-json\/wp\/v2\/types\/product"}],"wp:attachment":[{"href":"https:\/\/roveyayinevi.com.tr\/index.php\/wp-json\/wp\/v2\/media?parent=760165"}],"wp:term":[{"taxonomy":"product_brand","embeddable":true,"href":"https:\/\/roveyayinevi.com.tr\/index.php\/wp-json\/wp\/v2\/product_brand?post=760165"},{"taxonomy":"product_cat","embeddable":true,"href":"https:\/\/roveyayinevi.com.tr\/index.php\/wp-json\/wp\/v2\/product_cat?post=760165"},{"taxonomy":"product_tag","embeddable":true,"href":"https:\/\/roveyayinevi.com.tr\/index.php\/wp-json\/wp\/v2\/product_tag?post=760165"}],"curies":[{"name":"wp","href":"https:\/\/api.w.org\/{rel}","templated":true}]}}