{"id":760163,"date":"2025-08-28T08:57:13","date_gmt":"2025-08-28T05:57:13","guid":{"rendered":"https:\/\/roveyayinevi.com.tr\/index.php\/urun\/alfabesiz-kuslar-cocuklar-icin-siirler\/"},"modified":"2026-04-16T03:13:04","modified_gmt":"2026-04-16T00:13:04","slug":"alfabesiz-kuslar-cocuklar-icin-siirler","status":"publish","type":"product","link":"https:\/\/roveyayinevi.com.tr\/index.php\/urun\/alfabesiz-kuslar-cocuklar-icin-siirler\/","title":{"rendered":"Alfabesiz Ku\u015flar &#8211; \u00c7ocuklar \u0130\u00e7in \u015eiirler"},"content":{"rendered":"<p>Ne dersin\u0130 harfiB\u00fcy\u00fcy\u00fcnceSer\u00e7e parma\u011f\u0131ndaUyusun ister misinG\u00f6\u00e7men ku\u015flar\u0131n kalbi?\u0130 Harfinin R\u00fcyas\u0131Sen bilirsinG harfiAcemi ya\u011fmurE\u011fri mi ya\u011far?Acemi Ya\u011fmur\u015eair G\u00f6khan Ak\u00e7i\u00e7ek \u00e7ocuklar\u0131, gen\u00e7leri ve t\u00fcm \u015fiir severleri kelimeler ve seslerin d\u00fcnyas\u0131nda bir yolcu\u011fa \u00e7\u0131kmaya davet ediyor. Kitap \u015fairin \u00fc\u00e7 ayr\u0131 ba\u015fl\u0131k alt\u0131nda bir araya getirdi\u011fi \u00e7ocuk \u015fiirlerinden olu\u015fuyor:Her Harfin Bir \u015eiiri Var, Alfabesiz Ku\u015flar ve Kelebek Sevinci.<\/p>\n","protected":false},"excerpt":{"rendered":"<p>Ne dersin\u0130 harfiB\u00fcy\u00fcy\u00fcnceSer\u00e7e parma\u011f\u0131ndaUyusun ister misinG\u00f6\u00e7men ku\u015flar\u0131n kalbi?\u0130 Harfinin R\u00fcyas\u0131Sen bilirsinG harfiAcemi ya\u011fmurE\u011fri mi ya\u011far?Acemi Ya\u011fmur\u015eair G\u00f6khan Ak\u00e7i\u00e7ek \u00e7ocuklar\u0131, gen\u00e7leri ve t\u00fcm \u015fiir severleri kelimeler ve<span class=\"excerpt-hellip\"> [\u2026]<\/span><\/p>\n","protected":false},"featured_media":0,"template":"","meta":{"_monsterinsights_skip_tracking":false,"_monsterinsights_sitenote_active":false,"_monsterinsights_sitenote_note":"","_monsterinsights_sitenote_category":0},"product_brand":[],"product_cat":[12274],"product_tag":[],"class_list":{"0":"post-760163","1":"product","2":"type-product","3":"status-publish","5":"product_cat-cocuk-ve-genclik-kitaplari","6":"pa_cilt-ciltsiz","7":"pa_tur-kitap","8":"pa_yayinevi-vakifbank-kultur-yayinlari","9":"pa_yazar-gokhan-akcicek","11":"first","12":"instock","13":"sale","14":"shipping-taxable","15":"purchasable","16":"product-type-simple"},"_links":{"self":[{"href":"https:\/\/roveyayinevi.com.tr\/index.php\/wp-json\/wp\/v2\/product\/760163","targetHints":{"allow":["GET"]}}],"collection":[{"href":"https:\/\/roveyayinevi.com.tr\/index.php\/wp-json\/wp\/v2\/product"}],"about":[{"href":"https:\/\/roveyayinevi.com.tr\/index.php\/wp-json\/wp\/v2\/types\/product"}],"wp:attachment":[{"href":"https:\/\/roveyayinevi.com.tr\/index.php\/wp-json\/wp\/v2\/media?parent=760163"}],"wp:term":[{"taxonomy":"product_brand","embeddable":true,"href":"https:\/\/roveyayinevi.com.tr\/index.php\/wp-json\/wp\/v2\/product_brand?post=760163"},{"taxonomy":"product_cat","embeddable":true,"href":"https:\/\/roveyayinevi.com.tr\/index.php\/wp-json\/wp\/v2\/product_cat?post=760163"},{"taxonomy":"product_tag","embeddable":true,"href":"https:\/\/roveyayinevi.com.tr\/index.php\/wp-json\/wp\/v2\/product_tag?post=760163"}],"curies":[{"name":"wp","href":"https:\/\/api.w.org\/{rel}","templated":true}]}}