{"id":760161,"date":"2025-08-28T08:57:09","date_gmt":"2025-08-28T05:57:09","guid":{"rendered":"https:\/\/roveyayinevi.com.tr\/index.php\/urun\/amerika-birlesik-devletleri-tarihi\/"},"modified":"2026-04-16T03:13:04","modified_gmt":"2026-04-16T00:13:04","slug":"amerika-birlesik-devletleri-tarihi","status":"publish","type":"product","link":"https:\/\/roveyayinevi.com.tr\/index.php\/urun\/amerika-birlesik-devletleri-tarihi\/","title":{"rendered":"Amerika Birle\u015fik Devletleri Tarihi"},"content":{"rendered":"<p>Amerikan deneyi, Thomas Jefferson\u2019\u0131n \u201cBu ger\u00e7ekler\u201d dedi\u011fi \u00fc\u00e7 farkl\u0131 siyasi fikre dayan\u0131yordu: Politik e\u015fitlik, do\u011fal haklar ve halk\u0131n egemenli\u011fi. Jefferson, 1776 senesinde, Ba\u011f\u0131ms\u0131zl\u0131k Bildirgesi\u2019nin bir tasla\u011f\u0131nda, \u201cBiz bu ger\u00e7ekleri kutsal ve yads\u0131namaz kabul ediyoruz\u201d diye yazm\u0131\u015ft\u0131 \u2026 Bu fikirlerin k\u00f6kleri Aristoteles kadar antik, Genesis kadar eski ve dallar\u0131 bir me\u015fenin dallar\u0131 kadar uzundu. Bunlar bu ulusun kurulu\u015f ilkeleridir; bunlar ilan edilerek ulus olu\u015fmu\u015ftur. Takip eden as\u0131rlarda bu ilkeler el \u00fcst\u00fcnde tutulmu\u015f, yerilmi\u015f, bunlara kar\u015f\u0131 \u00e7\u0131k\u0131lm\u0131\u015f, onlar i\u00e7in ve onlara kar\u015f\u0131 m\u00fccadeleler verilmi\u015ftir.  Jill Lepore\u2019un, Amerika Birle\u015fik Devletleri Tarihi kitab\u0131, Amerika\u2019n\u0131n ba\u015flang\u0131c\u0131ndan g\u00fcn\u00fcm\u00fcze kadar uzanan m\u00fccadeleler ve \u00e7eli\u015fkilerle dolu tarihine y\u00f6nelik kapsaml\u0131 bir inceleme y\u00fcr\u00fct\u00fcyor. Bu uzun tarihi, \u201cFikir\u201d (1492-1799), \u201cHalk\u201d (1800-1865), \u201cDevlet\u201d (1866-1945) ve \u201cMakine\u201d (1946-2016) \u015feklinde d\u00f6rt temel konu ve ba\u015fl\u0131k alt\u0131nda tart\u0131\u015f\u0131yor. Lepore\u2019un bu kapsaml\u0131 incelemesi, Amerikan ulusunun ideolojik temellerini ve tarih boyunca bu temellerin nas\u0131l tezah\u00fcr etti\u011fini, yaln\u0131zca siyasi liderlere ya da \u00f6nemli olaylara de\u011fil, ayn\u0131 zamanda d\u00f6nemin toplumsal olaylar\u0131na, ekonomik de\u011fi\u015fimlere ve k\u00fclt\u00fcrel geli\u015fmelere de de\u011finerek ortaya koyuyor. Birle\u015fik Devletler\u2019in, temel idealleri olarak g\u00f6rd\u00fc\u011f\u00fc \u00f6zg\u00fcrl\u00fck, e\u015fitlik ve halk\u0131n egemenli\u011fi gibi kurucu ilkeleri sorgulayarak, bu idealleri, k\u00f6lelik, \u0131rk\u00e7\u0131l\u0131k, kad\u0131n haklar\u0131 ve g\u00f6\u00e7menlik vb. konulardaki m\u00fccadelelerle i\u00e7 i\u00e7e ge\u00e7irerek ele al\u0131yor. Bu do\u011frultuda Amerikan demokrasisinin zay\u0131fl\u0131klar\u0131n\u0131 ve s\u0131n\u0131rlar\u0131n\u0131 tart\u0131\u015fan Lepore, bir yandan da ulusal kimlik ve demokrasi kavramlar\u0131n\u0131n d\u00f6n\u00fc\u015f\u00fcm\u00fc ba\u011flam\u0131nda Amerikan toplumunun \u00e7e\u015fitli kesimlerinin bu s\u00fcre\u00e7teki rollerini ve birbirleriyle olan etkile\u015fimlerini g\u00f6stermeye \u00e7al\u0131\u015f\u0131yor. Vak\u0131fBank K\u00fclt\u00fcr Yay\u0131nlar\u0131 olarak okurla bulu\u015fturdu\u011fumuz Lepore\u2019un bu eseri, Amerikan tarihini anlamak bak\u0131m\u0131ndan temel bir kaynak olmas\u0131n\u0131n yan\u0131 s\u0131ra, Amerikan toplumunun g\u00fcncel meselelerini ve istikbaldeki yerini anlamak i\u00e7in bir k\u0131lavuzdur.<\/p>\n","protected":false},"excerpt":{"rendered":"<p>Amerikan deneyi, Thomas Jefferson\u2019\u0131n \u201cBu ger\u00e7ekler\u201d dedi\u011fi \u00fc\u00e7 farkl\u0131 siyasi fikre dayan\u0131yordu: Politik e\u015fitlik, do\u011fal haklar ve halk\u0131n egemenli\u011fi. Jefferson, 1776 senesinde, Ba\u011f\u0131ms\u0131zl\u0131k Bildirgesi\u2019nin bir tasla\u011f\u0131nda,<span class=\"excerpt-hellip\"> [\u2026]<\/span><\/p>\n","protected":false},"featured_media":0,"template":"","meta":{"_monsterinsights_skip_tracking":false,"_monsterinsights_sitenote_active":false,"_monsterinsights_sitenote_note":"","_monsterinsights_sitenote_category":0},"product_brand":[],"product_cat":[12370,12304],"product_tag":[],"class_list":{"0":"post-760161","1":"product","2":"type-product","3":"status-publish","5":"product_cat-arastirma-inceleme","6":"product_cat-tarih","7":"pa_cilt-ciltsiz","8":"pa_tur-kitap","9":"pa_yayinevi-vakifbank-kultur-yayinlari","10":"pa_yazar-jill-lepore","12":"first","13":"instock","14":"sale","15":"shipping-taxable","16":"purchasable","17":"product-type-simple"},"_links":{"self":[{"href":"https:\/\/roveyayinevi.com.tr\/index.php\/wp-json\/wp\/v2\/product\/760161","targetHints":{"allow":["GET"]}}],"collection":[{"href":"https:\/\/roveyayinevi.com.tr\/index.php\/wp-json\/wp\/v2\/product"}],"about":[{"href":"https:\/\/roveyayinevi.com.tr\/index.php\/wp-json\/wp\/v2\/types\/product"}],"wp:attachment":[{"href":"https:\/\/roveyayinevi.com.tr\/index.php\/wp-json\/wp\/v2\/media?parent=760161"}],"wp:term":[{"taxonomy":"product_brand","embeddable":true,"href":"https:\/\/roveyayinevi.com.tr\/index.php\/wp-json\/wp\/v2\/product_brand?post=760161"},{"taxonomy":"product_cat","embeddable":true,"href":"https:\/\/roveyayinevi.com.tr\/index.php\/wp-json\/wp\/v2\/product_cat?post=760161"},{"taxonomy":"product_tag","embeddable":true,"href":"https:\/\/roveyayinevi.com.tr\/index.php\/wp-json\/wp\/v2\/product_tag?post=760161"}],"curies":[{"name":"wp","href":"https:\/\/api.w.org\/{rel}","templated":true}]}}