{"id":760160,"date":"2025-08-28T08:57:07","date_gmt":"2025-08-28T05:57:07","guid":{"rendered":"https:\/\/roveyayinevi.com.tr\/index.php\/urun\/canibi-ali-pasa\/"},"modified":"2026-04-16T03:13:03","modified_gmt":"2026-04-16T00:13:03","slug":"canibi-ali-pasa","status":"publish","type":"product","link":"https:\/\/roveyayinevi.com.tr\/index.php\/urun\/canibi-ali-pasa\/","title":{"rendered":"Canibi Ali Pa\u015fa"},"content":{"rendered":"<p>\u2026Ard\u0131ndan her ne kadar \u015fehre girmeye ve kayzere efendisinin dostluk mesaj\u0131n\u0131 ta\u015f\u0131maya istekli olsa da, te\u015frifat konusunda \u201cola\u011fand\u0131\u015f\u0131\u201d isteklerini s\u0131ralamaktayd\u0131. Ali Pa\u015fa, alay\u0131n ilerleyi\u015fi s\u0131ras\u0131nda yan\u0131nda herhangi birinin at s\u00fcrmesini asla kabul edemeyece\u011fini, hele etraf\u0131nda Prens Auersperg ve vekilhar\u00e7 Linderl gibi H\u0131ristiyan zatlar\u0131n bulunmas\u0131na \u201cMuhammed\u00ee dininin\u201d m\u00fcsaade vermedi\u011fini, \u00e7evresinde yaln\u0131zca T\u00fcrklerin olmas\u0131 gerekti\u011fini ve at\u0131n\u0131n yan\u0131nda da T\u00fcrklerin y\u00fcr\u00fcyece\u011fini ifade etmi\u015fti. 1739\u2019da Osmanl\u0131lar 21 sene \u00f6nce kaybettikleri Belgrad\u2019\u0131 Habsburglar\u0131n elinden almay\u0131 ba\u015farm\u0131\u015ft\u0131. Bu \u00f6nemli zaferin ard\u0131ndan iki imparatorluk aras\u0131nda bar\u0131\u015f i\u00e7in karar k\u0131l\u0131nd\u0131. M\u00fczakereler neticesinde kararla\u015ft\u0131r\u0131lan bar\u0131\u015f\u0131n akdi i\u00e7in taraflar b\u00fcy\u00fck el\u00e7ilerini tayin etti. Elinizdeki kitap Habsburg Viyanas\u0131\u2019na g\u00f6nderilen b\u00fcy\u00fck s\u0131fatl\u0131 son el\u00e7imiz C\u00e2nib\u00ee Ali Pa\u015fa\u2019n\u0131n maceras\u0131n\u0131 ele al\u0131yor. 1806 y\u0131l\u0131nda Kutsal Roma Alman \u0130mparatorlu\u011fu tarihe kar\u0131\u015fana kadar birka\u00e7 Osmanl\u0131 el\u00e7isi daha Viyana\u2019ya gitmi\u015f olsa da bunlar orta el\u00e7i ya da fevkalade el\u00e7i olarak g\u00f6nderilmi\u015f, C\u00e2nib\u00ee Ali Pa\u015fa gibi g\u00f6z kama\u015ft\u0131ran, \u015fa\u015faal\u0131, neredeyse bin ki\u015filik bir maiyet sahibi olmam\u0131\u015flard\u0131. G\u00fcn\u00fcm\u00fcze ula\u015fan bir sefaretnamesi olmasa da C\u00e2nib\u00ee Ali Pa\u015fa ve el\u00e7ili\u011fi hakk\u0131nda \u00e7o\u011fu ilk defa g\u00fcn y\u00fcz\u00fcne \u00e7\u0131kan Avusturya ve Osmanl\u0131 ar\u015fiv belgelerinden yap\u0131lm\u0131\u015f bu \u00e7al\u0131\u015fma, erken modern Osmanl\u0131 diplomasi tarih\u00e7ili\u011finde yeni bir ufuk a\u00e7acak.<\/p>\n","protected":false},"excerpt":{"rendered":"<p>\u2026Ard\u0131ndan her ne kadar \u015fehre girmeye ve kayzere efendisinin dostluk mesaj\u0131n\u0131 ta\u015f\u0131maya istekli olsa da, te\u015frifat konusunda \u201cola\u011fand\u0131\u015f\u0131\u201d isteklerini s\u0131ralamaktayd\u0131. Ali Pa\u015fa, alay\u0131n ilerleyi\u015fi s\u0131ras\u0131nda yan\u0131nda<span class=\"excerpt-hellip\"> [\u2026]<\/span><\/p>\n","protected":false},"featured_media":0,"template":"","meta":{"_monsterinsights_skip_tracking":false,"_monsterinsights_sitenote_active":false,"_monsterinsights_sitenote_note":"","_monsterinsights_sitenote_category":0},"product_brand":[],"product_cat":[13517,12304],"product_tag":[],"class_list":{"0":"post-760160","1":"product","2":"type-product","3":"status-publish","5":"product_cat-osmanli-tarihi","6":"product_cat-tarih","7":"pa_cilt-ciltsiz","8":"pa_tur-kitap","9":"pa_yayinevi-vakifbank-kultur-yayinlari","10":"pa_yazar-huseyin-onur-ercan","12":"first","13":"instock","14":"sale","15":"shipping-taxable","16":"purchasable","17":"product-type-simple"},"_links":{"self":[{"href":"https:\/\/roveyayinevi.com.tr\/index.php\/wp-json\/wp\/v2\/product\/760160","targetHints":{"allow":["GET"]}}],"collection":[{"href":"https:\/\/roveyayinevi.com.tr\/index.php\/wp-json\/wp\/v2\/product"}],"about":[{"href":"https:\/\/roveyayinevi.com.tr\/index.php\/wp-json\/wp\/v2\/types\/product"}],"wp:attachment":[{"href":"https:\/\/roveyayinevi.com.tr\/index.php\/wp-json\/wp\/v2\/media?parent=760160"}],"wp:term":[{"taxonomy":"product_brand","embeddable":true,"href":"https:\/\/roveyayinevi.com.tr\/index.php\/wp-json\/wp\/v2\/product_brand?post=760160"},{"taxonomy":"product_cat","embeddable":true,"href":"https:\/\/roveyayinevi.com.tr\/index.php\/wp-json\/wp\/v2\/product_cat?post=760160"},{"taxonomy":"product_tag","embeddable":true,"href":"https:\/\/roveyayinevi.com.tr\/index.php\/wp-json\/wp\/v2\/product_tag?post=760160"}],"curies":[{"name":"wp","href":"https:\/\/api.w.org\/{rel}","templated":true}]}}