{"id":760152,"date":"2025-08-28T08:56:51","date_gmt":"2025-08-28T05:56:51","guid":{"rendered":"https:\/\/roveyayinevi.com.tr\/index.php\/urun\/yes-box-ingilizce-seti-1\/"},"modified":"2026-04-16T03:13:03","modified_gmt":"2026-04-16T00:13:03","slug":"yes-box-ingilizce-seti-1","status":"publish","type":"product","link":"https:\/\/roveyayinevi.com.tr\/index.php\/urun\/yes-box-ingilizce-seti-1\/","title":{"rendered":"YES BOX \u0130ngilizce Seti &#8211; 1"},"content":{"rendered":"<p>YES BOX NED\u0130R? T\u00fcrkiye Zeka Vakf\u0131 taraf\u0131ndan geli\u015ftirilen Youngsters\u2019 English School (YES), okul \u00f6ncesi e\u011fitim kurumlar\u0131nda uygulanmak \u00fczere tasarlanan \u0130ngilizce e\u011fitim program\u0131n\u0131n genel ismidir. T\u00fcrk akademisyenlerce haz\u0131rlanan ve t\u00fcm i\u00e7erikleri orijinal olan bu \u00f6\u011fretim program\u0131, \u00fclkemizde okul \u00f6ncesi d\u00f6nem i\u00e7in tasarlanm\u0131\u015f ilk ve tek e\u011fitim program\u0131 olarak \u00f6ne \u00e7\u0131kmaktad\u0131r. YES Box ise bu m\u00fcfredat\u0131n izlence (y\u0131ll\u0131k plan) ve materyal boyutlar\u0131n\u0131 temsil etmekte olup, ODT\u00dc Yay\u0131nc\u0131l\u0131k arac\u0131l\u0131\u011f\u0131yla taraf\u0131n\u0131za sunulmaktad\u0131r. YES Box, \u201cYoungsters\u2019 English School\u201d isimli e\u011fitim program\u0131yla paralel olacak \u015fekilde haz\u0131rlanan, zek\u00e2 ve yetene\u011fe dayal\u0131 e\u011flenceli etkinlikler ve oyunlarla \u0130ngilizce \u00f6\u011frenme deneyimi sunan \u0130ngilizce setidir. \u00dc\u00e7, d\u00f6rt ve be\u015f ya\u015f gruplar\u0131 i\u00e7in tasarlanan YES Box, hem veli hem de \u00e7ocuk i\u00e7in \u00f6\u011frenme deneyimi sunmaktad\u0131r. Ayr\u0131ca veliye ve \u0130ngilizce \u00f6\u011fretmenine, \u00e7ocuklar\u0131n \u0130ngilizce \u00f6\u011frenme s\u00fcrecinde nas\u0131l y\u00f6nlendirilmesi gerekti\u011fi konusunda bir mektup, yap\u0131n\u0131z\/yapmay\u0131n\u0131z listesi ve t\u00fcm kutu etkinliklerinin nas\u0131l uygulanmas\u0131 gerekti\u011fi konusunda bir \u00d6\u011frenme K\u0131lavuzu sa\u011flamaktad\u0131r.   YES Box, erken \u00e7ocukluk d\u00f6neminde yabanc\u0131 dil \u00f6\u011frenmeye kar\u015f\u0131 olumlu tutum ve \u00f6z yeterlik geli\u015ftirmek amac\u0131yla tasarlanm\u0131\u015ft\u0131r. Bu anlamda YES \u0130ngilizce e\u011fitim program\u0131n\u0131n ana amac\u0131 \u00e7ocuklar\u0131n \u0130ngilizce \u00f6\u011frenme ser\u00fcvenlerine keyifli ve e\u011flenceli bir ba\u015flang\u0131\u00e7 yapmalar\u0131d\u0131r. Dolay\u0131s\u0131yla YES Box\u2019\u0131n nas\u0131l uygulanaca\u011f\u0131 olduk\u00e7a \u00f6nemlidir.   K\u0130MLER HAZIRLADI?   Kapsam\u0131na velilerin ve \u00f6\u011fretmenlerin de e\u011fitimini alan YES Box, \u00e7ocuklar\u0131n\u0131z \u0130ngilizce \u00f6\u011frenirken onlar\u0131 nas\u0131l y\u00f6nlendirece\u011finiz konusunda T\u00fcrk akademisyenler taraf\u0131ndan yaz\u0131lm\u0131\u015f i\u00e7erikler bulundurmaktad\u0131r. \u0130ngilizce e\u011fitimi alan\u0131n\u0131n uzman isimleri Prof. Dr. Pa\u015fa Tevfik Cephe, Prof. Dr. Kemal Sinan \u00d6zmen ve Prof. Dr. Cem Bal\u00e7\u0131kanl\u0131, bilgilerini ve deneyimlerini Emrehan Hal\u0131c\u0131 ve T\u00fcrkiye Zeka Vakf\u0131n\u0131n 29 y\u0131ll\u0131k birikimiyle harmanlad\u0131, erken \u00e7ocukluk d\u00f6nemindeki \u00e7ocuklar\u0131m\u0131z i\u00e7in zek\u00e2 ve \u0130ngilizce dolu bir \u00f6\u011frenme deneyimi tasarlad\u0131.   KUTUDA NELER VAR? 1.        Yesbook Kitab\u0131 2.        Yesbook-\u00d6\u011frenme Klavuzu 3.        Hik\u00e2ye Kitab\u0131- Hi There 4.        Hik\u00e2ye Kitab\u0131-Health and Family 5.        Puzzle 1 6.        Puzzle 2 7.        Board game zemini 8.        Poster- Hi There 9.        Poster- English is everywhere 10.     Maket Pota 11.     Magnetler 12.     Maskeler 13.     Maket Telefon 14.     Parmak Kuklalar 15.     Hik\u00e2ye Kartlar\u0131 ve Kutusu 16.     Board Game K\u00fcpler Pullar 17.     Buradan Ba\u015flay\u0131n Bro\u015f\u00fcr\u00fc 18.     Kartlar-Thinking in English 19.     Rozet 20.     Sertifika Kart\u0131 21.     Pinpon Topu 22.     Ah\u015fap Bloklar 23.     Say\u0131 Sticker 24.     Sticker 25.     Stickonalien 26.     Stick the numbers mirror 27.     Fig\u00fcrler *Kutu i\u00e7eri\u011fi pedagojik, sa\u011fl\u0131k ve g\u00fcvenlik a\u00e7\u0131s\u0131ndan uygunluk g\u00f6zetilerek haz\u0131rlanm\u0131\u015ft\u0131r. <\/p>\n","protected":false},"excerpt":{"rendered":"<p>YES BOX NED\u0130R? T\u00fcrkiye Zeka Vakf\u0131 taraf\u0131ndan geli\u015ftirilen Youngsters\u2019 English School (YES), okul \u00f6ncesi e\u011fitim kurumlar\u0131nda uygulanmak \u00fczere tasarlanan \u0130ngilizce e\u011fitim program\u0131n\u0131n genel ismidir. T\u00fcrk akademisyenlerce<span class=\"excerpt-hellip\"> [\u2026]<\/span><\/p>\n","protected":false},"featured_media":0,"template":"","meta":{"_monsterinsights_skip_tracking":false,"_monsterinsights_sitenote_active":false,"_monsterinsights_sitenote_note":"","_monsterinsights_sitenote_category":0},"product_brand":[],"product_cat":[12274,12518],"product_tag":[],"class_list":{"0":"post-760152","1":"product","2":"type-product","3":"status-publish","5":"product_cat-cocuk-ve-genclik-kitaplari","6":"product_cat-okul-oncesi-kitaplar","7":"pa_cilt-ciltsiz","8":"pa_tur-kitap20","9":"pa_yayinevi-odtu-gelistirme-vakfi-yayincilik","10":"pa_yazar-kolektif","12":"first","13":"instock","14":"sale","15":"shipping-taxable","16":"purchasable","17":"product-type-simple"},"_links":{"self":[{"href":"https:\/\/roveyayinevi.com.tr\/index.php\/wp-json\/wp\/v2\/product\/760152","targetHints":{"allow":["GET"]}}],"collection":[{"href":"https:\/\/roveyayinevi.com.tr\/index.php\/wp-json\/wp\/v2\/product"}],"about":[{"href":"https:\/\/roveyayinevi.com.tr\/index.php\/wp-json\/wp\/v2\/types\/product"}],"wp:attachment":[{"href":"https:\/\/roveyayinevi.com.tr\/index.php\/wp-json\/wp\/v2\/media?parent=760152"}],"wp:term":[{"taxonomy":"product_brand","embeddable":true,"href":"https:\/\/roveyayinevi.com.tr\/index.php\/wp-json\/wp\/v2\/product_brand?post=760152"},{"taxonomy":"product_cat","embeddable":true,"href":"https:\/\/roveyayinevi.com.tr\/index.php\/wp-json\/wp\/v2\/product_cat?post=760152"},{"taxonomy":"product_tag","embeddable":true,"href":"https:\/\/roveyayinevi.com.tr\/index.php\/wp-json\/wp\/v2\/product_tag?post=760152"}],"curies":[{"name":"wp","href":"https:\/\/api.w.org\/{rel}","templated":true}]}}