{"id":760150,"date":"2025-08-28T08:56:47","date_gmt":"2025-08-28T05:56:47","guid":{"rendered":"https:\/\/roveyayinevi.com.tr\/index.php\/urun\/ipek-yolu-bati-turkistan-sibirya\/"},"modified":"2026-04-16T03:13:03","modified_gmt":"2026-04-16T00:13:03","slug":"ipek-yolu-bati-turkistan-sibirya","status":"publish","type":"product","link":"https:\/\/roveyayinevi.com.tr\/index.php\/urun\/ipek-yolu-bati-turkistan-sibirya\/","title":{"rendered":"\u0130pek Yolu \/ Bat\u0131 T\u00fcrkistan-Sibirya"},"content":{"rendered":"<p>\u0130pek Yolu-1, \u00c7in-Do\u011fu T\u00fcrkistan isimli kitab\u0131m\u0131zda yolculu\u011fumuza Do\u011fu T\u00fcrkistan\u2019da, Tanr\u0131 Da\u011flar\u0131 eteklerinde mola vermi\u015ftik. Yolculu\u011fumuzun ikinci b\u00f6l\u00fcm\u00fcne Altay Da\u011flar\u0131\u2019nda bir kam\u0131n ay\u0131l\u0131ndan ba\u015fl\u0131yoruz. Altay kamlar\u0131n\u0131n gizemli d\u00fcnyas\u0131na konuk olacak, kamlar\u0131n s\u0131rr\u0131n\u0131 \u00e7\u00f6zmeye, d\u00fcn\u00fcn \u0131\u015f\u0131\u011f\u0131 alt\u0131nda bug\u00fcn\u00fc ve yar\u0131n\u0131 anlamaya \u00e7al\u0131\u015faca\u011f\u0131z. Anayurt meselesi ba\u011flam\u0131nda antic kaynaklara bakacak, Grek filozoflar\u0131n\u0131n Do\u011fu hayranl\u0131\u011f\u0131n\u0131 ilgiyle okuyaca\u011f\u0131z. Bat\u0131\u2019ya do\u011fru yol al\u0131rken Iss\u0131k K\u00f6l k\u0131y\u0131lar\u0131nda bir kay\u0131p ada ve bat\u0131k \u015fehirlere mahsus izlere rastlayacak, yolda ihmal edilen bir halka Y\u00fce-\u00e7ilerle tan\u0131\u015facak, Bey Sakalar\u0131 ve Buda\u2019n\u0131n askerleri Ku\u015fanlar\u0131 yak\u0131ndan tan\u0131yacak ve onlar\u0131n bize hi\u00e7 de yabanc\u0131 olmad\u0131klar\u0131n\u0131 g\u00f6rece\u011fiz. T\u00fcrk olgusunun s\u0131rr\u0131n\u0131 irdelerken kar\u015f\u0131m\u0131za d\u00fcnya uygarl\u0131\u011f\u0131n\u0131n S\u00fcmer k\u00f6keni ve \u2018ahlak-adil insanlar\u2019 olgusu \u00e7\u0131kacak. S\u00fcmer\u2019den Kansu-\u015eensi ve Yenisey k\u0131y\u0131lar\u0131na y\u00f6nelik \u00f6nemli bir g\u00f6\u00e7 vakas\u0131 ile kar\u015f\u0131la\u015facak, \u0130pek Yolu\u2019nun dinlerini irdelerken g\u00fczerg\u00e2h \u00fczerinde T\u00fcrk Tanr\u0131 dini, Zerd\u00fc\u015ft\u00e7\u00fcl\u00fck, Budizm, Hristiyanl\u0131k, Manicilik ve \u0130slamiyet\u2019in izlerini s\u00fcrecek, m\u00fc\u015ftereklerine \u015fahit olaca\u011f\u0131z. \u0130\u015fgal mant\u0131\u011f\u0131 ba\u011flam\u0131nda bir Rus casususunun T\u00fcrkistan\u2019\u0131n i\u015fgali arifesinde yazd\u0131\u011f\u0131 g\u00fcnl\u00fc\u011f\u00fc okurken i\u015fgalin h\u00fcz\u00fcnl\u00fc ka\u00e7\u0131n\u0131lmazl\u0131\u011f\u0131 kar\u015f\u0131s\u0131nda \u201cBug\u00fcn ile d\u00fcn aras\u0131nda ne kadar \u00e7ok \u00f6rt\u00fc\u015fen nokta var!\u201d diyecek ve bug\u00fcnk\u00fc T\u00fcrk cumhuriyetleri ba\u011flam\u0131nda soraca\u011f\u0131z: \u201cAradan ge\u00e7en y\u00fczy\u0131llar, bu kadar ac\u0131 tecr\u00fcbe bo\u015funa m\u0131yd\u0131?\u201d <\/p>\n","protected":false},"excerpt":{"rendered":"<p>\u0130pek Yolu-1, \u00c7in-Do\u011fu T\u00fcrkistan isimli kitab\u0131m\u0131zda yolculu\u011fumuza Do\u011fu T\u00fcrkistan\u2019da, Tanr\u0131 Da\u011flar\u0131 eteklerinde mola vermi\u015ftik. Yolculu\u011fumuzun ikinci b\u00f6l\u00fcm\u00fcne Altay Da\u011flar\u0131\u2019nda bir kam\u0131n ay\u0131l\u0131ndan ba\u015fl\u0131yoruz. Altay kamlar\u0131n\u0131n gizemli<span class=\"excerpt-hellip\"> [\u2026]<\/span><\/p>\n","protected":false},"featured_media":0,"template":"","meta":{"_monsterinsights_skip_tracking":false,"_monsterinsights_sitenote_active":false,"_monsterinsights_sitenote_note":"","_monsterinsights_sitenote_category":0},"product_brand":[],"product_cat":[12304],"product_tag":[],"class_list":{"0":"post-760150","1":"product","2":"type-product","3":"status-publish","5":"product_cat-tarih","6":"pa_cilt-ciltsiz","7":"pa_tur-kitap","8":"pa_yayinevi-pankus-yayinlari","9":"pa_yazar-g-ahmetcan-asena","11":"first","12":"instock","13":"sale","14":"shipping-taxable","15":"purchasable","16":"product-type-simple"},"_links":{"self":[{"href":"https:\/\/roveyayinevi.com.tr\/index.php\/wp-json\/wp\/v2\/product\/760150","targetHints":{"allow":["GET"]}}],"collection":[{"href":"https:\/\/roveyayinevi.com.tr\/index.php\/wp-json\/wp\/v2\/product"}],"about":[{"href":"https:\/\/roveyayinevi.com.tr\/index.php\/wp-json\/wp\/v2\/types\/product"}],"wp:attachment":[{"href":"https:\/\/roveyayinevi.com.tr\/index.php\/wp-json\/wp\/v2\/media?parent=760150"}],"wp:term":[{"taxonomy":"product_brand","embeddable":true,"href":"https:\/\/roveyayinevi.com.tr\/index.php\/wp-json\/wp\/v2\/product_brand?post=760150"},{"taxonomy":"product_cat","embeddable":true,"href":"https:\/\/roveyayinevi.com.tr\/index.php\/wp-json\/wp\/v2\/product_cat?post=760150"},{"taxonomy":"product_tag","embeddable":true,"href":"https:\/\/roveyayinevi.com.tr\/index.php\/wp-json\/wp\/v2\/product_tag?post=760150"}],"curies":[{"name":"wp","href":"https:\/\/api.w.org\/{rel}","templated":true}]}}