{"id":760148,"date":"2025-08-28T08:56:45","date_gmt":"2025-08-28T05:56:45","guid":{"rendered":"https:\/\/roveyayinevi.com.tr\/index.php\/urun\/buyuk-oyunun-gizli-portresi\/"},"modified":"2026-04-16T03:13:03","modified_gmt":"2026-04-16T00:13:03","slug":"buyuk-oyunun-gizli-portresi","status":"publish","type":"product","link":"https:\/\/roveyayinevi.com.tr\/index.php\/urun\/buyuk-oyunun-gizli-portresi\/","title":{"rendered":"B\u00fcy\u00fck Oyunun Gizli Portresi"},"content":{"rendered":"<p>D\u00fcnyan\u0131n en \u00f6nemli konumlar\u0131ndan biri olan ve as\u0131rlar boyunca toplumlar\u0131n odak noktas\u0131nda olan Uzak Do\u011fu ve Ortado\u011fu co\u011frafyas\u0131, 19. y\u00fczy\u0131lda sanayile\u015fen Avrupal\u0131 devletlerin hammadde ve pazar aray\u0131\u015f\u0131nda rekabet b\u00f6lgesi haline gelmi\u015fti. Bu s\u00fcre\u00e7te Ortado\u011fu toplumlar\u0131n\u0131n kimlik aray\u0131\u015f\u0131, \u0130ngiltere gibi g\u00fc\u00e7l\u00fc devletlerin i\u015ftah\u0131n\u0131 kabartm\u0131\u015f ve bu do\u011frultuda \u00f6zellikle Osmanl\u0131 Devleti gibi \u00e7ok uluslu yap\u0131lar \u00fczerinde Avrupal\u0131 devletlerin tahakk\u00fcm\u00fc ba\u015flam\u0131\u015ft\u0131r. Do\u011fu toplumlar\u0131n\u0131 bir problem olarak g\u00f6ren Bat\u0131l\u0131 devletler, 1815 Viyana Kongresi\u2019yle \u015eark Meselesi\u2019ni ortaya att\u0131klar\u0131nda \u00f6zellikle \u0130ngiltere\u2019nin yo\u011fun bir \u015fekilde uygulad\u0131\u011f\u0131 s\u00f6m\u00fcr\u00fc faaliyetleri 19. ve 20. y\u00fczy\u0131lda Ortado\u011fu topraklar\u0131 ile ilgili en \u00f6nemli konulardan olmu\u015ftur.   Bu d\u00f6nemde \u0130ngiltere, siyaset\u00e7i, asker, bilim adam\u0131, gezgin vb. yeti\u015ftirdi\u011fi g\u00f6revlileriyle Ortado\u011fu co\u011frafyas\u0131na h\u00e2kim olmu\u015ftur. Y\u00fczba\u015f\u0131 William Henry Irvine Shakespear de \u015f\u00fcphesiz ba\u015far\u0131lar\u0131 ve ya\u015fant\u0131s\u0131 nedeniyle dikkat \u00e7eken isimlerden biri olmu\u015ftur.   B\u00fcy\u00fck Oyunun Gizli Portresi isimli bu eserde, 20. y\u00fczy\u0131lda s\u0131n\u0131rlar\u0131 defalarca \u00e7izilen Ortado\u011fu co\u011frafyas\u0131n\u0131n en \u00f6nemli akt\u00f6rlerinden olan Shakespear\u2019in faaliyetleri ve bilinmeyen y\u00f6nleri ortaya konulurken, co\u011frafyac\u0131, topo\u011fraf, dil bilimci, diplomat ve asker kimli\u011fi ile birlikte i\u00e7 d\u00fcnyas\u0131 da verilmeye \u00e7al\u0131\u015f\u0131lm\u0131\u015ft\u0131r. <\/p>\n","protected":false},"excerpt":{"rendered":"<p>D\u00fcnyan\u0131n en \u00f6nemli konumlar\u0131ndan biri olan ve as\u0131rlar boyunca toplumlar\u0131n odak noktas\u0131nda olan Uzak Do\u011fu ve Ortado\u011fu co\u011frafyas\u0131, 19. y\u00fczy\u0131lda sanayile\u015fen Avrupal\u0131 devletlerin hammadde ve pazar<span class=\"excerpt-hellip\"> [\u2026]<\/span><\/p>\n","protected":false},"featured_media":0,"template":"","meta":{"_monsterinsights_skip_tracking":false,"_monsterinsights_sitenote_active":false,"_monsterinsights_sitenote_note":"","_monsterinsights_sitenote_category":0},"product_brand":[],"product_cat":[12304],"product_tag":[],"class_list":{"0":"post-760148","1":"product","2":"type-product","3":"status-publish","5":"product_cat-tarih","6":"pa_cilt-ciltsiz","7":"pa_tur-kitap","8":"pa_yayinevi-ideal-kultur-yayincilik","9":"pa_yazar-serhat-bal","11":"first","12":"instock","13":"sale","14":"shipping-taxable","15":"purchasable","16":"product-type-simple"},"_links":{"self":[{"href":"https:\/\/roveyayinevi.com.tr\/index.php\/wp-json\/wp\/v2\/product\/760148","targetHints":{"allow":["GET"]}}],"collection":[{"href":"https:\/\/roveyayinevi.com.tr\/index.php\/wp-json\/wp\/v2\/product"}],"about":[{"href":"https:\/\/roveyayinevi.com.tr\/index.php\/wp-json\/wp\/v2\/types\/product"}],"wp:attachment":[{"href":"https:\/\/roveyayinevi.com.tr\/index.php\/wp-json\/wp\/v2\/media?parent=760148"}],"wp:term":[{"taxonomy":"product_brand","embeddable":true,"href":"https:\/\/roveyayinevi.com.tr\/index.php\/wp-json\/wp\/v2\/product_brand?post=760148"},{"taxonomy":"product_cat","embeddable":true,"href":"https:\/\/roveyayinevi.com.tr\/index.php\/wp-json\/wp\/v2\/product_cat?post=760148"},{"taxonomy":"product_tag","embeddable":true,"href":"https:\/\/roveyayinevi.com.tr\/index.php\/wp-json\/wp\/v2\/product_tag?post=760148"}],"curies":[{"name":"wp","href":"https:\/\/api.w.org\/{rel}","templated":true}]}}