{"id":760147,"date":"2025-08-28T08:56:42","date_gmt":"2025-08-28T05:56:42","guid":{"rendered":"https:\/\/roveyayinevi.com.tr\/index.php\/urun\/yas-otuzdan-once\/"},"modified":"2026-04-16T03:13:03","modified_gmt":"2026-04-16T00:13:03","slug":"yas-otuzdan-once","status":"publish","type":"product","link":"https:\/\/roveyayinevi.com.tr\/index.php\/urun\/yas-otuzdan-once\/","title":{"rendered":"Ya\u015f Otuzdan \u00d6nce"},"content":{"rendered":"<p>Ya\u015f\u0131nla ak\u0131llanaca\u011f\u0131n\u0131 sand\u0131n belki de, Ama ya\u015f ilerledik\u00e7e, anlamak zor geldi. Ya\u015fad\u0131k\u00e7a belirir anlay\u0131\u015f, zamanla derinle\u015fir bilgi, Ak\u0131l, ya\u015f\u0131nla de\u011fil, ya\u015fad\u0131klar\u0131nla b\u00fcy\u00fcr, olgunla\u015f\u0131r gibi. Zaman\u0131n s\u0131rr\u0131, deneyimlerle \u00e7\u00f6z\u00fcl\u00fcr asl\u0131nda, Her ya\u015fanm\u0131\u015fl\u0131k, bir bilgelik, bir hazinedir h\u00fccre h\u00fccre. Bilgilerin \u00e7o\u011fal\u0131r, hazinen geni\u015fler, h\u00fccren b\u00fcy\u00fcd\u00fck\u00e7e. Ya\u015flanmakla de\u011fil, ya\u015fayarak \u00f6\u011frenir insan, \u00d6\u011frendik\u00e7e i\u015fler ruhuna ilmek ilmek. Ak\u0131l, ya\u015famla kucakla\u015f\u0131r, deneyimle bulur anlam. Gen\u00e7lik f\u0131rt\u0131nas\u0131 dinince, s\u00fckun bulur ak\u0131l, Ya\u015fl\u0131l\u0131k yorgunlu\u011funda, tecr\u00fcbele\u015fir bilgi biraz. Ya\u015fam\u0131n yolu, anlamakla doludur adeta, Ak\u0131l, ya\u015fad\u0131k\u00e7a \u00f6\u011frenir, g\u00f6rd\u00fck\u00e7e anlar, ger\u00e7e\u011fi hat\u0131rlatacak kadar. <\/p>\n","protected":false},"excerpt":{"rendered":"<p>Ya\u015f\u0131nla ak\u0131llanaca\u011f\u0131n\u0131 sand\u0131n belki de, Ama ya\u015f ilerledik\u00e7e, anlamak zor geldi. Ya\u015fad\u0131k\u00e7a belirir anlay\u0131\u015f, zamanla derinle\u015fir bilgi, Ak\u0131l, ya\u015f\u0131nla de\u011fil, ya\u015fad\u0131klar\u0131nla b\u00fcy\u00fcr, olgunla\u015f\u0131r gibi. Zaman\u0131n s\u0131rr\u0131,<span class=\"excerpt-hellip\"> [\u2026]<\/span><\/p>\n","protected":false},"featured_media":0,"template":"","meta":{"_monsterinsights_skip_tracking":false,"_monsterinsights_sitenote_active":false,"_monsterinsights_sitenote_note":"","_monsterinsights_sitenote_category":0},"product_brand":[],"product_cat":[12291,12509],"product_tag":[],"class_list":{"0":"post-760147","1":"product","2":"type-product","3":"status-publish","5":"product_cat-edebiyat","6":"product_cat-siir","7":"pa_cilt-ciltsiz","8":"pa_tur-kitap","9":"pa_yayinevi-ulysses-yayinlari","10":"pa_yazar-faysal-karagokce","12":"first","13":"instock","14":"sale","15":"shipping-taxable","16":"purchasable","17":"product-type-simple"},"_links":{"self":[{"href":"https:\/\/roveyayinevi.com.tr\/index.php\/wp-json\/wp\/v2\/product\/760147","targetHints":{"allow":["GET"]}}],"collection":[{"href":"https:\/\/roveyayinevi.com.tr\/index.php\/wp-json\/wp\/v2\/product"}],"about":[{"href":"https:\/\/roveyayinevi.com.tr\/index.php\/wp-json\/wp\/v2\/types\/product"}],"wp:attachment":[{"href":"https:\/\/roveyayinevi.com.tr\/index.php\/wp-json\/wp\/v2\/media?parent=760147"}],"wp:term":[{"taxonomy":"product_brand","embeddable":true,"href":"https:\/\/roveyayinevi.com.tr\/index.php\/wp-json\/wp\/v2\/product_brand?post=760147"},{"taxonomy":"product_cat","embeddable":true,"href":"https:\/\/roveyayinevi.com.tr\/index.php\/wp-json\/wp\/v2\/product_cat?post=760147"},{"taxonomy":"product_tag","embeddable":true,"href":"https:\/\/roveyayinevi.com.tr\/index.php\/wp-json\/wp\/v2\/product_tag?post=760147"}],"curies":[{"name":"wp","href":"https:\/\/api.w.org\/{rel}","templated":true}]}}