{"id":760145,"date":"2025-08-28T08:56:40","date_gmt":"2025-08-28T05:56:40","guid":{"rendered":"https:\/\/roveyayinevi.com.tr\/index.php\/urun\/nivisen-empatik\/"},"modified":"2026-04-15T03:25:01","modified_gmt":"2026-04-15T00:25:01","slug":"nivisen-empatik","status":"publish","type":"product","link":"https:\/\/roveyayinevi.com.tr\/index.php\/urun\/nivisen-empatik\/","title":{"rendered":"Nivisen Empatik"},"content":{"rendered":"<p>Ev pirt\u00fbka ku h\u00fbn dixw\u00eenin l\u00eakol\u00eeneke civaknas\u00ee \u00fb pedagoj\u00eek e. Ew berhevoka niv\u00ees\u00ean ku di dem\u00ean cuda de di rojname, kovar \u00fb malperan de hatine niv\u00eesandin e. Niv\u00ees mijar\u00ean hey\u00ee y\u00ean ku ji perspekt\u00eefek empat\u00eek hatine niv\u00eesandin in. Bi piran\u00ee pirsgir\u00eak\u00ean civak\u00ee \u00fb pedagoj\u00eek \u00ean zaro-kan\u0131n. Di v\u00ea l\u00eakol\u00een\u00ea de h\u00fbrgul\u00ee tune. Ti\u015fta ku t\u00ea xwestin b\u00ea ravekirin bi \u00eefadey\u00ean kurt t\u00ea ravekirin. Ew wek\u00ee nex\u015feyek r\u00ea ji bo kes\u00ean ku dixwazin l\u00eakol\u00eenek berfirehtir bikin re xizmet\u00ea dike. Zimanek\u00ee ku mirov ji hem\u00fb be\u015f\u00ean jiyan\u00ea dikarin bixw\u00eenin \u00fb j\u00ea fam bikin t\u00ea bikaran\u00een. Dibe ku hin t\u00eageh\u00ean zanist\u00ee y\u00ean ku bi ne\u00e7ar\u00ee t\u00eane bikar an\u00een dijwar bin; l\u00ea bel\u00ea ji ber ku tu t\u00eag\u00een\u00ean din li \u015f\u00fbna wan t\u00eagehan nehatin d\u00eetin, ev t\u00eag\u00een hatin bikaran\u00een. Min encam\u00ean l\u00eakol\u00een\u00ean xwe niv\u00eesand, nemaze li ser bin-geha pirsgir\u00eak\u00ean ku min di dibistan\u00ean ku ez l\u00ea dixebitim de min d\u00eetin. Di dema niv\u00eesandina van niv\u00eesand de, min ji heval\u00ean mamostey\u00ean ku ez p\u00ea re di xebit\u00eem pi\u015ftgir\u00ee stend, min ji malbata xwe j\u00ee pi\u015ftgiriyeke mezin girt. Wan di v\u00ea l\u00eakol\u00een\u00ea de al\u00eekariyek mezin dan min. Di v\u00ee war\u00ee de ez spasiya malbat \u00fb heval\u00ean xwe dikim. <\/p>\n","protected":false},"excerpt":{"rendered":"<p>Ev pirt\u00fbka ku h\u00fbn dixw\u00eenin l\u00eakol\u00eeneke civaknas\u00ee \u00fb pedagoj\u00eek e. Ew berhevoka niv\u00ees\u00ean ku di dem\u00ean cuda de di rojname, kovar \u00fb malperan de hatine niv\u00eesandin<span class=\"excerpt-hellip\"> [\u2026]<\/span><\/p>\n","protected":false},"featured_media":0,"template":"","meta":{"_monsterinsights_skip_tracking":false,"_monsterinsights_sitenote_active":false,"_monsterinsights_sitenote_note":"","_monsterinsights_sitenote_category":0},"product_brand":[],"product_cat":[12364,12376],"product_tag":[],"class_list":{"0":"post-760145","1":"product","2":"type-product","3":"status-publish","5":"product_cat-genel-konular","6":"product_cat-kisisel-gelisim","7":"pa_cilt-ciltsiz","8":"pa_tur-kitap","9":"pa_yayinevi-sinirsiz-kitap","10":"pa_yazar-arslan-ozdemir","12":"first","13":"instock","14":"sale","15":"shipping-taxable","16":"purchasable","17":"product-type-simple"},"_links":{"self":[{"href":"https:\/\/roveyayinevi.com.tr\/index.php\/wp-json\/wp\/v2\/product\/760145","targetHints":{"allow":["GET"]}}],"collection":[{"href":"https:\/\/roveyayinevi.com.tr\/index.php\/wp-json\/wp\/v2\/product"}],"about":[{"href":"https:\/\/roveyayinevi.com.tr\/index.php\/wp-json\/wp\/v2\/types\/product"}],"wp:attachment":[{"href":"https:\/\/roveyayinevi.com.tr\/index.php\/wp-json\/wp\/v2\/media?parent=760145"}],"wp:term":[{"taxonomy":"product_brand","embeddable":true,"href":"https:\/\/roveyayinevi.com.tr\/index.php\/wp-json\/wp\/v2\/product_brand?post=760145"},{"taxonomy":"product_cat","embeddable":true,"href":"https:\/\/roveyayinevi.com.tr\/index.php\/wp-json\/wp\/v2\/product_cat?post=760145"},{"taxonomy":"product_tag","embeddable":true,"href":"https:\/\/roveyayinevi.com.tr\/index.php\/wp-json\/wp\/v2\/product_tag?post=760145"}],"curies":[{"name":"wp","href":"https:\/\/api.w.org\/{rel}","templated":true}]}}