{"id":760143,"date":"2025-08-28T08:56:36","date_gmt":"2025-08-28T05:56:36","guid":{"rendered":"https:\/\/roveyayinevi.com.tr\/index.php\/urun\/bekleyen-ailesi\/"},"modified":"2026-04-16T03:13:03","modified_gmt":"2026-04-16T00:13:03","slug":"bekleyen-ailesi","status":"publish","type":"product","link":"https:\/\/roveyayinevi.com.tr\/index.php\/urun\/bekleyen-ailesi\/","title":{"rendered":"Bekleyen Ailesi"},"content":{"rendered":"<p>Her \u015feyi bekleten ve erteleyen bu aileyle tan\u0131\u015f\u0131n! Hayallerini ve i\u015flerini s\u00fcrekli olarak erteleyen bekleyen ailesi bireyleri asl\u0131nda beklemekten \u00e7ok yorgunlard\u0131r. Ne durumda olduklar\u0131n\u0131 \u00e7ok da g\u00f6remeyen aile, Alel ve Acele ile tan\u0131\u015f\u0131rlar. \u0130\u015fte \u015fimdi i\u015fler de\u011fi\u015fir. Bekleyen ailesinin bu iki h\u0131zl\u0131 insandan \u00f6\u011frenece\u011fi \u00e7ok \u015fey vard\u0131r. Hayallerini ve i\u015flerini ertelemekten s\u0131k\u0131lanlar i\u00e7in e\u015fsiz bir \u00f6yk\u00fc.<\/p>\n","protected":false},"excerpt":{"rendered":"<p>Her \u015feyi bekleten ve erteleyen bu aileyle tan\u0131\u015f\u0131n! Hayallerini ve i\u015flerini s\u00fcrekli olarak erteleyen bekleyen ailesi bireyleri asl\u0131nda beklemekten \u00e7ok yorgunlard\u0131r. Ne durumda olduklar\u0131n\u0131 \u00e7ok da<span class=\"excerpt-hellip\"> [\u2026]<\/span><\/p>\n","protected":false},"featured_media":0,"template":"","meta":{"_monsterinsights_skip_tracking":false,"_monsterinsights_sitenote_active":false,"_monsterinsights_sitenote_note":"","_monsterinsights_sitenote_category":0},"product_brand":[],"product_cat":[12274,12284],"product_tag":[],"class_list":{"0":"post-760143","1":"product","2":"type-product","3":"status-publish","5":"product_cat-cocuk-ve-genclik-kitaplari","6":"product_cat-hikayeler","7":"pa_cilt-ciltsiz","8":"pa_tur-kitap","9":"pa_yayinevi-timas-cocuk","10":"pa_yazar-asli-alper","12":"first","13":"instock","14":"sale","15":"shipping-taxable","16":"purchasable","17":"product-type-simple"},"_links":{"self":[{"href":"https:\/\/roveyayinevi.com.tr\/index.php\/wp-json\/wp\/v2\/product\/760143","targetHints":{"allow":["GET"]}}],"collection":[{"href":"https:\/\/roveyayinevi.com.tr\/index.php\/wp-json\/wp\/v2\/product"}],"about":[{"href":"https:\/\/roveyayinevi.com.tr\/index.php\/wp-json\/wp\/v2\/types\/product"}],"wp:attachment":[{"href":"https:\/\/roveyayinevi.com.tr\/index.php\/wp-json\/wp\/v2\/media?parent=760143"}],"wp:term":[{"taxonomy":"product_brand","embeddable":true,"href":"https:\/\/roveyayinevi.com.tr\/index.php\/wp-json\/wp\/v2\/product_brand?post=760143"},{"taxonomy":"product_cat","embeddable":true,"href":"https:\/\/roveyayinevi.com.tr\/index.php\/wp-json\/wp\/v2\/product_cat?post=760143"},{"taxonomy":"product_tag","embeddable":true,"href":"https:\/\/roveyayinevi.com.tr\/index.php\/wp-json\/wp\/v2\/product_tag?post=760143"}],"curies":[{"name":"wp","href":"https:\/\/api.w.org\/{rel}","templated":true}]}}