{"id":760141,"date":"2025-08-28T08:56:31","date_gmt":"2025-08-28T05:56:31","guid":{"rendered":"https:\/\/roveyayinevi.com.tr\/index.php\/urun\/bu-kadar-tantana-yeter\/"},"modified":"2026-04-08T03:21:37","modified_gmt":"2026-04-08T00:21:37","slug":"bu-kadar-tantana-yeter","status":"publish","type":"product","link":"https:\/\/roveyayinevi.com.tr\/index.php\/urun\/bu-kadar-tantana-yeter\/","title":{"rendered":"Bu Kadar Tantana Yeter"},"content":{"rendered":"<p>Kitaplar\u0131 sat\u0131\u015f rekorlar\u0131 k\u0131ran Mert Ar\u0131k\u2019tan yine \u015eAHANE bir hik\u00e2ye! Devasa kanatl\u0131 Dino ve kitap kurdu Atlas\u2019\u0131n b\u00fcy\u00fcleyici maceras\u0131na cumburlop atlamaya haz\u0131r m\u0131s\u0131n\u0131z? Sadece bir kitab\u0131n sayfalar\u0131n\u0131 \u00e7evirerek ar\u0131 gibi v\u0131z\u0131ldayan dinozorlar\u0131n, futbol ma\u00e7\u0131 yapan papatyalar\u0131n, \u015fark\u0131 s\u00f6yleyen ahtapotlar\u0131n, \u015fak\u0131r \u015fak\u0131r konu\u015fan ananaslar\u0131n oldu\u011fu bir d\u00fcnyaya gidebilece\u011finizi biliyor muydunuz? Hadi! \u015eimdi s\u0131k\u0131 tutunun! Bu Kadar Tantana Yeter, t\u00fcm okurlar\u0131n\u0131 kurgu d\u00fcnyas\u0131nda g\u00fcr\u00fclt\u00fcl\u00fc pat\u0131rt\u0131l\u0131 bir maceraya davet ediyor.<\/p>\n","protected":false},"excerpt":{"rendered":"<p>Kitaplar\u0131 sat\u0131\u015f rekorlar\u0131 k\u0131ran Mert Ar\u0131k\u2019tan yine \u015eAHANE bir hik\u00e2ye! Devasa kanatl\u0131 Dino ve kitap kurdu Atlas\u2019\u0131n b\u00fcy\u00fcleyici maceras\u0131na cumburlop atlamaya haz\u0131r m\u0131s\u0131n\u0131z? Sadece bir kitab\u0131n<span class=\"excerpt-hellip\"> [\u2026]<\/span><\/p>\n","protected":false},"featured_media":0,"template":"","meta":{"_monsterinsights_skip_tracking":false,"_monsterinsights_sitenote_active":false,"_monsterinsights_sitenote_note":"","_monsterinsights_sitenote_category":0},"product_brand":[],"product_cat":[12274,12284],"product_tag":[],"class_list":{"0":"post-760141","1":"product","2":"type-product","3":"status-publish","5":"product_cat-cocuk-ve-genclik-kitaplari","6":"product_cat-hikayeler","7":"pa_cilt-ciltsiz","8":"pa_tur-kitap","9":"pa_yayinevi-timas-cocuk","10":"pa_yazar-mert-arik","12":"first","13":"instock","14":"sale","15":"shipping-taxable","16":"purchasable","17":"product-type-simple"},"_links":{"self":[{"href":"https:\/\/roveyayinevi.com.tr\/index.php\/wp-json\/wp\/v2\/product\/760141","targetHints":{"allow":["GET"]}}],"collection":[{"href":"https:\/\/roveyayinevi.com.tr\/index.php\/wp-json\/wp\/v2\/product"}],"about":[{"href":"https:\/\/roveyayinevi.com.tr\/index.php\/wp-json\/wp\/v2\/types\/product"}],"wp:attachment":[{"href":"https:\/\/roveyayinevi.com.tr\/index.php\/wp-json\/wp\/v2\/media?parent=760141"}],"wp:term":[{"taxonomy":"product_brand","embeddable":true,"href":"https:\/\/roveyayinevi.com.tr\/index.php\/wp-json\/wp\/v2\/product_brand?post=760141"},{"taxonomy":"product_cat","embeddable":true,"href":"https:\/\/roveyayinevi.com.tr\/index.php\/wp-json\/wp\/v2\/product_cat?post=760141"},{"taxonomy":"product_tag","embeddable":true,"href":"https:\/\/roveyayinevi.com.tr\/index.php\/wp-json\/wp\/v2\/product_tag?post=760141"}],"curies":[{"name":"wp","href":"https:\/\/api.w.org\/{rel}","templated":true}]}}