{"id":760138,"date":"2025-08-28T08:56:24","date_gmt":"2025-08-28T05:56:24","guid":{"rendered":"https:\/\/roveyayinevi.com.tr\/index.php\/urun\/kapilari-calan-benim\/"},"modified":"2026-04-16T03:13:03","modified_gmt":"2026-04-16T00:13:03","slug":"kapilari-calan-benim","status":"publish","type":"product","link":"https:\/\/roveyayinevi.com.tr\/index.php\/urun\/kapilari-calan-benim\/","title":{"rendered":"Kap\u0131lar\u0131 \u00c7alan Benim"},"content":{"rendered":"<p>\u0130lk kitaplar genelde yazar\u0131 i\u00e7in en otobiyografik ve yazar\u0131n kendini anlatmaktan uzakla\u015famad\u0131\u011f\u0131 kitaplar olarak kar\u015f\u0131m\u0131za \u00e7\u0131km\u0131\u015ft\u0131r. \u00d6te yandan heyecan ve tutku dolu olmalar\u0131 yan\u0131nda ilk bulu\u015fmada sesi titreyen a\u015f\u0131klar gibi acemilikler ve sonradan ke\u015fke dedirtecek anlat\u0131mlar i\u00e7erir. Fakat, Ali Kara bu ilk kitab\u0131nda otobiyografik anlat\u0131mdan ka\u00e7abildi\u011fi gibi, sesi hi\u00e7 titremeden, kendine \u00f6zg\u00fc ve \u00f6zg\u00fcn bir anlat\u0131m olu\u015fturabilmi\u015f. Kitap; Gece Gelen, Ard\u0131ndan, Erenk\u00f6y\u2019de, Pullu Tepeler, Arka Bah\u00e7eye Bakan, R\u00fcya ve Merdivenler isimli toplam yedi \u00f6yk\u00fcden olu\u015fuyor. \u00d6yk\u00fclerin ana izle\u011fi yol ve yolculuk. \u00d6yk\u00fc severlerin zevkle okuyaca\u011f\u0131n\u0131 tahmin etmekle birlikte, yol ve yolculuk \u00f6yk\u00fcleri sevenler i\u00e7in bir ba\u015fucu kitab\u0131 olaca\u011f\u0131n\u0131 d\u00fc\u015f\u00fcn\u00fcyoruz. <\/p>\n","protected":false},"excerpt":{"rendered":"<p>\u0130lk kitaplar genelde yazar\u0131 i\u00e7in en otobiyografik ve yazar\u0131n kendini anlatmaktan uzakla\u015famad\u0131\u011f\u0131 kitaplar olarak kar\u015f\u0131m\u0131za \u00e7\u0131km\u0131\u015ft\u0131r. \u00d6te yandan heyecan ve tutku dolu olmalar\u0131 yan\u0131nda ilk bulu\u015fmada<span class=\"excerpt-hellip\"> [\u2026]<\/span><\/p>\n","protected":false},"featured_media":0,"template":"","meta":{"_monsterinsights_skip_tracking":false,"_monsterinsights_sitenote_active":false,"_monsterinsights_sitenote_note":"","_monsterinsights_sitenote_category":0},"product_brand":[],"product_cat":[12291,12711],"product_tag":[],"class_list":{"0":"post-760138","1":"product","2":"type-product","3":"status-publish","5":"product_cat-edebiyat","6":"product_cat-roman-oyku","7":"pa_cilt-ciltsiz","8":"pa_tur-kitap","9":"pa_yayinevi-myrina-yayinlari","10":"pa_yazar-ali-kara","12":"first","13":"instock","14":"sale","15":"shipping-taxable","16":"purchasable","17":"product-type-simple"},"_links":{"self":[{"href":"https:\/\/roveyayinevi.com.tr\/index.php\/wp-json\/wp\/v2\/product\/760138","targetHints":{"allow":["GET"]}}],"collection":[{"href":"https:\/\/roveyayinevi.com.tr\/index.php\/wp-json\/wp\/v2\/product"}],"about":[{"href":"https:\/\/roveyayinevi.com.tr\/index.php\/wp-json\/wp\/v2\/types\/product"}],"wp:attachment":[{"href":"https:\/\/roveyayinevi.com.tr\/index.php\/wp-json\/wp\/v2\/media?parent=760138"}],"wp:term":[{"taxonomy":"product_brand","embeddable":true,"href":"https:\/\/roveyayinevi.com.tr\/index.php\/wp-json\/wp\/v2\/product_brand?post=760138"},{"taxonomy":"product_cat","embeddable":true,"href":"https:\/\/roveyayinevi.com.tr\/index.php\/wp-json\/wp\/v2\/product_cat?post=760138"},{"taxonomy":"product_tag","embeddable":true,"href":"https:\/\/roveyayinevi.com.tr\/index.php\/wp-json\/wp\/v2\/product_tag?post=760138"}],"curies":[{"name":"wp","href":"https:\/\/api.w.org\/{rel}","templated":true}]}}