{"id":760132,"date":"2025-08-28T08:56:11","date_gmt":"2025-08-28T05:56:11","guid":{"rendered":"https:\/\/roveyayinevi.com.tr\/index.php\/urun\/ayi-donuyor\/"},"modified":"2026-04-16T03:13:03","modified_gmt":"2026-04-16T00:13:03","slug":"ayi-donuyor","status":"publish","type":"product","link":"https:\/\/roveyayinevi.com.tr\/index.php\/urun\/ayi-donuyor\/","title":{"rendered":"Ay\u0131 D\u00f6n\u00fcyor"},"content":{"rendered":"<p>Ay\u0131, yava\u015f\u00e7a yana \u00e7ekildi. Ve orada, ma\u011faran\u0131n g\u00f6r\u00fcnmeyen derinliklerinden d\u00f6rt dengesiz pen\u00e7e \u00fczerinde sallanan k\u00fc\u00e7\u00fck bir kutup ay\u0131s\u0131 yavrusu \u00e7\u0131kt\u0131. April, Ay\u0131 Adas\u0131\u2019ndan d\u00f6neli bir y\u0131ldan fazla olsa da, Ay\u0131 hakk\u0131nda d\u00fc\u015f\u00fcnmeyi h\u00e2l\u00e2 s\u00fcrd\u00fcr\u00fcyordu.Svalbard\u2019da bir ay\u0131n\u0131n vurulup yaraland\u0131\u011f\u0131n\u0131 duydu\u011fu zaman, o ay\u0131n\u0131n kendi ay\u0131s\u0131 oldu\u011fundan emindi. Yapmas\u0131 gerekenin ne oldu\u011funu biliyordu: Babas\u0131n\u0131 ikna etmeli ve kutuplarda Ay\u0131\u2019y\u0131 aramaya \u00e7\u0131kmal\u0131yd\u0131. B\u00fct\u00fcn engellere ra\u011fmen bunu ba\u015far\u0131nca, April kendisini yine buz gibi bir maceran\u0131n i\u00e7inde buldu.<\/p>\n","protected":false},"excerpt":{"rendered":"<p>Ay\u0131, yava\u015f\u00e7a yana \u00e7ekildi. Ve orada, ma\u011faran\u0131n g\u00f6r\u00fcnmeyen derinliklerinden d\u00f6rt dengesiz pen\u00e7e \u00fczerinde sallanan k\u00fc\u00e7\u00fck bir kutup ay\u0131s\u0131 yavrusu \u00e7\u0131kt\u0131. April, Ay\u0131 Adas\u0131\u2019ndan d\u00f6neli bir y\u0131ldan<span class=\"excerpt-hellip\"> [\u2026]<\/span><\/p>\n","protected":false},"featured_media":0,"template":"","meta":{"_monsterinsights_skip_tracking":false,"_monsterinsights_sitenote_active":false,"_monsterinsights_sitenote_note":"","_monsterinsights_sitenote_category":0},"product_brand":[],"product_cat":[12274,12284],"product_tag":[],"class_list":{"0":"post-760132","1":"product","2":"type-product","3":"status-publish","5":"product_cat-cocuk-ve-genclik-kitaplari","6":"product_cat-hikayeler","7":"pa_cilt-ciltsiz","8":"pa_tur-kitap","9":"pa_yayinevi-genc-timas","10":"pa_yazar-hannah-gold","12":"first","13":"instock","14":"sale","15":"shipping-taxable","16":"purchasable","17":"product-type-simple"},"_links":{"self":[{"href":"https:\/\/roveyayinevi.com.tr\/index.php\/wp-json\/wp\/v2\/product\/760132","targetHints":{"allow":["GET"]}}],"collection":[{"href":"https:\/\/roveyayinevi.com.tr\/index.php\/wp-json\/wp\/v2\/product"}],"about":[{"href":"https:\/\/roveyayinevi.com.tr\/index.php\/wp-json\/wp\/v2\/types\/product"}],"wp:attachment":[{"href":"https:\/\/roveyayinevi.com.tr\/index.php\/wp-json\/wp\/v2\/media?parent=760132"}],"wp:term":[{"taxonomy":"product_brand","embeddable":true,"href":"https:\/\/roveyayinevi.com.tr\/index.php\/wp-json\/wp\/v2\/product_brand?post=760132"},{"taxonomy":"product_cat","embeddable":true,"href":"https:\/\/roveyayinevi.com.tr\/index.php\/wp-json\/wp\/v2\/product_cat?post=760132"},{"taxonomy":"product_tag","embeddable":true,"href":"https:\/\/roveyayinevi.com.tr\/index.php\/wp-json\/wp\/v2\/product_tag?post=760132"}],"curies":[{"name":"wp","href":"https:\/\/api.w.org\/{rel}","templated":true}]}}