{"id":760127,"date":"2025-08-28T08:56:02","date_gmt":"2025-08-28T05:56:02","guid":{"rendered":"https:\/\/roveyayinevi.com.tr\/index.php\/urun\/nur-damlalari-peygamberler-tarihi\/"},"modified":"2026-01-30T03:51:40","modified_gmt":"2026-01-30T00:51:40","slug":"nur-damlalari-peygamberler-tarihi","status":"publish","type":"product","link":"https:\/\/roveyayinevi.com.tr\/index.php\/urun\/nur-damlalari-peygamberler-tarihi\/","title":{"rendered":"Nur Damlalar\u0131 &#8211; Peygamberler Tarihi"},"content":{"rendered":"<p>Eserimize yazmaya karar verdi\u011fimizde konumuzla ilgili Kuran-\u0131 Kerim\u2019deki ayetlerin hepsini ald\u0131k; tek, tek inceledik. Verilen bilgileri tarihsel bir s\u0131raya soktuk. K\u00fct\u00fcb-\u00fc Sitteden ald\u0131\u011f\u0131m\u0131z sahih hadis bilgilerini de bunlara il\u00e2ve ettik. B\u00f6ylece eserimizin iskeleti Kuran-\u0131 Kerim, sahih hadisler ve \u0130nciller oldu. Kuran\u2019\u0131n, hadislerin ve \u0130ncillerin sessiz kald\u0131\u011f\u0131 konularda ise muteber bildi\u011fimiz eserlerden yararland\u0131k. Bu t\u00fcr eserlerden ald\u0131\u011f\u0131m\u0131z bilgileri Kuran ve hadislerin hassas terazisinde tartt\u0131k, \u00e7atk\u0131m\u0131za uygun olanlar\u0131 kulland\u0131k. Kuran ve hadisler mihenk ta\u015f\u0131m\u0131z oldu. Ald\u0131\u011f\u0131m\u0131z bilgilerin eserimizin Kuran ve hadislerden olu\u015fan iskeletine uygun olmas\u0131n\u0131, onlarla \u00e7at\u0131\u015fmamas\u0131n\u0131 \u00f6zellikle \u00f6zen g\u00f6sterdik. Eserimize halk aras\u0131nda ya\u015fayan ilgin\u00e7 \u00f6yk\u00fcler, k\u0131ssalar koyarak bir ba\u015fka yorum, bir ba\u015fka renk, bir ba\u015fka tat ve derinlik katt\u0131k. Eserimizi okuyucuya yormayan; anla\u015f\u0131l\u0131r, ak\u0131c\u0131 bir \u00fcsl\u00fbpla yazmaya \u00e7al\u0131\u015ft\u0131k. Sonu\u00e7ta; olduk\u00e7a ilgin\u00e7, renkli; Kurana ve hadislere uygun ve sayg\u0131l\u0131, sad\u0131k ve doyurucu olan bu eser ortaya \u00e7\u0131kt\u0131. Eserimizin sadece ger\u00e7ekleri, do\u011frular\u0131 g\u00f6stermesini, bildirmesini \u00f6zellikle \u00f6zen g\u00f6sterdik. Ger\u00e7ek ve do\u011fru olduklar\u0131n\u0131 bildiklerimizi a\u00e7\u0131k\u00e7a yazmaktan, belirtmekten \u00e7ekinmedik. Peygamberleri, \u00f6zellikle Hz. Muhammed\u2019i (a.s.) koruma gibi bir endi\u015femiz olmad\u0131. \u00c7\u00fcnk\u00fc Onlar do\u011frudan Rabbimizin korumas\u0131 alt\u0131ndad\u0131rlar. Hi\u00e7 bir f\u00e2ninin, hi\u00e7 bir yarat\u0131lm\u0131\u015f\u0131n him\u00e2yesine, korumas\u0131na muhta\u00e7 de\u011fildirler. <\/p>\n","protected":false},"excerpt":{"rendered":"<p>Eserimize yazmaya karar verdi\u011fimizde konumuzla ilgili Kuran-\u0131 Kerim\u2019deki ayetlerin hepsini ald\u0131k; tek, tek inceledik. Verilen bilgileri tarihsel bir s\u0131raya soktuk. K\u00fct\u00fcb-\u00fc Sitteden ald\u0131\u011f\u0131m\u0131z sahih hadis bilgilerini<span class=\"excerpt-hellip\"> [\u2026]<\/span><\/p>\n","protected":false},"featured_media":0,"template":"","meta":{"_monsterinsights_skip_tracking":false,"_monsterinsights_sitenote_active":false,"_monsterinsights_sitenote_note":"","_monsterinsights_sitenote_category":0},"product_brand":[],"product_cat":[12718],"product_tag":[],"class_list":{"0":"post-760127","1":"product","2":"type-product","3":"status-publish","5":"product_cat-din","6":"pa_cilt-ciltsiz","7":"pa_tur-kitap","8":"pa_yayinevi-vova-yayinlari","9":"pa_yazar-hudai-cakmak","11":"first","12":"instock","13":"sale","14":"shipping-taxable","15":"purchasable","16":"product-type-simple"},"_links":{"self":[{"href":"https:\/\/roveyayinevi.com.tr\/index.php\/wp-json\/wp\/v2\/product\/760127","targetHints":{"allow":["GET"]}}],"collection":[{"href":"https:\/\/roveyayinevi.com.tr\/index.php\/wp-json\/wp\/v2\/product"}],"about":[{"href":"https:\/\/roveyayinevi.com.tr\/index.php\/wp-json\/wp\/v2\/types\/product"}],"wp:attachment":[{"href":"https:\/\/roveyayinevi.com.tr\/index.php\/wp-json\/wp\/v2\/media?parent=760127"}],"wp:term":[{"taxonomy":"product_brand","embeddable":true,"href":"https:\/\/roveyayinevi.com.tr\/index.php\/wp-json\/wp\/v2\/product_brand?post=760127"},{"taxonomy":"product_cat","embeddable":true,"href":"https:\/\/roveyayinevi.com.tr\/index.php\/wp-json\/wp\/v2\/product_cat?post=760127"},{"taxonomy":"product_tag","embeddable":true,"href":"https:\/\/roveyayinevi.com.tr\/index.php\/wp-json\/wp\/v2\/product_tag?post=760127"}],"curies":[{"name":"wp","href":"https:\/\/api.w.org\/{rel}","templated":true}]}}