{"id":760122,"date":"2025-08-28T08:55:52","date_gmt":"2025-08-28T05:55:52","guid":{"rendered":"https:\/\/roveyayinevi.com.tr\/index.php\/urun\/kanatsiz-ucmak-kerpic-ev\/"},"modified":"2026-01-30T03:51:40","modified_gmt":"2026-01-30T00:51:40","slug":"kanatsiz-ucmak-kerpic-ev","status":"publish","type":"product","link":"https:\/\/roveyayinevi.com.tr\/index.php\/urun\/kanatsiz-ucmak-kerpic-ev\/","title":{"rendered":"Kanats\u0131z U\u00e7mak &#8211; Kerpi\u00e7 Ev"},"content":{"rendered":"<p>Dram\u0131n \u00f6yk\u00fcs\u00fcd\u00fcr bu, par\u00e7alanm\u0131\u015fl\u0131\u011f\u0131n, hasretin, \u00f6zlemin \u00f6yk\u00fcs\u00fcd\u00fcr, A\u011f\u0131r a\u011f\u0131r \u00f6l\u00fcm\u00fcn, geride b\u0131rak\u0131lm\u0131\u015f viranenin \u00f6yk\u00fcs\u00fcd\u00fcr, umudun, t\u00fckenmi\u015fli\u011fin, varolu\u015fun \u00f6yk\u00fcs\u00fcd\u00fcr. Ya\u015fama tutunman\u0131n a\u011f\u0131r bedelinin nas\u0131l \u00f6dendi\u011finin, y\u0131k\u0131lm\u0131\u015f hayallerin ya\u015fama tutunmak i\u00e7in, nas\u0131l g\u00fc\u00e7l\u00fc hayallere \u00e7evrildi\u011finin \u00f6yk\u00fcs\u00fcd\u00fcr. Ans\u0131z\u0131n gelen a\u015fklar\u0131n, ya\u015fama tutunmak i\u00e7in ana rahmi ne d\u00fc\u015fen Karin&#8217;in \u00f6yk\u00fcs\u00fcd\u00fcr. Direnmenin, mahpuslu\u011fun, \u00f6l\u00fcmle ya\u015fam aras\u0131ndaki, Berzan&#8217;\u0131n, varolu\u015f \u00f6yk\u00fcs\u00fcd\u00fcr. Frans\u0131z Katrin&#8217;in a\u015fk\u0131 i\u00e7in verdi\u011fi \u00e7aban\u0131n T\u00fcrk\u00e7e ve K\u00fcrt\u00e7e \u00f6\u011frenen, Katrin&#8217;in, \u00f6yk\u00fcs\u00fcd\u00fcr. Saniyeler i\u00e7erisinde bir ya\u015fam\u0131n, bir hayat\u0131n iki dudak aras\u0131ndan \u00e7\u0131kan s\u00f6ylemle nas\u0131l ola\u011fan\u00fcst\u00fc de\u011fi\u015fti\u011finin \u00f6yk\u00fcs\u00fc d\u00fcr. \u00c7ocuk ya\u015fta a\u015f\u0131k olman\u0131n bedelini tecav\u00fczle \u00f6deyip hamile kalan Rohin&#8217;in \u00f6yk\u00fcs\u00fcd\u00fcr. Kanatlar\u0131 kollar\u0131 k\u0131r\u0131k Lorin&#8217;in, \u00e7ocuklar\u0131; Cihan&#8217;\u0131n, S\u0131rr\u0131&#8217;n\u0131n Azad&#8217;\u0131n, Rohin&#8217;in \u00fczerine, k\u0131r\u0131lm\u0131\u015f kanatlar\u0131n\u0131 nas\u0131l gerdi\u011fini anlatan bir annenin \u00f6yk\u00fcs\u00fcd\u00fcr. Paran\u0131n, mal\u0131n, m\u00fclk\u00fcn, s\u0131n\u0131rs\u0131z b\u00fcy\u00fcmenin, nas\u0131l, nereden geldi\u011fi belli olmayan kara para ak\u0131\u015f\u0131n\u0131n, mafya ili\u015fkilerinin i\u00e7erisindeki Ziya beyin \u00f6yk\u00fcs\u00fcd\u00fcr. Milyonlarca ya\u015fanm\u0131\u015f ger\u00e7ekten bir tanesinin sayfalara s\u0131k\u0131\u015ft\u0131r\u0131lm\u0131\u015f \u00f6yk\u00fcs\u00fcd\u00fcr. <\/p>\n","protected":false},"excerpt":{"rendered":"<p>Dram\u0131n \u00f6yk\u00fcs\u00fcd\u00fcr bu, par\u00e7alanm\u0131\u015fl\u0131\u011f\u0131n, hasretin, \u00f6zlemin \u00f6yk\u00fcs\u00fcd\u00fcr, A\u011f\u0131r a\u011f\u0131r \u00f6l\u00fcm\u00fcn, geride b\u0131rak\u0131lm\u0131\u015f viranenin \u00f6yk\u00fcs\u00fcd\u00fcr, umudun, t\u00fckenmi\u015fli\u011fin, varolu\u015fun \u00f6yk\u00fcs\u00fcd\u00fcr. Ya\u015fama tutunman\u0131n a\u011f\u0131r bedelinin nas\u0131l \u00f6dendi\u011finin, y\u0131k\u0131lm\u0131\u015f hayallerin<span class=\"excerpt-hellip\"> [\u2026]<\/span><\/p>\n","protected":false},"featured_media":0,"template":"","meta":{"_monsterinsights_skip_tracking":false,"_monsterinsights_sitenote_active":false,"_monsterinsights_sitenote_note":"","_monsterinsights_sitenote_category":0},"product_brand":[],"product_cat":[12291,12711],"product_tag":[],"class_list":{"0":"post-760122","1":"product","2":"type-product","3":"status-publish","5":"product_cat-edebiyat","6":"product_cat-roman-oyku","7":"pa_cilt-ciltsiz","8":"pa_tur-kitap","9":"pa_yayinevi-vova-yayinlari","10":"pa_yazar-lokman-ogulmus","12":"first","13":"instock","14":"sale","15":"shipping-taxable","16":"purchasable","17":"product-type-simple"},"_links":{"self":[{"href":"https:\/\/roveyayinevi.com.tr\/index.php\/wp-json\/wp\/v2\/product\/760122","targetHints":{"allow":["GET"]}}],"collection":[{"href":"https:\/\/roveyayinevi.com.tr\/index.php\/wp-json\/wp\/v2\/product"}],"about":[{"href":"https:\/\/roveyayinevi.com.tr\/index.php\/wp-json\/wp\/v2\/types\/product"}],"wp:attachment":[{"href":"https:\/\/roveyayinevi.com.tr\/index.php\/wp-json\/wp\/v2\/media?parent=760122"}],"wp:term":[{"taxonomy":"product_brand","embeddable":true,"href":"https:\/\/roveyayinevi.com.tr\/index.php\/wp-json\/wp\/v2\/product_brand?post=760122"},{"taxonomy":"product_cat","embeddable":true,"href":"https:\/\/roveyayinevi.com.tr\/index.php\/wp-json\/wp\/v2\/product_cat?post=760122"},{"taxonomy":"product_tag","embeddable":true,"href":"https:\/\/roveyayinevi.com.tr\/index.php\/wp-json\/wp\/v2\/product_tag?post=760122"}],"curies":[{"name":"wp","href":"https:\/\/api.w.org\/{rel}","templated":true}]}}