{"id":760121,"date":"2025-08-28T08:55:51","date_gmt":"2025-08-28T05:55:51","guid":{"rendered":"https:\/\/roveyayinevi.com.tr\/index.php\/urun\/gulce-kizin-ruyasi\/"},"modified":"2026-01-30T03:51:40","modified_gmt":"2026-01-30T00:51:40","slug":"gulce-kizin-ruyasi","status":"publish","type":"product","link":"https:\/\/roveyayinevi.com.tr\/index.php\/urun\/gulce-kizin-ruyasi\/","title":{"rendered":"G\u00fclce K\u0131z\u0131n R\u00fcyas\u0131"},"content":{"rendered":"<p>Bu kitab\u0131 okumaya ba\u015flad\u0131\u011f\u0131n\u0131zda k\u00fc\u00e7\u00fck bir k\u0131z \u00e7ocu\u011fu olan G\u00fclce\u2019nin dedesiyle olan sevgi dolu sohbetine doyamayacaks\u0131n\u0131z. G\u00fclce, \u015fair ruhlu dedesinin anlatt\u0131klar\u0131ndan \u00f6yle etkileniyor ki hayal mi ger\u00e7ek mi emin olamad\u0131\u011f\u0131 bir r\u00fcya g\u00f6r\u00fcyor\u2026 R\u00fcyas\u0131nda neler g\u00f6rm\u00fc\u015f eminim hepiniz tatl\u0131 bir tebess\u00fcmle okurken aile olman\u0131n g\u00fczelli\u011fini, b\u00fcy\u00fcklerimizin k\u0131ymetini bir kez daha anlayacaks\u0131n\u0131z.  Bu kitap yaln\u0131z k\u00fc\u00e7\u00fck \u00e7ocuklar i\u00e7in de\u011fil, s\u0131cak bir aile ortam\u0131 hik\u00e2yesi okumak isteyen her ya\u015ftan de\u011ferli okurlar\u0131m\u0131z i\u00e7in\u2026 <\/p>\n","protected":false},"excerpt":{"rendered":"<p>Bu kitab\u0131 okumaya ba\u015flad\u0131\u011f\u0131n\u0131zda k\u00fc\u00e7\u00fck bir k\u0131z \u00e7ocu\u011fu olan G\u00fclce\u2019nin dedesiyle olan sevgi dolu sohbetine doyamayacaks\u0131n\u0131z. G\u00fclce, \u015fair ruhlu dedesinin anlatt\u0131klar\u0131ndan \u00f6yle etkileniyor ki hayal mi<span class=\"excerpt-hellip\"> [\u2026]<\/span><\/p>\n","protected":false},"featured_media":0,"template":"","meta":{"_monsterinsights_skip_tracking":false,"_monsterinsights_sitenote_active":false,"_monsterinsights_sitenote_note":"","_monsterinsights_sitenote_category":0},"product_brand":[],"product_cat":[12274],"product_tag":[],"class_list":{"0":"post-760121","1":"product","2":"type-product","3":"status-publish","5":"product_cat-cocuk-ve-genclik-kitaplari","6":"pa_cilt-ciltsiz","7":"pa_tur-kitap","8":"pa_yayinevi-vova-yayinlari","9":"pa_yazar-halil-manus","11":"first","12":"instock","13":"sale","14":"shipping-taxable","15":"purchasable","16":"product-type-simple"},"_links":{"self":[{"href":"https:\/\/roveyayinevi.com.tr\/index.php\/wp-json\/wp\/v2\/product\/760121","targetHints":{"allow":["GET"]}}],"collection":[{"href":"https:\/\/roveyayinevi.com.tr\/index.php\/wp-json\/wp\/v2\/product"}],"about":[{"href":"https:\/\/roveyayinevi.com.tr\/index.php\/wp-json\/wp\/v2\/types\/product"}],"wp:attachment":[{"href":"https:\/\/roveyayinevi.com.tr\/index.php\/wp-json\/wp\/v2\/media?parent=760121"}],"wp:term":[{"taxonomy":"product_brand","embeddable":true,"href":"https:\/\/roveyayinevi.com.tr\/index.php\/wp-json\/wp\/v2\/product_brand?post=760121"},{"taxonomy":"product_cat","embeddable":true,"href":"https:\/\/roveyayinevi.com.tr\/index.php\/wp-json\/wp\/v2\/product_cat?post=760121"},{"taxonomy":"product_tag","embeddable":true,"href":"https:\/\/roveyayinevi.com.tr\/index.php\/wp-json\/wp\/v2\/product_tag?post=760121"}],"curies":[{"name":"wp","href":"https:\/\/api.w.org\/{rel}","templated":true}]}}