{"id":760117,"date":"2025-08-28T08:55:42","date_gmt":"2025-08-28T05:55:42","guid":{"rendered":"https:\/\/roveyayinevi.com.tr\/index.php\/urun\/double-vie\/"},"modified":"2026-01-30T03:51:39","modified_gmt":"2026-01-30T00:51:39","slug":"double-vie","status":"publish","type":"product","link":"https:\/\/roveyayinevi.com.tr\/index.php\/urun\/double-vie\/","title":{"rendered":"Double Vie"},"content":{"rendered":"<p>Apr\u00e8s avoir plong\u00e9 dans les m\u00e9andres de &#8220;Double Vie&#8221; par Mustafa Ok\u00e7ay, je ressors profond\u00e9ment touch\u00e9e par l&#8217;ing\u00e9niosit\u00e9 et la sensibilit\u00e9 avec lesquelles il aborde le concept d&#8217;identit\u00e9 et d&#8217;existence parall\u00e8le. Ce roman, \u00e0 travers l&#8217;exploration de deux vies distinctes v\u00e9cues par le m\u00eame \u00eatre, met en lumi\u00e8re la complexit\u00e9 de la nature humaine et la qu\u00eate incessante de sens et d&#8217;appartenance. Ok\u00e7ay, avec une plume \u00e9l\u00e9gante et un regard p\u00e9n\u00e9trant sur les \u00e9motions humaines, nous guide \u00e0 travers une histoire fascinante qui est \u00e0 la fois un miroir de nos propres dualit\u00e9s et un hommage \u00e0 la capacit\u00e9 de l&#8217;esprit \u00e0 naviguer entre diff\u00e9rentes r\u00e9alit\u00e9s. &#8220;Double Vie&#8221; n&#8217;est pas seulement un r\u00e9cit captivant; c&#8217;est une \u0153uvre qui d\u00e9fie notre perception de la r\u00e9alit\u00e9 et enrichit notre compr\u00e9hension de nous-m\u00eames. Un incontournable pour ceux qui cherchent \u00e0 explorer les profondeurs de l&#8217;\u00e2me humaine \u00e0 travers les yeux d&#8217;un ma\u00eetre conteur.   Enrico Macias<\/p>\n","protected":false},"excerpt":{"rendered":"<p>Apr\u00e8s avoir plong\u00e9 dans les m\u00e9andres de &#8220;Double Vie&#8221; par Mustafa Ok\u00e7ay, je ressors profond\u00e9ment touch\u00e9e par l&#8217;ing\u00e9niosit\u00e9 et la sensibilit\u00e9 avec lesquelles il aborde le<span class=\"excerpt-hellip\"> [\u2026]<\/span><\/p>\n","protected":false},"featured_media":0,"template":"","meta":{"_monsterinsights_skip_tracking":false,"_monsterinsights_sitenote_active":false,"_monsterinsights_sitenote_note":"","_monsterinsights_sitenote_category":0},"product_brand":[],"product_cat":[12291,12711],"product_tag":[],"class_list":{"0":"post-760117","1":"product","2":"type-product","3":"status-publish","5":"product_cat-edebiyat","6":"product_cat-roman-oyku","7":"pa_cilt-ciltsiz","8":"pa_tur-kitap","9":"pa_yayinevi-vova-yayinlari","10":"pa_yazar-mustafa-okcay","12":"first","13":"instock","14":"sale","15":"shipping-taxable","16":"purchasable","17":"product-type-simple"},"_links":{"self":[{"href":"https:\/\/roveyayinevi.com.tr\/index.php\/wp-json\/wp\/v2\/product\/760117","targetHints":{"allow":["GET"]}}],"collection":[{"href":"https:\/\/roveyayinevi.com.tr\/index.php\/wp-json\/wp\/v2\/product"}],"about":[{"href":"https:\/\/roveyayinevi.com.tr\/index.php\/wp-json\/wp\/v2\/types\/product"}],"wp:attachment":[{"href":"https:\/\/roveyayinevi.com.tr\/index.php\/wp-json\/wp\/v2\/media?parent=760117"}],"wp:term":[{"taxonomy":"product_brand","embeddable":true,"href":"https:\/\/roveyayinevi.com.tr\/index.php\/wp-json\/wp\/v2\/product_brand?post=760117"},{"taxonomy":"product_cat","embeddable":true,"href":"https:\/\/roveyayinevi.com.tr\/index.php\/wp-json\/wp\/v2\/product_cat?post=760117"},{"taxonomy":"product_tag","embeddable":true,"href":"https:\/\/roveyayinevi.com.tr\/index.php\/wp-json\/wp\/v2\/product_tag?post=760117"}],"curies":[{"name":"wp","href":"https:\/\/api.w.org\/{rel}","templated":true}]}}