{"id":760115,"date":"2025-08-28T08:55:39","date_gmt":"2025-08-28T05:55:39","guid":{"rendered":"https:\/\/roveyayinevi.com.tr\/index.php\/urun\/biz-kadiniz\/"},"modified":"2026-01-30T03:51:39","modified_gmt":"2026-01-30T00:51:39","slug":"biz-kadiniz","status":"publish","type":"product","link":"https:\/\/roveyayinevi.com.tr\/index.php\/urun\/biz-kadiniz\/","title":{"rendered":"Biz Kad\u0131n\u0131z"},"content":{"rendered":"<p>&#8220;Biz Kad\u0131n\u0131z,&#8221; Mustafa Ok\u00e7ay&#8217;\u0131n kaleme ald\u0131\u011f\u0131 ola\u011fan\u00fcst\u00fc bir eser olarak, kad\u0131n olman\u0131nderinliklerine cesurca dal\u0131yor. Ok\u00e7ay, \u015fiirlerinde kad\u0131nl\u0131\u011f\u0131n \u00e7ok katmanl\u0131 yap\u0131s\u0131n\u0131 hem zorluklar\u0131ylahem de g\u00fczellikleriyle ele alarak, okuyucular\u0131 duygusal bir yolculu\u011fa \u00e7\u0131kar\u0131yor. Her bir dize,kad\u0131nlar\u0131n ya\u015fam\u0131ndaki karma\u015f\u0131k duygular\u0131, g\u00fc\u00e7l\u00fc y\u00f6nlerini ve hayat\u0131n her alan\u0131nda oynad\u0131klar\u0131 kritikrolleri ustal\u0131kla sergiliyor. &#8220;Biz Kad\u0131n\u0131z,&#8221; yaln\u0131zca bir \u015fiir kitab\u0131ndan \u00f6te, kad\u0131nlar\u0131n sesini y\u00fckseltenve onlar\u0131n varolu\u015fsal m\u00fccadelelerini ve zaferlerini kutlayan bir manifesto niteli\u011finde. Ok\u00e7ay&#8217;\u0131n eseri,toplumsal cinsiyet rollerine dair kli\u015feleri k\u0131r\u0131yor ve kad\u0131nlar\u0131n ger\u00e7ek g\u00fcc\u00fcn\u00fc, cesaretini vedayan\u0131kl\u0131l\u0131\u011f\u0131n\u0131 \u00f6n plana \u00e7\u0131kar\u0131yor. Her ya\u015ftan ve her kesimden okuyucuya hitap eden bu eser, kad\u0131nolman\u0131n anlam\u0131n\u0131 yeniden tan\u0131ml\u0131yor ve okuyucular\u0131 kad\u0131nlar\u0131n zengin i\u00e7 d\u00fcnyas\u0131na, m\u00fccadelelerineve ba\u015far\u0131lar\u0131na ortak olmaya davet ediyor. Mustafa Ok\u00e7ay, bu eseriyle edebiyat d\u00fcnyas\u0131na de\u011ferli birkatk\u0131 sa\u011flam\u0131\u015f ve okuyucular\u0131n g\u00f6z\u00fcnde sayg\u0131n bir yer edinmeyi ba\u015farm\u0131\u015ft\u0131r.<\/p>\n","protected":false},"excerpt":{"rendered":"<p>&#8220;Biz Kad\u0131n\u0131z,&#8221; Mustafa Ok\u00e7ay&#8217;\u0131n kaleme ald\u0131\u011f\u0131 ola\u011fan\u00fcst\u00fc bir eser olarak, kad\u0131n olman\u0131nderinliklerine cesurca dal\u0131yor. Ok\u00e7ay, \u015fiirlerinde kad\u0131nl\u0131\u011f\u0131n \u00e7ok katmanl\u0131 yap\u0131s\u0131n\u0131 hem zorluklar\u0131ylahem de g\u00fczellikleriyle ele alarak,<span class=\"excerpt-hellip\"> [\u2026]<\/span><\/p>\n","protected":false},"featured_media":0,"template":"","meta":{"_monsterinsights_skip_tracking":false,"_monsterinsights_sitenote_active":false,"_monsterinsights_sitenote_note":"","_monsterinsights_sitenote_category":0},"product_brand":[],"product_cat":[12291,12509],"product_tag":[],"class_list":{"0":"post-760115","1":"product","2":"type-product","3":"status-publish","5":"product_cat-edebiyat","6":"product_cat-siir","7":"pa_cilt-ciltsiz","8":"pa_tur-kitap","9":"pa_yayinevi-vova-yayinlari","10":"pa_yazar-mustafa-okcay","12":"first","13":"instock","14":"sale","15":"shipping-taxable","16":"purchasable","17":"product-type-simple"},"_links":{"self":[{"href":"https:\/\/roveyayinevi.com.tr\/index.php\/wp-json\/wp\/v2\/product\/760115","targetHints":{"allow":["GET"]}}],"collection":[{"href":"https:\/\/roveyayinevi.com.tr\/index.php\/wp-json\/wp\/v2\/product"}],"about":[{"href":"https:\/\/roveyayinevi.com.tr\/index.php\/wp-json\/wp\/v2\/types\/product"}],"wp:attachment":[{"href":"https:\/\/roveyayinevi.com.tr\/index.php\/wp-json\/wp\/v2\/media?parent=760115"}],"wp:term":[{"taxonomy":"product_brand","embeddable":true,"href":"https:\/\/roveyayinevi.com.tr\/index.php\/wp-json\/wp\/v2\/product_brand?post=760115"},{"taxonomy":"product_cat","embeddable":true,"href":"https:\/\/roveyayinevi.com.tr\/index.php\/wp-json\/wp\/v2\/product_cat?post=760115"},{"taxonomy":"product_tag","embeddable":true,"href":"https:\/\/roveyayinevi.com.tr\/index.php\/wp-json\/wp\/v2\/product_tag?post=760115"}],"curies":[{"name":"wp","href":"https:\/\/api.w.org\/{rel}","templated":true}]}}