{"id":760111,"date":"2025-08-28T08:55:33","date_gmt":"2025-08-28T05:55:33","guid":{"rendered":"https:\/\/roveyayinevi.com.tr\/index.php\/urun\/arkeolojinin-yeniden-insasi\/"},"modified":"2026-04-16T03:13:02","modified_gmt":"2026-04-16T00:13:02","slug":"arkeolojinin-yeniden-insasi","status":"publish","type":"product","link":"https:\/\/roveyayinevi.com.tr\/index.php\/urun\/arkeolojinin-yeniden-insasi\/","title":{"rendered":"Arkeolojinin Yeniden-\u0130n\u015fas\u0131"},"content":{"rendered":"<p>Elinizdeki kitap birka\u00e7 bak\u0131mdan \u00e7\u0131\u011f\u0131r a\u00e7\u0131c\u0131d\u0131r. Bu nedenle, metnin alana arkeolojik kula\u011f\u0131n a\u015fina olmad\u0131\u011f\u0131 kavramlar\u0131 sokmas\u0131 \u015fa\u015f\u0131rt\u0131c\u0131 de\u011fildir. Bu konudaki g\u00fc\u00e7l\u00fck cesaretimizi k\u0131rmamal\u0131d\u0131r. O ayr\u0131ca yeni bir arkeoloji ku\u015fa\u011f\u0131 \u2013disiplinin felsef\u00ee olarak bi\u00e7imlendirildi\u011fi ve ele\u015ftirel fark\u0131ndal\u0131k i\u00e7eren yeni bir \u00e7a\u011f\u2013 i\u00e7inde ortaya \u00e7\u0131kan olduk\u00e7a \u00f6nemli bir kitapt\u0131r.Bu kitab\u0131 okuman\u0131n b\u00fcy\u00fck bir \u00e7aba gerektirmesinin bir nedeni arkeologlardan yeni geli\u015fmeleri hemen yakalamalar\u0131n\u0131n beklenmesidir. Kitapta uzunca zamand\u0131r s\u0131n\u0131rl\u0131 bir teorik alanla yetinen, yap\u0131salc\u0131l\u0131kla ve Marksizm\u2019in baz\u0131 y\u00f6nleriyle sadece yak\u0131n zamanlarda ilgilenmeye ba\u015flayan arkeologdan yap\u0131salc\u0131l\u0131ktan post-yap\u0131salc\u0131l\u0131\u011fa s\u0131\u00e7ramas\u0131 ve ele\u015ftirel teoriyi, hermeneuti\u011fi, fenomenolojiyi, realist ve post-pozitivist felsefeyi g\u00f6z \u00f6n\u00fcnde bulundurmas\u0131 istenmektedir. Bir b\u00fct\u00fcn olarak arkeolojinin bu tart\u0131\u015fmalara h\u0131zl\u0131 ve etkili bir bi\u00e7imde girebilece\u011finden emin de\u011filim ve bir anlamda kitap zaman\u0131ndan \u00f6nce veya tersine i\u015f i\u015ften ge\u00e7tikten sonra gelmi\u015f olabilir. Arkeoloji \u00f6\u011fretiminin ve literat\u00fcr\u00fcn\u00fcn, elinizdeki kitapta tart\u0131\u015f\u0131lan fikirlerin i\u00e7erimlerinin farkl\u0131 arkeolojik verilerle ili\u015fki i\u00e7inde ele\u015ftirilmesi ve de\u011ferlendirilmesinden \u00f6nce \u00f6z\u00fcmsenmesi gereken \u00e7ok \u015fey vard\u0131r. Bunlara ra\u011fmen kitab\u0131n ba\u015fard\u0131\u011f\u0131 \u015fey cesur bir bi\u00e7imde \u00f6n\u00fcm\u00fcze bir hedef koymas\u0131d\u0131r. Shanks ve Tilley \u00e7a\u011fda\u015f sosyal teoriler \u00e7e\u015fitlili\u011fini arkeolojik verilerle b\u00fct\u00fcnle\u015ftirmeyi \u00f6nermektedir. Onlar\u0131n yapt\u0131\u011f\u0131 \u015feyi anlamaya \u00e7al\u0131\u015f\u0131rken tart\u0131\u015fma d\u00fczeyimiz artm\u0131\u015ft\u0131r. Bu kitab\u0131n zorlu olmas\u0131 bizi korkutmamal\u0131d\u0131r. Sonraki 10 y\u0131l i\u00e7in g\u00f6revimiz kendimizi bu kitab\u0131 okuyabilecek d\u00fczeyde yeti\u015ftirmemizdir.<\/p>\n","protected":false},"excerpt":{"rendered":"<p>Elinizdeki kitap birka\u00e7 bak\u0131mdan \u00e7\u0131\u011f\u0131r a\u00e7\u0131c\u0131d\u0131r. Bu nedenle, metnin alana arkeolojik kula\u011f\u0131n a\u015fina olmad\u0131\u011f\u0131 kavramlar\u0131 sokmas\u0131 \u015fa\u015f\u0131rt\u0131c\u0131 de\u011fildir. Bu konudaki g\u00fc\u00e7l\u00fck cesaretimizi k\u0131rmamal\u0131d\u0131r. O ayr\u0131ca yeni<span class=\"excerpt-hellip\"> [\u2026]<\/span><\/p>\n","protected":false},"featured_media":0,"template":"","meta":{"_monsterinsights_skip_tracking":false,"_monsterinsights_sitenote_active":false,"_monsterinsights_sitenote_note":"","_monsterinsights_sitenote_category":0},"product_brand":[],"product_cat":[12312,12304],"product_tag":[],"class_list":{"0":"post-760111","1":"product","2":"type-product","3":"status-publish","5":"product_cat-diger","6":"product_cat-tarih","7":"pa_cilt-ciltsiz","8":"pa_tur-kitap","9":"pa_yayinevi-phoenix-yayinevi","10":"pa_yazar-christopher-tilley-michael-shanks","12":"first","13":"instock","14":"sale","15":"shipping-taxable","16":"purchasable","17":"product-type-simple"},"_links":{"self":[{"href":"https:\/\/roveyayinevi.com.tr\/index.php\/wp-json\/wp\/v2\/product\/760111","targetHints":{"allow":["GET"]}}],"collection":[{"href":"https:\/\/roveyayinevi.com.tr\/index.php\/wp-json\/wp\/v2\/product"}],"about":[{"href":"https:\/\/roveyayinevi.com.tr\/index.php\/wp-json\/wp\/v2\/types\/product"}],"wp:attachment":[{"href":"https:\/\/roveyayinevi.com.tr\/index.php\/wp-json\/wp\/v2\/media?parent=760111"}],"wp:term":[{"taxonomy":"product_brand","embeddable":true,"href":"https:\/\/roveyayinevi.com.tr\/index.php\/wp-json\/wp\/v2\/product_brand?post=760111"},{"taxonomy":"product_cat","embeddable":true,"href":"https:\/\/roveyayinevi.com.tr\/index.php\/wp-json\/wp\/v2\/product_cat?post=760111"},{"taxonomy":"product_tag","embeddable":true,"href":"https:\/\/roveyayinevi.com.tr\/index.php\/wp-json\/wp\/v2\/product_tag?post=760111"}],"curies":[{"name":"wp","href":"https:\/\/api.w.org\/{rel}","templated":true}]}}