{"id":760109,"date":"2025-08-28T08:55:29","date_gmt":"2025-08-28T05:55:29","guid":{"rendered":"https:\/\/roveyayinevi.com.tr\/index.php\/urun\/kolluk-hizmetlerinin-etik-boyutu\/"},"modified":"2026-04-16T03:13:02","modified_gmt":"2026-04-16T00:13:02","slug":"kolluk-hizmetlerinin-etik-boyutu","status":"publish","type":"product","link":"https:\/\/roveyayinevi.com.tr\/index.php\/urun\/kolluk-hizmetlerinin-etik-boyutu\/","title":{"rendered":"Kolluk Hizmetlerinin Etik Boyutu"},"content":{"rendered":"<p>\u0130\u00e7indekiler :   \u00b7         B\u0130R\u0130NC\u0130 B\u00d6L\u00dcMAHLAK VE ET\u0130K   \u00b7         \u0130K\u0130NC\u0130 B\u00d6L\u00dcMKAMU Y\u00d6NET\u0130M\u0130 VE KOLLUK ET\u0130\u011e\u0130   \u00b7         \u00dc\u00c7\u00dcNC\u00dc B\u00d6L\u00dcMKOLLUK ET\u0130K \u0130LKELER\u0130N\u0130N JANDARMA \u00d6ZEL\u0130NDE ANAL\u0130Z\u0130 <\/p>\n","protected":false},"excerpt":{"rendered":"<p>\u0130\u00e7indekiler : \u00b7 B\u0130R\u0130NC\u0130 B\u00d6L\u00dcMAHLAK VE ET\u0130K \u00b7 \u0130K\u0130NC\u0130 B\u00d6L\u00dcMKAMU Y\u00d6NET\u0130M\u0130 VE KOLLUK ET\u0130\u011e\u0130 \u00b7 \u00dc\u00c7\u00dcNC\u00dc B\u00d6L\u00dcMKOLLUK ET\u0130K \u0130LKELER\u0130N\u0130N JANDARMA \u00d6ZEL\u0130NDE ANAL\u0130Z\u0130<\/p>\n","protected":false},"featured_media":0,"template":"","meta":{"_monsterinsights_skip_tracking":false,"_monsterinsights_sitenote_active":false,"_monsterinsights_sitenote_note":"","_monsterinsights_sitenote_category":0},"product_brand":[],"product_cat":[13005,40995],"product_tag":[],"class_list":{"0":"post-760109","1":"product","2":"type-product","3":"status-publish","5":"product_cat-bilim-muhendislik","6":"product_cat-sosyal-bilimler","7":"pa_cilt-ciltsiz","8":"pa_tur-kitap","9":"pa_yayinevi-gazi-kitabevi","10":"pa_yazar-hilal-nur-yildiz","12":"first","13":"instock","14":"sale","15":"shipping-taxable","16":"purchasable","17":"product-type-simple"},"_links":{"self":[{"href":"https:\/\/roveyayinevi.com.tr\/index.php\/wp-json\/wp\/v2\/product\/760109","targetHints":{"allow":["GET"]}}],"collection":[{"href":"https:\/\/roveyayinevi.com.tr\/index.php\/wp-json\/wp\/v2\/product"}],"about":[{"href":"https:\/\/roveyayinevi.com.tr\/index.php\/wp-json\/wp\/v2\/types\/product"}],"wp:attachment":[{"href":"https:\/\/roveyayinevi.com.tr\/index.php\/wp-json\/wp\/v2\/media?parent=760109"}],"wp:term":[{"taxonomy":"product_brand","embeddable":true,"href":"https:\/\/roveyayinevi.com.tr\/index.php\/wp-json\/wp\/v2\/product_brand?post=760109"},{"taxonomy":"product_cat","embeddable":true,"href":"https:\/\/roveyayinevi.com.tr\/index.php\/wp-json\/wp\/v2\/product_cat?post=760109"},{"taxonomy":"product_tag","embeddable":true,"href":"https:\/\/roveyayinevi.com.tr\/index.php\/wp-json\/wp\/v2\/product_tag?post=760109"}],"curies":[{"name":"wp","href":"https:\/\/api.w.org\/{rel}","templated":true}]}}