{"id":760107,"date":"2025-08-28T08:55:26","date_gmt":"2025-08-28T05:55:26","guid":{"rendered":"https:\/\/roveyayinevi.com.tr\/index.php\/urun\/gel-de-inanma-saglikta-dogru-bilinen-yanlislar\/"},"modified":"2026-04-16T03:13:02","modified_gmt":"2026-04-16T00:13:02","slug":"gel-de-inanma-saglikta-dogru-bilinen-yanlislar","status":"publish","type":"product","link":"https:\/\/roveyayinevi.com.tr\/index.php\/urun\/gel-de-inanma-saglikta-dogru-bilinen-yanlislar\/","title":{"rendered":"Gel De \u0130nanma &#8211; Sa\u011fl\u0131kta Do\u011fru Bilinen Yanl\u0131\u015flar"},"content":{"rendered":"<p>Sa\u011fl\u0131\u011f\u0131m\u0131zla ilgili kulaktan dolma bilgilere son! GEL DE \u0130NANMA serisi seni ger\u00e7ek bilgilerle bulu\u015fturmaya devam ediyor. Elindeki kitap g\u00fcnl\u00fck hayattaki rehberin olacak. Art\u0131k efsanele\u015fmi\u015f olan yanl\u0131\u015f bilgiler kafan\u0131 kar\u0131\u015ft\u0131rmayacak. \u0130\u015fte cevab\u0131n\u0131 kitapta bulaca\u011f\u0131n baz\u0131 sorular: Parmak k\u0131tlatmak kire\u00e7lenmeye neden olur mu?, Dondurma yemek bo\u011faz\u0131 a\u011fr\u0131t\u0131r m\u0131? Di\u015flerimizi sert f\u0131r\u00e7alarsak daha sa\u011fl\u0131kl\u0131 olur mu? \u00d6l\u00fcnce sa\u00e7 ve t\u0131rnaklar uzar m\u0131? Bademcikler al\u0131n\u0131nca ba\u011f\u0131\u015f\u0131kl\u0131k d\u00fc\u015fer mi? H\u0131\u00e7k\u0131r\u0131k korkunca ge\u00e7er mi?\u0130\u015fte bu sorular\u0131n ve daha fazlas\u0131n\u0131n cevab\u0131 birbirinden ilgin\u00e7 bilgilerle dolu bu kitapta seni bekliyor.Acele et, bilim yolculu\u011fu ba\u015fl\u0131yoooor!<\/p>\n","protected":false},"excerpt":{"rendered":"<p>Sa\u011fl\u0131\u011f\u0131m\u0131zla ilgili kulaktan dolma bilgilere son! GEL DE \u0130NANMA serisi seni ger\u00e7ek bilgilerle bulu\u015fturmaya devam ediyor. Elindeki kitap g\u00fcnl\u00fck hayattaki rehberin olacak. Art\u0131k efsanele\u015fmi\u015f olan yanl\u0131\u015f<span class=\"excerpt-hellip\"> [\u2026]<\/span><\/p>\n","protected":false},"featured_media":0,"template":"","meta":{"_monsterinsights_skip_tracking":false,"_monsterinsights_sitenote_active":false,"_monsterinsights_sitenote_note":"","_monsterinsights_sitenote_category":0},"product_brand":[],"product_cat":[13829,12274],"product_tag":[],"class_list":{"0":"post-760107","1":"product","2":"type-product","3":"status-publish","5":"product_cat-bilimsel-kitaplar","6":"product_cat-cocuk-ve-genclik-kitaplari","7":"pa_cilt-ciltsiz","8":"pa_tur-kitap","9":"pa_yayinevi-eglenceli-bilgi-yayinlari","10":"pa_yazar-dilara-sari","12":"first","13":"instock","14":"sale","15":"shipping-taxable","16":"purchasable","17":"product-type-simple"},"_links":{"self":[{"href":"https:\/\/roveyayinevi.com.tr\/index.php\/wp-json\/wp\/v2\/product\/760107","targetHints":{"allow":["GET"]}}],"collection":[{"href":"https:\/\/roveyayinevi.com.tr\/index.php\/wp-json\/wp\/v2\/product"}],"about":[{"href":"https:\/\/roveyayinevi.com.tr\/index.php\/wp-json\/wp\/v2\/types\/product"}],"wp:attachment":[{"href":"https:\/\/roveyayinevi.com.tr\/index.php\/wp-json\/wp\/v2\/media?parent=760107"}],"wp:term":[{"taxonomy":"product_brand","embeddable":true,"href":"https:\/\/roveyayinevi.com.tr\/index.php\/wp-json\/wp\/v2\/product_brand?post=760107"},{"taxonomy":"product_cat","embeddable":true,"href":"https:\/\/roveyayinevi.com.tr\/index.php\/wp-json\/wp\/v2\/product_cat?post=760107"},{"taxonomy":"product_tag","embeddable":true,"href":"https:\/\/roveyayinevi.com.tr\/index.php\/wp-json\/wp\/v2\/product_tag?post=760107"}],"curies":[{"name":"wp","href":"https:\/\/api.w.org\/{rel}","templated":true}]}}