{"id":760105,"date":"2025-08-28T08:55:21","date_gmt":"2025-08-28T05:55:21","guid":{"rendered":"https:\/\/roveyayinevi.com.tr\/index.php\/urun\/dort-bucuk-dedektif\/"},"modified":"2026-04-16T03:13:02","modified_gmt":"2026-04-16T00:13:02","slug":"dort-bucuk-dedektif","status":"publish","type":"product","link":"https:\/\/roveyayinevi.com.tr\/index.php\/urun\/dort-bucuk-dedektif\/","title":{"rendered":"D\u00f6rt Bu\u00e7uk Dedektif"},"content":{"rendered":"<p>Uzun zamand\u0131r beklenen yaz tatilinin gelmesiyle Pietro ve Mayki, k\u0131z karde\u015fleri Sara ve Betta ile birlikte evlerinin yak\u0131n\u0131ndaki ormanda ke\u015ffe \u00e7\u0131karlar. Orman\u0131n i\u00e7lerine do\u011fru ilerledik\u00e7e derenin \u00fczerinde ge\u00e7idi kapatan bir kap\u0131 bulurlar. Kap\u0131n\u0131n ard\u0131nda esrarengiz bir ev vard\u0131r\u2026 Kendilerine zaten bir yaz maceras\u0131 arayan \u00e7ocuklar, k\u00f6pekleri Tobias ile birlikte bu gizemli evin s\u0131rr\u0131n\u0131 \u00e7\u00f6zmek i\u00e7in hemen i\u015fe koyulurlar. Bir dedektiflik oyunu olarak ba\u015flayan olay, ipu\u00e7lar\u0131 bir araya geldik\u00e7e heyecanl\u0131 bir maceraya d\u00f6n\u00fc\u015fecektir.<\/p>\n","protected":false},"excerpt":{"rendered":"<p>Uzun zamand\u0131r beklenen yaz tatilinin gelmesiyle Pietro ve Mayki, k\u0131z karde\u015fleri Sara ve Betta ile birlikte evlerinin yak\u0131n\u0131ndaki ormanda ke\u015ffe \u00e7\u0131karlar. Orman\u0131n i\u00e7lerine do\u011fru ilerledik\u00e7e derenin<span class=\"excerpt-hellip\"> [\u2026]<\/span><\/p>\n","protected":false},"featured_media":0,"template":"","meta":{"_monsterinsights_skip_tracking":false,"_monsterinsights_sitenote_active":false,"_monsterinsights_sitenote_note":"","_monsterinsights_sitenote_category":0},"product_brand":[],"product_cat":[12274,12284],"product_tag":[],"class_list":{"0":"post-760105","1":"product","2":"type-product","3":"status-publish","5":"product_cat-cocuk-ve-genclik-kitaplari","6":"product_cat-hikayeler","7":"pa_cilt-ciltsiz","8":"pa_tur-kitap","9":"pa_yayinevi-carpe-diem-kitaplari","10":"pa_yazar-rachele-coerezza","12":"first","13":"instock","14":"sale","15":"shipping-taxable","16":"purchasable","17":"product-type-simple"},"_links":{"self":[{"href":"https:\/\/roveyayinevi.com.tr\/index.php\/wp-json\/wp\/v2\/product\/760105","targetHints":{"allow":["GET"]}}],"collection":[{"href":"https:\/\/roveyayinevi.com.tr\/index.php\/wp-json\/wp\/v2\/product"}],"about":[{"href":"https:\/\/roveyayinevi.com.tr\/index.php\/wp-json\/wp\/v2\/types\/product"}],"wp:attachment":[{"href":"https:\/\/roveyayinevi.com.tr\/index.php\/wp-json\/wp\/v2\/media?parent=760105"}],"wp:term":[{"taxonomy":"product_brand","embeddable":true,"href":"https:\/\/roveyayinevi.com.tr\/index.php\/wp-json\/wp\/v2\/product_brand?post=760105"},{"taxonomy":"product_cat","embeddable":true,"href":"https:\/\/roveyayinevi.com.tr\/index.php\/wp-json\/wp\/v2\/product_cat?post=760105"},{"taxonomy":"product_tag","embeddable":true,"href":"https:\/\/roveyayinevi.com.tr\/index.php\/wp-json\/wp\/v2\/product_tag?post=760105"}],"curies":[{"name":"wp","href":"https:\/\/api.w.org\/{rel}","templated":true}]}}