{"id":760104,"date":"2025-08-28T08:55:19","date_gmt":"2025-08-28T05:55:19","guid":{"rendered":"https:\/\/roveyayinevi.com.tr\/index.php\/urun\/10-farki-bulalim-mavi-kitap\/"},"modified":"2026-04-16T03:13:02","modified_gmt":"2026-04-16T00:13:02","slug":"10-farki-bulalim-mavi-kitap","status":"publish","type":"product","link":"https:\/\/roveyayinevi.com.tr\/index.php\/urun\/10-farki-bulalim-mavi-kitap\/","title":{"rendered":"10 Fark\u0131 Bulal\u0131m &#8211; Mavi Kitap"},"content":{"rendered":"<p>\u201810 Fark\u0131 Bulal\u0131m\u2019 serisi, \u00e7ocu\u011funuzun detaylar\u0131 e\u011flenerek fark etmesine yard\u0131mc\u0131 olmas\u0131 i\u00e7in haz\u0131rland\u0131. \u015eimdi, iki resim aras\u0131ndaki farklar\u0131 bulup onlara ait \u00e7\u0131kartmalar\u0131 yerlerine yap\u0131\u015ft\u0131rarak resimleri tamamlama zaman\u0131. <\/p>\n","protected":false},"excerpt":{"rendered":"<p>\u201810 Fark\u0131 Bulal\u0131m\u2019 serisi, \u00e7ocu\u011funuzun detaylar\u0131 e\u011flenerek fark etmesine yard\u0131mc\u0131 olmas\u0131 i\u00e7in haz\u0131rland\u0131. \u015eimdi, iki resim aras\u0131ndaki farklar\u0131 bulup onlara ait \u00e7\u0131kartmalar\u0131 yerlerine yap\u0131\u015ft\u0131rarak resimleri tamamlama<span class=\"excerpt-hellip\"> [\u2026]<\/span><\/p>\n","protected":false},"featured_media":0,"template":"","meta":{"_monsterinsights_skip_tracking":false,"_monsterinsights_sitenote_active":false,"_monsterinsights_sitenote_note":"","_monsterinsights_sitenote_category":0},"product_brand":[],"product_cat":[12274,12518],"product_tag":[],"class_list":{"0":"post-760104","1":"product","2":"type-product","3":"status-publish","5":"product_cat-cocuk-ve-genclik-kitaplari","6":"product_cat-okul-oncesi-kitaplar","7":"pa_cilt-ciltsiz","8":"pa_tur-kitap","9":"pa_yayinevi-0-6-yas-yayinlari","10":"pa_yazar-barbaros-ozcan","12":"first","13":"instock","14":"sale","15":"shipping-taxable","16":"purchasable","17":"product-type-simple"},"_links":{"self":[{"href":"https:\/\/roveyayinevi.com.tr\/index.php\/wp-json\/wp\/v2\/product\/760104","targetHints":{"allow":["GET"]}}],"collection":[{"href":"https:\/\/roveyayinevi.com.tr\/index.php\/wp-json\/wp\/v2\/product"}],"about":[{"href":"https:\/\/roveyayinevi.com.tr\/index.php\/wp-json\/wp\/v2\/types\/product"}],"wp:attachment":[{"href":"https:\/\/roveyayinevi.com.tr\/index.php\/wp-json\/wp\/v2\/media?parent=760104"}],"wp:term":[{"taxonomy":"product_brand","embeddable":true,"href":"https:\/\/roveyayinevi.com.tr\/index.php\/wp-json\/wp\/v2\/product_brand?post=760104"},{"taxonomy":"product_cat","embeddable":true,"href":"https:\/\/roveyayinevi.com.tr\/index.php\/wp-json\/wp\/v2\/product_cat?post=760104"},{"taxonomy":"product_tag","embeddable":true,"href":"https:\/\/roveyayinevi.com.tr\/index.php\/wp-json\/wp\/v2\/product_tag?post=760104"}],"curies":[{"name":"wp","href":"https:\/\/api.w.org\/{rel}","templated":true}]}}