{"id":760103,"date":"2025-08-28T08:55:18","date_gmt":"2025-08-28T05:55:18","guid":{"rendered":"https:\/\/roveyayinevi.com.tr\/index.php\/urun\/hukumdarlarin-siyaseti\/"},"modified":"2026-04-16T03:13:02","modified_gmt":"2026-04-16T00:13:02","slug":"hukumdarlarin-siyaseti","status":"publish","type":"product","link":"https:\/\/roveyayinevi.com.tr\/index.php\/urun\/hukumdarlarin-siyaseti\/","title":{"rendered":"H\u00fck\u00fcmdarlar\u0131n Siyaseti"},"content":{"rendered":"<p>\u015eeyzer\u00ee,  g\u00fcn\u00fcm\u00fcz okuruna H\u00fck\u00fcmdarlar\u0131n Siyaseti ad\u0131yla sundu\u011fumuz el-Menhec\u00fc\u2019l-Mesl\u00fbk f\u00ee Siy\u00e2seti\u2019l-M\u00fcl\u00fbk ba\u015fl\u0131kl\u0131 eserini Selahaddin Eyy\u00fbb\u00ee\u2019ye takdim etmek \u00fczere kaleme alm\u0131\u015ft\u0131r.  \u015eeyzer\u00ee \u201cdinin ve d\u00fcnyan\u0131n salah\u0131\u201d diye hitap etti\u011fi Selahaddin Eyy\u00fbb\u00ee\u2019ye \u015f\u00f6yle seslenir:\u201cSultan\u0131m\u0131z edebin \u00f6nem ve faziletini bilen, ilmi ve \u00e2limleri ba\u015fkalar\u0131na tercih eden bir zatt\u0131r. Bu kitab\u0131 onun k\u00fct\u00fcphanesine takdim etmekle kendimi, (hurmas\u0131n\u0131n bollu\u011fuyla me\u015fhur) Hecer\u2019e giderken hediye olarak hurma g\u00f6t\u00fcren yahut Kays\u00fbr\u2019a giderken k\u00e2f\u00fbr otu g\u00f6t\u00fcren ki\u015fiye benzetiyorum. Bunun fark\u0131nda olmakla birlikte maksad\u0131m, hikmeti ehline ula\u015ft\u0131rmak ve yerine yerle\u015ftirmektir. Bunun i\u00e7in Allah\u2019a tutunur, ona tevekk\u00fcl ederim.\u201dTabip, hatip, tarih\u00e7i, co\u011frafyac\u0131 ve ayn\u0131 zamanda \u015fair olan \u015eeyzeri, el-Menhec\u00fc\u2019l-Mesl\u00fbk f\u00ee Siy\u00e2seti\u2019l-M\u00fcl\u00fbk\u2019ta saltanat ve halk y\u00f6netimine, ordu aras\u0131nda ganimet taksimine, ordunun riayet etmesi gereken cihad hukukuyla ilgili usul ve kaidelere dair \u00f6\u011f\u00fctler verir. \u0130sti\u015farenin faziletine i\u015faret eder, d\u00fc\u015fman kar\u015f\u0131s\u0131nda sab\u0131r ve ordu y\u00f6netimi hakk\u0131nda hikmetli tavsiyelerde bulunur. T\u00fcm bunlar\u0131 yaparken s\u00f6z\u00fc uzatmamaya, veciz ifadeler kullanmaya gayret eder ki zihinler kar\u0131\u015fmas\u0131n, kulaklar i\u015fitti\u011fini yad\u0131rgamas\u0131n.Arap co\u011frafyas\u0131nda me\u015fhur olan eserin Anadolu topraklar\u0131na geli\u015fi Yavuz Sultan Selim\u2019in \u015fehzadelik d\u00f6nemine rastlar. \u015eehzade Selim kendisine sunulan bu eser \u00fczerinde \u0130dris-i Bitlisi ile g\u00f6r\u00fc\u015f al\u0131\u015fveri\u015finde bulunmu\u015ftur. K\u0131sacas\u0131 eser, tarihe y\u00f6n vermi\u015f isimlerin ba\u015fucunda durmu\u015f bir \u00f6\u011f\u00fctler k\u0131lavuzudur.<\/p>\n","protected":false},"excerpt":{"rendered":"<p>\u015eeyzer\u00ee, g\u00fcn\u00fcm\u00fcz okuruna H\u00fck\u00fcmdarlar\u0131n Siyaseti ad\u0131yla sundu\u011fumuz el-Menhec\u00fc\u2019l-Mesl\u00fbk f\u00ee Siy\u00e2seti\u2019l-M\u00fcl\u00fbk ba\u015fl\u0131kl\u0131 eserini Selahaddin Eyy\u00fbb\u00ee\u2019ye takdim etmek \u00fczere kaleme alm\u0131\u015ft\u0131r. \u015eeyzer\u00ee \u201cdinin ve d\u00fcnyan\u0131n salah\u0131\u201d diye hitap<span class=\"excerpt-hellip\"> [\u2026]<\/span><\/p>\n","protected":false},"featured_media":0,"template":"","meta":{"_monsterinsights_skip_tracking":false,"_monsterinsights_sitenote_active":false,"_monsterinsights_sitenote_note":"","_monsterinsights_sitenote_category":0},"product_brand":[],"product_cat":[12370,12304],"product_tag":[],"class_list":{"0":"post-760103","1":"product","2":"type-product","3":"status-publish","5":"product_cat-arastirma-inceleme","6":"product_cat-tarih","7":"pa_cilt-ciltsiz","8":"pa_tur-kitap","9":"pa_yayinevi-timas-akademi-yayinlari","10":"pa_yazar-ebun-necib-seyzeri","12":"first","13":"instock","14":"sale","15":"shipping-taxable","16":"purchasable","17":"product-type-simple"},"_links":{"self":[{"href":"https:\/\/roveyayinevi.com.tr\/index.php\/wp-json\/wp\/v2\/product\/760103","targetHints":{"allow":["GET"]}}],"collection":[{"href":"https:\/\/roveyayinevi.com.tr\/index.php\/wp-json\/wp\/v2\/product"}],"about":[{"href":"https:\/\/roveyayinevi.com.tr\/index.php\/wp-json\/wp\/v2\/types\/product"}],"wp:attachment":[{"href":"https:\/\/roveyayinevi.com.tr\/index.php\/wp-json\/wp\/v2\/media?parent=760103"}],"wp:term":[{"taxonomy":"product_brand","embeddable":true,"href":"https:\/\/roveyayinevi.com.tr\/index.php\/wp-json\/wp\/v2\/product_brand?post=760103"},{"taxonomy":"product_cat","embeddable":true,"href":"https:\/\/roveyayinevi.com.tr\/index.php\/wp-json\/wp\/v2\/product_cat?post=760103"},{"taxonomy":"product_tag","embeddable":true,"href":"https:\/\/roveyayinevi.com.tr\/index.php\/wp-json\/wp\/v2\/product_tag?post=760103"}],"curies":[{"name":"wp","href":"https:\/\/api.w.org\/{rel}","templated":true}]}}