{"id":760099,"date":"2025-08-28T08:55:10","date_gmt":"2025-08-28T05:55:10","guid":{"rendered":"https:\/\/roveyayinevi.com.tr\/index.php\/urun\/kiyamet-anahtari\/"},"modified":"2026-04-16T03:13:02","modified_gmt":"2026-04-16T00:13:02","slug":"kiyamet-anahtari","status":"publish","type":"product","link":"https:\/\/roveyayinevi.com.tr\/index.php\/urun\/kiyamet-anahtari\/","title":{"rendered":"K\u0131yamet Anahtar\u0131"},"content":{"rendered":"<p>Fatih Camii\u2019nin bah\u00e7esinde meydana gelen g\u00f6\u00e7\u00fc\u011f\u00fcn derinliklerinde efsanevi Havariyyun Kilisesi\u2019ne \u00e7\u0131kan bir dehliz ke\u015ffedilir. E\u015fini ac\u0131 bir kazada kaybettikten sonra Asperger sendromlu k\u00fc\u00e7\u00fck o\u011fluyla hayata tutunmaya \u00e7al\u0131\u015fan arkeolog Aras, burada ekibiyle yapt\u0131\u011f\u0131 \u00e7al\u0131\u015fmalar sonucunda gizemli bir oda ve e\u015fsiz eserlerle kar\u015f\u0131la\u015f\u0131r. Bu tarih\u00ee eserler Hristiyanl\u0131k tarihini ba\u015ftan sona de\u011fi\u015ftirebilir, uluslararas\u0131 krizlere sebebiyet verebilir, hatta belki de d\u00fcnyan\u0131n sonunu getirecek sava\u015flar\u0131n \u00e7\u0131kmas\u0131na neden olabilir&#8230;Aras bu eserleri korumas\u0131 gerekti\u011finin fark\u0131ndad\u0131r fakat i\u015fler bekledi\u011fi gibi gitmez. Art\u0131k hem kendisinin hem de sevdiklerinin hayat\u0131 tehlike alt\u0131ndad\u0131r. Binlerce y\u0131ld\u0131r hemen her \u00fclkede farkl\u0131 bi\u00e7imlerde faaliyet g\u00f6steren, Vatikan\u2019a da s\u0131zan uluslararas\u0131 bir \u00f6rg\u00fct de bu eserlerin pe\u015findedir ve ama\u00e7lar\u0131na ula\u015fmak i\u00e7in her t\u00fcrl\u00fc k\u00f6t\u00fcl\u00fc\u011f\u00fc yapmaktad\u0131r.Aras, ipu\u00e7lar\u0131n\u0131, tarihi, mimariyi, co\u011frafyay\u0131, ge\u00e7mi\u015fi ve en \u00f6nemlisi, o\u011flunun sand\u0131\u011f\u0131 g\u00f6r\u00fcnce s\u00f6ylediklerinin pe\u015finde gerilim dolu s\u00fcr\u00fckleyici bir maceraya at\u0131l\u0131r. \u0130stanbul\u2019un sokaklar\u0131ndan yer alt\u0131 dehlizlerine, Vatikan\u2019dan Roma\u2019ya, Konstantinopolis\u2019ten Yedi Kilise b\u00f6lgesine uzanan bu kovalamacada zamana kar\u015f\u0131 yar\u0131\u015fan Aras ayn\u0131 zamanda sevdiklerinin can\u0131n\u0131 da korumakla y\u00fck\u00fcml\u00fcd\u00fcr.Hakan S\u00f6kmen, yeni roman\u0131 K\u0131yamet Anahtar\u0131\u2019yla okuru tarih, mitoloji, komplolar e\u015flili\u011finde, gizemli ve heyecanl\u0131 bir yolculu\u011fa davet ediyor.<\/p>\n","protected":false},"excerpt":{"rendered":"<p>Fatih Camii\u2019nin bah\u00e7esinde meydana gelen g\u00f6\u00e7\u00fc\u011f\u00fcn derinliklerinde efsanevi Havariyyun Kilisesi\u2019ne \u00e7\u0131kan bir dehliz ke\u015ffedilir. E\u015fini ac\u0131 bir kazada kaybettikten sonra Asperger sendromlu k\u00fc\u00e7\u00fck o\u011fluyla hayata tutunmaya<span class=\"excerpt-hellip\"> [\u2026]<\/span><\/p>\n","protected":false},"featured_media":0,"template":"","meta":{"_monsterinsights_skip_tracking":false,"_monsterinsights_sitenote_active":false,"_monsterinsights_sitenote_note":"","_monsterinsights_sitenote_category":0},"product_brand":[],"product_cat":[12291,12711],"product_tag":[],"class_list":{"0":"post-760099","1":"product","2":"type-product","3":"status-publish","5":"product_cat-edebiyat","6":"product_cat-roman-oyku","7":"pa_cilt-ciltsiz","8":"pa_tur-kitap","9":"pa_yayinevi-timas-yayinlari","10":"pa_yazar-hakan-sokmen","12":"first","13":"instock","14":"sale","15":"shipping-taxable","16":"purchasable","17":"product-type-simple"},"_links":{"self":[{"href":"https:\/\/roveyayinevi.com.tr\/index.php\/wp-json\/wp\/v2\/product\/760099","targetHints":{"allow":["GET"]}}],"collection":[{"href":"https:\/\/roveyayinevi.com.tr\/index.php\/wp-json\/wp\/v2\/product"}],"about":[{"href":"https:\/\/roveyayinevi.com.tr\/index.php\/wp-json\/wp\/v2\/types\/product"}],"wp:attachment":[{"href":"https:\/\/roveyayinevi.com.tr\/index.php\/wp-json\/wp\/v2\/media?parent=760099"}],"wp:term":[{"taxonomy":"product_brand","embeddable":true,"href":"https:\/\/roveyayinevi.com.tr\/index.php\/wp-json\/wp\/v2\/product_brand?post=760099"},{"taxonomy":"product_cat","embeddable":true,"href":"https:\/\/roveyayinevi.com.tr\/index.php\/wp-json\/wp\/v2\/product_cat?post=760099"},{"taxonomy":"product_tag","embeddable":true,"href":"https:\/\/roveyayinevi.com.tr\/index.php\/wp-json\/wp\/v2\/product_tag?post=760099"}],"curies":[{"name":"wp","href":"https:\/\/api.w.org\/{rel}","templated":true}]}}