{"id":760098,"date":"2025-08-28T08:55:08","date_gmt":"2025-08-28T05:55:08","guid":{"rendered":"https:\/\/roveyayinevi.com.tr\/index.php\/urun\/empusyon\/"},"modified":"2026-04-16T03:13:02","modified_gmt":"2026-04-16T00:13:02","slug":"empusyon","status":"publish","type":"product","link":"https:\/\/roveyayinevi.com.tr\/index.php\/urun\/empusyon\/","title":{"rendered":"Empusyon"},"content":{"rendered":"<p>Eyl\u00fcl 1913. Birinci D\u00fcnya Sava\u015f\u0131 arifesinde t\u00fcberk\u00fclozdan mustarip Mieczys\u0142aw Wojnicz tedavi ama\u00e7l\u0131 G\u00f6rbersdorf kasabas\u0131ndaki bir sa\u011fl\u0131k merkezine, Avrupa\u2019n\u0131n d\u00f6rt bir yan\u0131ndan hastalar\u0131 a\u011f\u0131rlayan Beyler Konukevi\u2019ne gelir. Her g\u00fcn hastalarla yemek salonunda toplan\u0131p d\u00f6nemin b\u00fcy\u00fck meselelerini tart\u0131\u015f\u0131rlar: Sava\u015f \u00e7\u0131kacak m\u0131d\u0131r? Monar\u015fi mi yoksa demokrasi mi daha iyidir? \u015eeytanlar var m\u0131d\u0131r? Kad\u0131nlar do\u011fu\u015ftan a\u015fa\u011f\u0131 varl\u0131klar m\u0131d\u0131r? Bu s\u0131rada konukevinde ve \u00e7evresinde tuhaf \u015feyler ard\u0131 ard\u0131na ya\u015fanmaktad\u0131r. Birileri \u2015ya da bir \u015fey\u2015 onlar\u0131 izliyor, bu kapal\u0131 d\u00fcnyaya s\u0131zmaya \u00e7al\u0131\u015f\u0131yordur. Erkekler konukevinin \u00e7evresinde ya\u015fanm\u0131\u015f tuhaf olaylar\u0131 dinledik\u00e7e g\u00fcnbeg\u00fcn korkular\u0131na yenik d\u00fc\u015ferler. Wojnicz hem kendi ger\u00e7eklerini hem de d\u00f6rt yan\u0131n\u0131 ku\u015fatan u\u011fursuz g\u00fc\u00e7lerin gizemini \u00e7\u00f6zmeye \u00e7al\u0131\u015f\u0131rken onlar\u0131n bir sonraki hedeflerini \u00e7oktan se\u00e7tiklerini fark etmez.Olga Tokarczuk okurunu ilk sayfas\u0131ndan itibaren y\u00fckselen ritmi ve gerilimiyle merak uyand\u0131r\u0131c\u0131, b\u00fcy\u00fcl\u00fc \u2015yer yer r\u00fcya gibi\u2015 bir yolculu\u011fa \u00e7\u0131kar\u0131rken insan varolu\u015funun temel sorunlar\u0131n\u0131 ve toplumsal cinsiyet rollerini masaya yat\u0131r\u0131yor. B\u00fcy\u00fcl\u00fc Da\u011f\u2019\u0131n yay\u0131mlanmas\u0131ndan bir as\u0131r sonra Olga Tokarczuk, Thomas Mann\u2019\u0131n topraklar\u0131n\u0131 yeniden ziyaret ediyor ve do\u011fa-insan, ya\u015fam-\u00f6l\u00fcm gibi izlekleri felsefesiyle harmanlayarak bu topraklara sahip \u00e7\u0131k\u0131yor.Empusyon, Olga Tokarczuk\u2019un Nobel \u00d6d\u00fcl\u00fc\u2019nden sonra merakla beklenen ilk roman\u0131\u2026 \u201cMuhte\u015fem bir yazar.\u201d \u2015Svetlana Alexievich\u201cTokarczuk ile birlikte, Nobel sadece bir kad\u0131n yazar\u0131 se\u00e7medi, y\u00fczy\u0131l\u0131n\u0131n sesini se\u00e7ti. Olga Tokarczuk, \u015fiirsel \u00fcslubu ve ak\u0131lda kalan hik\u00e2yecili\u011fiyle d\u00f6nemine iz b\u0131rakan bir yazar.\u201d \u2015Didier Jacob, L\u2019Obs\u201cEmpusyon, sadece kad\u0131n \u015fovenizminin bir ele\u015ftirisi olarak de\u011fil, ayn\u0131 zamanda modern toplumlarda dayat\u0131lan toplumsal cinsiyet rolleri arac\u0131l\u0131\u011f\u0131yla insanlar\u0131 h\u00e2l\u00e2 damgalayan bask\u0131 bi\u00e7imlerinin bir ele\u015ftirisi olarak da okunabilir. Bu roman, okuru kendini g\u00fcvende hissetmeye al\u0131\u015fk\u0131n oldu\u011fu alanlar\u0131n \u00e7ok \u00f6tesine ta\u015f\u0131yan bir hayal d\u00fcnyas\u0131na davettir.\u201d \u2015Onet Kultura<\/p>\n","protected":false},"excerpt":{"rendered":"<p>Eyl\u00fcl 1913. Birinci D\u00fcnya Sava\u015f\u0131 arifesinde t\u00fcberk\u00fclozdan mustarip Mieczys\u0142aw Wojnicz tedavi ama\u00e7l\u0131 G\u00f6rbersdorf kasabas\u0131ndaki bir sa\u011fl\u0131k merkezine, Avrupa\u2019n\u0131n d\u00f6rt bir yan\u0131ndan hastalar\u0131 a\u011f\u0131rlayan Beyler Konukevi\u2019ne gelir.<span class=\"excerpt-hellip\"> [\u2026]<\/span><\/p>\n","protected":false},"featured_media":0,"template":"","meta":{"_monsterinsights_skip_tracking":false,"_monsterinsights_sitenote_active":false,"_monsterinsights_sitenote_note":"","_monsterinsights_sitenote_category":0},"product_brand":[],"product_cat":[12291,12711],"product_tag":[],"class_list":{"0":"post-760098","1":"product","2":"type-product","3":"status-publish","5":"product_cat-edebiyat","6":"product_cat-roman-oyku","7":"pa_cilt-ciltsiz","8":"pa_tur-kitap","9":"pa_yayinevi-timas-yayinlari","10":"pa_yazar-olga-tokarczuk","12":"first","13":"instock","14":"sale","15":"shipping-taxable","16":"purchasable","17":"product-type-simple"},"_links":{"self":[{"href":"https:\/\/roveyayinevi.com.tr\/index.php\/wp-json\/wp\/v2\/product\/760098","targetHints":{"allow":["GET"]}}],"collection":[{"href":"https:\/\/roveyayinevi.com.tr\/index.php\/wp-json\/wp\/v2\/product"}],"about":[{"href":"https:\/\/roveyayinevi.com.tr\/index.php\/wp-json\/wp\/v2\/types\/product"}],"wp:attachment":[{"href":"https:\/\/roveyayinevi.com.tr\/index.php\/wp-json\/wp\/v2\/media?parent=760098"}],"wp:term":[{"taxonomy":"product_brand","embeddable":true,"href":"https:\/\/roveyayinevi.com.tr\/index.php\/wp-json\/wp\/v2\/product_brand?post=760098"},{"taxonomy":"product_cat","embeddable":true,"href":"https:\/\/roveyayinevi.com.tr\/index.php\/wp-json\/wp\/v2\/product_cat?post=760098"},{"taxonomy":"product_tag","embeddable":true,"href":"https:\/\/roveyayinevi.com.tr\/index.php\/wp-json\/wp\/v2\/product_tag?post=760098"}],"curies":[{"name":"wp","href":"https:\/\/api.w.org\/{rel}","templated":true}]}}