{"id":760097,"date":"2025-08-28T08:55:05","date_gmt":"2025-08-28T05:55:05","guid":{"rendered":"https:\/\/roveyayinevi.com.tr\/index.php\/urun\/bana-yarinlari-anlat\/"},"modified":"2026-04-16T03:13:02","modified_gmt":"2026-04-16T00:13:02","slug":"bana-yarinlari-anlat","status":"publish","type":"product","link":"https:\/\/roveyayinevi.com.tr\/index.php\/urun\/bana-yarinlari-anlat\/","title":{"rendered":"Bana Yar\u0131nlar\u0131 Anlat"},"content":{"rendered":"<p>Daha yirmi sekizinde \u00e7i\u00e7e\u011fi burnunda bir savc\u0131: Zehra&#8230;Cesur ve g\u00fcnahtan korkan, adaleti zedelemekten \u00e7ekinen tavr\u0131yla baz\u0131lar\u0131n\u0131 \u00f6fkelendirse de anlaml\u0131 ve tehditk\u00e2r bak\u0131\u015flara katiyen pabu\u00e7 b\u0131rakm\u0131yor. Y\u0131llanm\u0131\u015f bir d\u00fc\u015fmanl\u0131\u011f\u0131n g\u00f6lgesinde ya\u015fayan iki belde: \u00d6ren ve \u00c7\u0131narl\u0131&#8230;Ve hayatlar\u0131 ge\u00e7mi\u015fin sanc\u0131lar\u0131yla lekelenmi\u015f, ka\u00e7\u0131n\u0131lmaz ayr\u0131l\u0131klara mahk\u00fbm edilmi\u015f insanlar\u0131&#8230; Kimi \u00e7evirdi\u011fi dolaplarla g\u00fcn\u00fcn\u00fc g\u00fcn ederken kimi hayat\u0131n onun da y\u00fcz\u00fcne g\u00fclece\u011fi an\u0131 bekliyor.Zehra&#8217;n\u0131n geli\u015fi dengeleri nas\u0131l de\u011fi\u015ftirecek? Y\u0131llard\u0131r g\u00fcn y\u00fcz\u00fc g\u00f6rmeyen s\u0131rlar nihayet a\u00e7\u0131\u011fa \u00e7\u0131kacak m\u0131? Ya kalbimiz, en dara d\u00fc\u015ft\u00fc\u011f\u00fcnde bile umutla atmaya devam eder mi?Elli y\u0131l\u0131 a\u015fan yazarl\u0131k kariyeri boyunca eserleriyle okurun kalbinde derin izler b\u0131rakan Ahmed G\u00fcnbay Y\u0131ld\u0131z&#8217;dan su\u00e7 ve masumiyet kavramlar\u0131 \u00fczerine y\u00fcreklere i\u015fleyecek yepyeni bir roman: Bana Yar\u0131nlar\u0131 Anlat&#8230;<\/p>\n","protected":false},"excerpt":{"rendered":"<p>Daha yirmi sekizinde \u00e7i\u00e7e\u011fi burnunda bir savc\u0131: Zehra&#8230;Cesur ve g\u00fcnahtan korkan, adaleti zedelemekten \u00e7ekinen tavr\u0131yla baz\u0131lar\u0131n\u0131 \u00f6fkelendirse de anlaml\u0131 ve tehditk\u00e2r bak\u0131\u015flara katiyen pabu\u00e7 b\u0131rakm\u0131yor. Y\u0131llanm\u0131\u015f<span class=\"excerpt-hellip\"> [\u2026]<\/span><\/p>\n","protected":false},"featured_media":0,"template":"","meta":{"_monsterinsights_skip_tracking":false,"_monsterinsights_sitenote_active":false,"_monsterinsights_sitenote_note":"","_monsterinsights_sitenote_category":0},"product_brand":[],"product_cat":[12291,12711],"product_tag":[],"class_list":{"0":"post-760097","1":"product","2":"type-product","3":"status-publish","5":"product_cat-edebiyat","6":"product_cat-roman-oyku","7":"pa_cilt-ciltsiz","8":"pa_tur-kitap","9":"pa_yayinevi-timas-yayinlari","10":"pa_yazar-ahmed-gunbay-yildiz","12":"first","13":"instock","14":"sale","15":"shipping-taxable","16":"purchasable","17":"product-type-simple"},"_links":{"self":[{"href":"https:\/\/roveyayinevi.com.tr\/index.php\/wp-json\/wp\/v2\/product\/760097","targetHints":{"allow":["GET"]}}],"collection":[{"href":"https:\/\/roveyayinevi.com.tr\/index.php\/wp-json\/wp\/v2\/product"}],"about":[{"href":"https:\/\/roveyayinevi.com.tr\/index.php\/wp-json\/wp\/v2\/types\/product"}],"wp:attachment":[{"href":"https:\/\/roveyayinevi.com.tr\/index.php\/wp-json\/wp\/v2\/media?parent=760097"}],"wp:term":[{"taxonomy":"product_brand","embeddable":true,"href":"https:\/\/roveyayinevi.com.tr\/index.php\/wp-json\/wp\/v2\/product_brand?post=760097"},{"taxonomy":"product_cat","embeddable":true,"href":"https:\/\/roveyayinevi.com.tr\/index.php\/wp-json\/wp\/v2\/product_cat?post=760097"},{"taxonomy":"product_tag","embeddable":true,"href":"https:\/\/roveyayinevi.com.tr\/index.php\/wp-json\/wp\/v2\/product_tag?post=760097"}],"curies":[{"name":"wp","href":"https:\/\/api.w.org\/{rel}","templated":true}]}}