{"id":760095,"date":"2025-08-28T08:55:02","date_gmt":"2025-08-28T05:55:02","guid":{"rendered":"https:\/\/roveyayinevi.com.tr\/index.php\/urun\/turk-denetim-sisteminde-bagimsiz-denetim-teorik-yaklasim-ve-turkiye-uygulamasi\/"},"modified":"2026-04-16T03:13:02","modified_gmt":"2026-04-16T00:13:02","slug":"turk-denetim-sisteminde-bagimsiz-denetim-teorik-yaklasim-ve-turkiye-uygulamasi","status":"publish","type":"product","link":"https:\/\/roveyayinevi.com.tr\/index.php\/urun\/turk-denetim-sisteminde-bagimsiz-denetim-teorik-yaklasim-ve-turkiye-uygulamasi\/","title":{"rendered":"T\u00fcrk Denetim Sisteminde Ba\u011f\u0131ms\u0131z Denetim Teorik Yakla\u015f\u0131m ve T\u00fcrkiye Uygulamas\u0131"},"content":{"rendered":"<p>\u0130\u00e7indekiler :         B\u00d6L\u00dcM 1: DENET\u0130M   B\u00d6L\u00dcM 2: BA\u011eIMSIZ DENET\u0130M KAVRAMI   B\u00d6L\u00dcM 3: BA\u011eIMSIZ DENET\u0130M\u0130N GEREKL\u0130L\u0130\u011e\u0130 VE FAYDALARI   B\u00d6L\u00dcM 4: BA\u011eIMSIZ DENET\u0130M\u0130N TAR\u0130HSEL S\u00dcREC\u0130   B\u00d6L\u00dcM 5: T\u00dcRK\u0130YE\u2019DE BA\u011eIMSIZ DENET\u0130M\u0130N KAMUSAL Y\u00d6NET\u0130M\u0130   B\u00d6L\u00dcM 6: BA\u011eIMSIZ DENET\u00c7\u0130 VE BA\u011eIMSIZ DENET\u00c7\u0130 KURULU\u015eLARI   B\u00d6L\u00dcM 7: BA\u011eIMSIZ DENET\u0130MDE SORUMLULUK   B\u00d6L\u00dcM 8: BA\u011eIMSIZ DENET\u0130MDE Y\u00dcK\u00dcML\u00dcL\u00dcKLER VE KISITLAMALAR     B\u00d6L\u00dcM 9: BA\u011eIMSIZ DENET\u0130M &#8211; \u0130\u00c7 DENET\u0130M \u0130L\u0130\u015eK\u0130S\u0130   B\u00d6L\u00dcM 10: T\u00dcRK\u0130YE\u2019DE BA\u011eIMSIZ DENET\u0130ME TAB\u0130 OLMAK \u015eARTLARI   B\u00d6L\u00dcM 11: BA\u011eIMSIZ DENET\u0130M STANDARTLARI   B\u00d6L\u00dcM 12: BA\u011eIMSIZ DENET\u0130M S\u00dcREC\u0130   B\u00d6L\u00dcM 13: BA\u011eIMSIZ DENET\u0130M S\u00dcREC\u0130NDE \u00d6RNEKLEME Y\u00d6NTEM\u0130   B\u00d6L\u00dcM 14: BA\u011eIMSIZ DENET\u0130M S\u00dcREC\u0130NDE H\u0130LE TESP\u0130T\u0130   B\u00d6L\u00dcM 15: BA\u011eIMSIZ DENET\u0130M S\u00dcREC\u0130NDE KANIT   B\u00d6L\u00dcM 16: BA\u011eIMSIZ DENET\u0130M S\u00dcREC\u0130NDE \u00c7ALI\u015eMA KA\u011eITLARI   B\u00d6L\u00dcM 17: BA\u011eIMSIZ DENET\u0130M VE \u0130DAR\u0130 YAPTIRIMLAR   B\u00d6L\u00dcM 18: T\u00dcRK\u0130YE\u2019DE BA\u011eIMSIZ DENET\u0130M\u0130N SAYISAL G\u00d6R\u00dcN\u00dcM\u00dc <\/p>\n","protected":false},"excerpt":{"rendered":"<p>\u0130\u00e7indekiler : B\u00d6L\u00dcM 1: DENET\u0130M B\u00d6L\u00dcM 2: BA\u011eIMSIZ DENET\u0130M KAVRAMI B\u00d6L\u00dcM 3: BA\u011eIMSIZ DENET\u0130M\u0130N GEREKL\u0130L\u0130\u011e\u0130 VE FAYDALARI B\u00d6L\u00dcM 4: BA\u011eIMSIZ DENET\u0130M\u0130N TAR\u0130HSEL S\u00dcREC\u0130 B\u00d6L\u00dcM 5: T\u00dcRK\u0130YE\u2019DE<span class=\"excerpt-hellip\"> [\u2026]<\/span><\/p>\n","protected":false},"featured_media":0,"template":"","meta":{"_monsterinsights_skip_tracking":false,"_monsterinsights_sitenote_active":false,"_monsterinsights_sitenote_note":"","_monsterinsights_sitenote_category":0},"product_brand":[],"product_cat":[13043,14381],"product_tag":[],"class_list":{"0":"post-760095","1":"product","2":"type-product","3":"status-publish","5":"product_cat-ekonomi","6":"product_cat-isletme-muhasebe-maliye","7":"pa_cilt-ciltsiz","8":"pa_tur-kitap","9":"pa_yayinevi-gazi-kitabevi","10":"pa_yazar-fazil-aydin","12":"first","13":"instock","14":"sale","15":"shipping-taxable","16":"purchasable","17":"product-type-simple"},"_links":{"self":[{"href":"https:\/\/roveyayinevi.com.tr\/index.php\/wp-json\/wp\/v2\/product\/760095","targetHints":{"allow":["GET"]}}],"collection":[{"href":"https:\/\/roveyayinevi.com.tr\/index.php\/wp-json\/wp\/v2\/product"}],"about":[{"href":"https:\/\/roveyayinevi.com.tr\/index.php\/wp-json\/wp\/v2\/types\/product"}],"wp:attachment":[{"href":"https:\/\/roveyayinevi.com.tr\/index.php\/wp-json\/wp\/v2\/media?parent=760095"}],"wp:term":[{"taxonomy":"product_brand","embeddable":true,"href":"https:\/\/roveyayinevi.com.tr\/index.php\/wp-json\/wp\/v2\/product_brand?post=760095"},{"taxonomy":"product_cat","embeddable":true,"href":"https:\/\/roveyayinevi.com.tr\/index.php\/wp-json\/wp\/v2\/product_cat?post=760095"},{"taxonomy":"product_tag","embeddable":true,"href":"https:\/\/roveyayinevi.com.tr\/index.php\/wp-json\/wp\/v2\/product_tag?post=760095"}],"curies":[{"name":"wp","href":"https:\/\/api.w.org\/{rel}","templated":true}]}}