{"id":760094,"date":"2025-08-28T08:55:01","date_gmt":"2025-08-28T05:55:01","guid":{"rendered":"https:\/\/roveyayinevi.com.tr\/index.php\/urun\/uluslararasi-politik-ekonomi-realist-bir-bakis-acisi\/"},"modified":"2026-04-16T03:13:02","modified_gmt":"2026-04-16T00:13:02","slug":"uluslararasi-politik-ekonomi-realist-bir-bakis-acisi","status":"publish","type":"product","link":"https:\/\/roveyayinevi.com.tr\/index.php\/urun\/uluslararasi-politik-ekonomi-realist-bir-bakis-acisi\/","title":{"rendered":"Uluslararas\u0131 Politik Ekonomi: Realist Bir Bak\u0131\u015f A\u00e7\u0131s\u0131"},"content":{"rendered":"<p>\u0130\u00e7indekiler :   \u00b7         B\u0130R\u0130NC\u0130 B\u00d6L\u00dcM21. Y\u00dcZYILDA ULUSLARARASI POL\u0130T\u0130K EKONOM\u0130\u00b7         \u0130K\u0130NC\u0130 B\u00d6L\u00dcMULUSLARARASI POL\u0130T\u0130K EKONOM\u0130\u00b7         \u00dc\u00c7\u00dcNC\u00dc B\u00d6L\u00dcMMERKANT\u0130L\u0130ST S\u0130STEM\u00b7         D\u00d6RD\u00dcNC\u00dc B\u00d6L\u00dcML\u0130BERAL ULUSLARARASI S\u0130STEM\u00b7         BE\u015e\u0130NC\u0130 B\u00d6L\u00dcMDEVLETLER VE L\u0130BERAL S\u0130STEM\u00b7         ALTINCI B\u00d6L\u00dcMULUS\u00d6TES\u0130 \u015e\u0130RKETLER  YED\u0130NC\u0130 B\u00d6L\u00dcMK\u00dcRESELLE\u015eME \u00c7A\u011eINDA NEO-MERKANT\u0130L\u0130ZM<\/p>\n","protected":false},"excerpt":{"rendered":"<p>\u0130\u00e7indekiler : \u00b7 B\u0130R\u0130NC\u0130 B\u00d6L\u00dcM21. Y\u00dcZYILDA ULUSLARARASI POL\u0130T\u0130K EKONOM\u0130\u00b7 \u0130K\u0130NC\u0130 B\u00d6L\u00dcMULUSLARARASI POL\u0130T\u0130K EKONOM\u0130\u00b7 \u00dc\u00c7\u00dcNC\u00dc B\u00d6L\u00dcMMERKANT\u0130L\u0130ST S\u0130STEM\u00b7 D\u00d6RD\u00dcNC\u00dc B\u00d6L\u00dcML\u0130BERAL ULUSLARARASI S\u0130STEM\u00b7 BE\u015e\u0130NC\u0130 B\u00d6L\u00dcMDEVLETLER VE L\u0130BERAL S\u0130STEM\u00b7 ALTINCI<span class=\"excerpt-hellip\"> [\u2026]<\/span><\/p>\n","protected":false},"featured_media":0,"template":"","meta":{"_monsterinsights_skip_tracking":false,"_monsterinsights_sitenote_active":false,"_monsterinsights_sitenote_note":"","_monsterinsights_sitenote_category":0},"product_brand":[],"product_cat":[13043],"product_tag":[],"class_list":{"0":"post-760094","1":"product","2":"type-product","3":"status-publish","5":"product_cat-ekonomi","6":"pa_cilt-ciltsiz","7":"pa_tur-kitap","8":"pa_yayinevi-gazi-kitabevi","9":"pa_yazar-mehmet-sahin","11":"first","12":"instock","13":"sale","14":"shipping-taxable","15":"purchasable","16":"product-type-simple"},"_links":{"self":[{"href":"https:\/\/roveyayinevi.com.tr\/index.php\/wp-json\/wp\/v2\/product\/760094","targetHints":{"allow":["GET"]}}],"collection":[{"href":"https:\/\/roveyayinevi.com.tr\/index.php\/wp-json\/wp\/v2\/product"}],"about":[{"href":"https:\/\/roveyayinevi.com.tr\/index.php\/wp-json\/wp\/v2\/types\/product"}],"wp:attachment":[{"href":"https:\/\/roveyayinevi.com.tr\/index.php\/wp-json\/wp\/v2\/media?parent=760094"}],"wp:term":[{"taxonomy":"product_brand","embeddable":true,"href":"https:\/\/roveyayinevi.com.tr\/index.php\/wp-json\/wp\/v2\/product_brand?post=760094"},{"taxonomy":"product_cat","embeddable":true,"href":"https:\/\/roveyayinevi.com.tr\/index.php\/wp-json\/wp\/v2\/product_cat?post=760094"},{"taxonomy":"product_tag","embeddable":true,"href":"https:\/\/roveyayinevi.com.tr\/index.php\/wp-json\/wp\/v2\/product_tag?post=760094"}],"curies":[{"name":"wp","href":"https:\/\/api.w.org\/{rel}","templated":true}]}}