{"id":760092,"date":"2025-08-28T08:54:56","date_gmt":"2025-08-28T05:54:56","guid":{"rendered":"https:\/\/roveyayinevi.com.tr\/index.php\/urun\/pastayi-kim-yedi\/"},"modified":"2026-04-16T03:13:02","modified_gmt":"2026-04-16T00:13:02","slug":"pastayi-kim-yedi","status":"publish","type":"product","link":"https:\/\/roveyayinevi.com.tr\/index.php\/urun\/pastayi-kim-yedi\/","title":{"rendered":"Pastay\u0131 Kim Yedi?"},"content":{"rendered":"<p>Bir \u015feyler kaybolmaya devam ediyor ve herkes zavall\u0131 Bobi\u2019yi su\u00e7luyor. Peki Bobi GER\u00c7EKTEN hepsini yedi mi: Annenin \u00f6rg\u00fclerini VE baban\u0131n nergislerini VE b\u00fcy\u00fckannenin \u00e7ay tak\u0131m\u0131n\u0131 VE Alp\u2019in b\u00fcy\u00fck do\u011fumg\u00fcn\u00fc pastas\u0131n\u0131? Yoksa sinir bozucu bir pelikan hakk\u0131nda baz\u0131 s\u0131rlar m\u0131 var? \u015eanss\u0131z bir k\u00f6pek hakk\u0131nda komik ve e\u011flenceli bir \u00f6yk\u00fc! <\/p>\n","protected":false},"excerpt":{"rendered":"<p>Bir \u015feyler kaybolmaya devam ediyor ve herkes zavall\u0131 Bobi\u2019yi su\u00e7luyor. Peki Bobi GER\u00c7EKTEN hepsini yedi mi: Annenin \u00f6rg\u00fclerini VE baban\u0131n nergislerini VE b\u00fcy\u00fckannenin \u00e7ay tak\u0131m\u0131n\u0131 VE<span class=\"excerpt-hellip\"> [\u2026]<\/span><\/p>\n","protected":false},"featured_media":0,"template":"","meta":{"_monsterinsights_skip_tracking":false,"_monsterinsights_sitenote_active":false,"_monsterinsights_sitenote_note":"","_monsterinsights_sitenote_category":0},"product_brand":[],"product_cat":[12274,12518],"product_tag":[],"class_list":{"0":"post-760092","1":"product","2":"type-product","3":"status-publish","5":"product_cat-cocuk-ve-genclik-kitaplari","6":"product_cat-okul-oncesi-kitaplar","7":"pa_cilt-ciltsiz","8":"pa_tur-kitap","9":"pa_yayinevi-is-bankasi-kultur-yayinlari","10":"pa_yazar-kate-leake","12":"first","13":"instock","14":"sale","15":"shipping-taxable","16":"purchasable","17":"product-type-simple"},"_links":{"self":[{"href":"https:\/\/roveyayinevi.com.tr\/index.php\/wp-json\/wp\/v2\/product\/760092","targetHints":{"allow":["GET"]}}],"collection":[{"href":"https:\/\/roveyayinevi.com.tr\/index.php\/wp-json\/wp\/v2\/product"}],"about":[{"href":"https:\/\/roveyayinevi.com.tr\/index.php\/wp-json\/wp\/v2\/types\/product"}],"wp:attachment":[{"href":"https:\/\/roveyayinevi.com.tr\/index.php\/wp-json\/wp\/v2\/media?parent=760092"}],"wp:term":[{"taxonomy":"product_brand","embeddable":true,"href":"https:\/\/roveyayinevi.com.tr\/index.php\/wp-json\/wp\/v2\/product_brand?post=760092"},{"taxonomy":"product_cat","embeddable":true,"href":"https:\/\/roveyayinevi.com.tr\/index.php\/wp-json\/wp\/v2\/product_cat?post=760092"},{"taxonomy":"product_tag","embeddable":true,"href":"https:\/\/roveyayinevi.com.tr\/index.php\/wp-json\/wp\/v2\/product_tag?post=760092"}],"curies":[{"name":"wp","href":"https:\/\/api.w.org\/{rel}","templated":true}]}}