{"id":760091,"date":"2025-08-28T08:54:54","date_gmt":"2025-08-28T05:54:54","guid":{"rendered":"https:\/\/roveyayinevi.com.tr\/index.php\/urun\/kaybolan-yavru-geyikler\/"},"modified":"2026-04-16T03:13:02","modified_gmt":"2026-04-16T00:13:02","slug":"kaybolan-yavru-geyikler","status":"publish","type":"product","link":"https:\/\/roveyayinevi.com.tr\/index.php\/urun\/kaybolan-yavru-geyikler\/","title":{"rendered":"Kaybolan Yavru Geyikler"},"content":{"rendered":"<p>\u0130kiz geyik yavrular\u0131 G\u00fcm\u00fc\u015f ile I\u015f\u0131lt\u0131, o k\u0131\u015f ilk defa karla tan\u0131\u015ft\u0131lar. Beyaz \u00f6rt\u00fcyle kaplanan d\u00fcnyada, sevimli ikizler kar taneleriyle oynaman\u0131n tad\u0131n\u0131 \u00e7\u0131kard\u0131lar. Ancak, kar k\u0131sa s\u00fcrede etraf\u0131 \u00f6rt\u00fcnce her yer birbirine benzemeye ba\u015flad\u0131 ve ikizler evin yolunu kaybettiklerini anlad\u0131lar&#8230; Karlar alt\u0131ndaki bu ser\u00fcven, eve d\u00f6n\u00fc\u015f yolunu bulma hakk\u0131nda okurlar\u0131n kalplerini \u0131s\u0131tacak sevgi dolu bir \u00f6yk\u00fc anlat\u0131yor. <\/p>\n","protected":false},"excerpt":{"rendered":"<p>\u0130kiz geyik yavrular\u0131 G\u00fcm\u00fc\u015f ile I\u015f\u0131lt\u0131, o k\u0131\u015f ilk defa karla tan\u0131\u015ft\u0131lar. Beyaz \u00f6rt\u00fcyle kaplanan d\u00fcnyada, sevimli ikizler kar taneleriyle oynaman\u0131n tad\u0131n\u0131 \u00e7\u0131kard\u0131lar. Ancak, kar k\u0131sa<span class=\"excerpt-hellip\"> [\u2026]<\/span><\/p>\n","protected":false},"featured_media":0,"template":"","meta":{"_monsterinsights_skip_tracking":false,"_monsterinsights_sitenote_active":false,"_monsterinsights_sitenote_note":"","_monsterinsights_sitenote_category":0},"product_brand":[],"product_cat":[12274,12518],"product_tag":[],"class_list":{"0":"post-760091","1":"product","2":"type-product","3":"status-publish","5":"product_cat-cocuk-ve-genclik-kitaplari","6":"product_cat-okul-oncesi-kitaplar","7":"pa_cilt-ciltsiz","8":"pa_tur-kitap","9":"pa_yayinevi-is-bankasi-kultur-yayinlari","10":"pa_yazar-janet-bingham","12":"first","13":"instock","14":"sale","15":"shipping-taxable","16":"purchasable","17":"product-type-simple"},"_links":{"self":[{"href":"https:\/\/roveyayinevi.com.tr\/index.php\/wp-json\/wp\/v2\/product\/760091","targetHints":{"allow":["GET"]}}],"collection":[{"href":"https:\/\/roveyayinevi.com.tr\/index.php\/wp-json\/wp\/v2\/product"}],"about":[{"href":"https:\/\/roveyayinevi.com.tr\/index.php\/wp-json\/wp\/v2\/types\/product"}],"wp:attachment":[{"href":"https:\/\/roveyayinevi.com.tr\/index.php\/wp-json\/wp\/v2\/media?parent=760091"}],"wp:term":[{"taxonomy":"product_brand","embeddable":true,"href":"https:\/\/roveyayinevi.com.tr\/index.php\/wp-json\/wp\/v2\/product_brand?post=760091"},{"taxonomy":"product_cat","embeddable":true,"href":"https:\/\/roveyayinevi.com.tr\/index.php\/wp-json\/wp\/v2\/product_cat?post=760091"},{"taxonomy":"product_tag","embeddable":true,"href":"https:\/\/roveyayinevi.com.tr\/index.php\/wp-json\/wp\/v2\/product_tag?post=760091"}],"curies":[{"name":"wp","href":"https:\/\/api.w.org\/{rel}","templated":true}]}}